{"id":1108,"date":"2019-01-27T20:50:40","date_gmt":"2019-01-27T18:50:40","guid":{"rendered":"https:\/\/www.jt-line.fi\/eng\/?page_id=1108"},"modified":"2026-03-31T18:56:11","modified_gmt":"2026-03-31T15:56:11","slug":"timetable-vallisaari","status":"publish","type":"page","link":"https:\/\/www.jt-line.fi\/eng\/vallisaari\/timetable-vallisaari\/","title":{"rendered":"TIMETABLE &#038; TICKETS"},"content":{"rendered":"<h1>Vallisaari: timetable &amp; ticket fares 2026<\/h1>\n<p><strong>FIND MORE INFORMATION ABOUT VALLISAARI AS A DESTINATION <a href=\"https:\/\/www.jt-line.fi\/eng\/vallisaari\/\">HERE &gt;&gt;<\/a><\/strong><\/p>\n<p><img loading=\"lazy\" decoding=\"async\" class=\"alignnone size-full wp-image-4792\" src=\"https:\/\/www.jt-line.fi\/wp-content\/uploads\/Vallisaari-nettisivut-4.jpg\" alt=\"\" width=\"800\" height=\"300\" \/><br \/>\n<em>Picture: Visit Finland \/ Julia Kivel\u00e4<\/em><\/p>\n<hr \/>\n<h1>Travel tickets<\/h1>\n<p><strong>Tickets can be purchased in advance from the JT-Line online store. Tickets will go on sale on April 1, 2026<\/strong><\/p>\n<p>Payment methods include cash, Finnish bank cards and most common credit cards (Visa, Mastercard).<\/p>\n<p><b>SINGLE TICKETS (round trip):<\/b><\/p>\n<table style=\"height: 96px;\" border=\"0\" cellspacing=\"0\" cellpadding=\"0\">\n<tbody>\n<tr style=\"height: 24px;\">\n<td style=\"height: 24px;\" valign=\"top\">Adults:<\/td>\n<td style=\"text-align: center; height: 24px;\" valign=\"top\"><strong>9,80 \u20ac<\/strong><\/td>\n<\/tr>\n<tr style=\"height: 24px;\">\n<td style=\"height: 24px;\" valign=\"top\">Children (7-17 years):<\/td>\n<td style=\"text-align: center; height: 24px;\" valign=\"top\"><strong>6,80 \u20ac<\/strong><\/td>\n<\/tr>\n<tr style=\"height: 24px;\">\n<td style=\"height: 24px;\" valign=\"top\">Discount groups *:<\/td>\n<td style=\"text-align: center; height: 24px;\" valign=\"top\"><strong>6,80 \u20ac<\/strong><\/td>\n<\/tr>\n<\/tbody>\n<\/table>\n<p>*) Pensioners \/ students \/ conscripts \/ civilian service members \/ the unemployed<\/p>\n<p><strong>KAUSILIPUT (voimassa koko liikenn\u00f6intikauden 2026):<\/strong><\/p>\n<table border=\"0\" cellspacing=\"0\" cellpadding=\"0\">\n<tbody>\n<tr>\n<td valign=\"top\">Adults:<\/td>\n<td valign=\"top\"><strong>TBA\u00a0 \u00a0<\/strong><\/td>\n<\/tr>\n<tr>\n<td valign=\"top\">Children (7-17 years):<\/td>\n<td valign=\"top\"><strong>TBA\u00a0<\/strong><\/td>\n<\/tr>\n<tr>\n<td valign=\"top\">Discount groups *:<\/td>\n<td valign=\"top\"><strong>TBA\u00a0<\/strong><\/td>\n<\/tr>\n<\/tbody>\n<\/table>\n<p>*) Pensioners \/ students \/ conscripts \/ civilian service members \/ the unemployed<\/p>\n<p><strong>Things to note about travel tickets:<\/strong><\/p>\n<ul>\n<li>Kausiliput ovat henkil\u00f6kohtaisia: varauduthan todistamaan henkil\u00f6llisyytesi pyydett\u00e4ess\u00e4.<\/li>\n<li>Lastenlipulla matkustavat 7-17 -vuotiaat lapset. Alle 7-vuotiaat lapset matkustavat aikuisen seurassa veloituksetta ko. aikuisen lipulla.<\/li>\n<li>El\u00e4kel\u00e4islipulla matkustavat henkil\u00f6llisyystodistusta vastaan yli 70-vuotiaat, sek\u00e4 Kela-korttia vastaan henkil\u00f6t, joille on my\u00f6nnetty Kelan tai ty\u00f6el\u00e4kej\u00e4rjestelm\u00e4n mukainen t\u00e4ysi el\u00e4ke.<\/li>\n<li>Varusmiespalvelusta tai siviilipalvelua suorittava matkustaa yll\u00e4 mainitulla alennuslipulla asianmukaista todistusta vastaan (voimassa oleva varusmieskortti tai siviilipalvelutodistus)<\/li>\n<li>Ty\u00f6tt\u00f6mien lipulla matkustavan tulee esitt\u00e4\u00e4 asianmukainen todistus ty\u00f6tt\u00f6myydest\u00e4 (Kelan p\u00e4\u00e4t\u00f6s tai TE-keskuksen todistus tulostettuna tai mobiililaitteen n\u00e4yt\u00f6lt\u00e4).<\/li>\n<\/ul>\n<hr \/>\n<div align=\"left\">\n<h1>L\u00e4ht\u00f6laiturit<\/h1>\n<p>Vallisaaren vesibussi l\u00e4htee Kauppatorilta Kolera-altaan laiturista nro 10,<a href=\"https:\/\/maps.app.goo.gl\/58KGbb8Y3SbqSZr49\" target=\"_blank\" rel=\"noopener\">katso karttalinkki &gt;&gt;<\/a><br \/>\nVallisaaressa alus pys\u00e4htyy menomatkalla ensin\u00a0<a href=\"https:\/\/maps.app.goo.gl\/AQZNbXKJwnsNuCsu8\" target=\"_blank\" rel=\"noopener\">Luotsipihan laiturissa<\/a>, ja jatkaa siit\u00e4\u00a0<a href=\"https:\/\/maps.app.goo.gl\/S66vw1vsSvw5J4Bz9\" target=\"_blank\" rel=\"noopener\">Torpedolahden laituriin<\/a>. Ellei erikseen ole muuta sovittu, niin menomatkan matkustajat j\u00e4\u00e4v\u00e4t pois kyydist\u00e4 Luotsipihan laiturissa. Paluu l\u00e4htee vain Torpedonlahden laiturista.<\/p>\n<p><strong>Other things to note:<\/strong><\/p>\n<ul>\n<li>The ferry on this route is barrier-free and can be easily accessed via the gangway with both manual and electric wheelchairs. We recommend that wheelchair passengers disembark on the outward journey at the Torpedolahti pier.<\/li>\n<li>You can take strollers on the ferry.<\/li>\n<li>We do not transport bicycles.<\/li>\n<li>Dogs are welcome on board and on Vallisaari \/ Kuninkaansaari, but they must be kept on a leash.<\/li>\n<\/ul>\n<hr \/>\n<h1>Timetables<\/h1>\n<p><strong>Traffic starts 20.5.2026 | Traffic ends 12.9.2026<\/strong><\/p>\n<p><strong>TIMETABLE 20.-23.5.2026 and 27.-30.5.2026<\/strong><\/p>\n<ul>\n<li><span style=\"color: #000000;\">During 20.-30.5.2026 the route will be operated only on WED, THU, FRI &amp; SAT according to the timetable below.<\/span><\/li>\n<\/ul>\n<table style=\"border-collapse: collapse; width: 100%;\" border=\"1\">\n<tbody>\n<tr style=\"height: 23px;\">\n<td style=\"width: 33.3333%; height: 23px;\"><strong>From Helsinki Market Square<\/strong><\/td>\n<td style=\"width: 33.3333%; height: 23px;\"><a href=\"https:\/\/maps.app.goo.gl\/S66vw1vsSvw5J4Bz9\" target=\"_blank\" rel=\"noopener\"><strong>Vallisaaresta (Torpedolahdesta)<\/strong><\/a><\/td>\n<\/tr>\n<tr style=\"height: 23px;\">\n<td style=\"width: 33.3333%; height: 23px;\">10.00<\/td>\n<td style=\"width: 33.3333%; height: 23px;\"><\/td>\n<\/tr>\n<tr style=\"height: 23px;\">\n<td style=\"width: 33.3333%; height: 23px;\">11.00<\/td>\n<td style=\"width: 33.3333%; height: 23px;\">11.30<\/td>\n<\/tr>\n<tr style=\"height: 23px;\">\n<td style=\"width: 33.3333%; height: 23px;\">12.00<\/td>\n<td style=\"width: 33.3333%; height: 23px;\">12.30<\/td>\n<\/tr>\n<tr style=\"height: 23px;\">\n<td style=\"width: 33.3333%; height: 23px;\">13.00<\/td>\n<td style=\"width: 33.3333%; height: 23px;\">14.00<\/td>\n<\/tr>\n<tr style=\"height: 23px;\">\n<td style=\"width: 33.3333%; height: 23px;\">14.30<\/td>\n<td style=\"width: 33.3333%; height: 23px;\">15.00<\/td>\n<\/tr>\n<tr style=\"height: 23px;\">\n<td style=\"width: 33.3333%; height: 23px;\">15.30<\/td>\n<td style=\"width: 33.3333%; height: 23px;\">16.00<\/td>\n<\/tr>\n<tr style=\"height: 23px;\">\n<td style=\"width: 33.3333%; height: 23px;\">16.30<\/td>\n<td style=\"width: 33.3333%; height: 23px;\">17.00<\/td>\n<\/tr>\n<tr style=\"height: 23px;\">\n<td style=\"width: 33.3333%; height: 23px;\">17.30<\/td>\n<td style=\"width: 33.3333%; height: 23px;\">18.00<\/td>\n<\/tr>\n<\/tbody>\n<\/table>\n<hr \/>\n<p><strong>TIMETABLE 1.-18.6.2026<\/strong><\/p>\n<ul>\n<li><span style=\"color: #000000;\">The route will be operated every day 1.-18.6.2026.<\/span><\/li>\n<\/ul>\n<table style=\"border-collapse: collapse; width: 100%;\" border=\"1\">\n<tbody>\n<tr style=\"height: 23px;\">\n<td style=\"width: 33.3333%; height: 23px;\"><strong>From Helsinki Market Square<\/strong><\/td>\n<td style=\"width: 33.3333%; height: 23px;\"><a href=\"https:\/\/maps.app.goo.gl\/S66vw1vsSvw5J4Bz9\" target=\"_blank\" rel=\"noopener\"><strong>Vallisaaresta (Torpedolahdesta)<\/strong><\/a><\/td>\n<\/tr>\n<tr style=\"height: 23px;\">\n<td style=\"width: 33.3333%; height: 23px;\">10.00<\/td>\n<td style=\"width: 33.3333%; height: 23px;\"><\/td>\n<\/tr>\n<tr style=\"height: 23px;\">\n<td style=\"width: 33.3333%; height: 23px;\">11.00<\/td>\n<td style=\"width: 33.3333%; height: 23px;\">11.30<\/td>\n<\/tr>\n<tr style=\"height: 23px;\">\n<td style=\"width: 33.3333%; height: 23px;\">12.00<\/td>\n<td style=\"width: 33.3333%; height: 23px;\">12.30<\/td>\n<\/tr>\n<tr style=\"height: 23px;\">\n<td style=\"width: 33.3333%; height: 23px;\">13.00<\/td>\n<td style=\"width: 33.3333%; height: 23px;\">13.30<\/td>\n<\/tr>\n<tr style=\"height: 23px;\">\n<td style=\"width: 33.3333%; height: 23px;\">14.00<\/td>\n<td style=\"width: 33.3333%; height: 23px;\">15.00<\/td>\n<\/tr>\n<tr style=\"height: 23px;\">\n<td style=\"width: 33.3333%; height: 23px;\">15.30<\/td>\n<td style=\"width: 33.3333%; height: 23px;\">16.00<\/td>\n<\/tr>\n<tr style=\"height: 23px;\">\n<td style=\"width: 33.3333%; height: 23px;\">16.30<\/td>\n<td style=\"width: 33.3333%; height: 23px;\">17.00<\/td>\n<\/tr>\n<tr style=\"height: 23px;\">\n<td style=\"width: 33.3333%; height: 23px;\">17.30<\/td>\n<td style=\"width: 33.3333%; height: 23px;\">18.00<\/td>\n<\/tr>\n<tr style=\"height: 23px;\">\n<td style=\"width: 33.3333%; height: 23px;\">18.30<\/td>\n<td style=\"width: 33.3333%; height: 23px;\">19.00<\/td>\n<\/tr>\n<tr style=\"height: 23px;\">\n<td style=\"width: 33.3333%; height: 23px;\">19.30 *<\/td>\n<td style=\"width: 33.3333%; height: 23px;\">20.00 *<\/td>\n<\/tr>\n<\/tbody>\n<\/table>\n<p>*) Operates only on Fridays and Saturdays<\/p>\n<hr \/>\n<p><strong>TIMETABLE 19.6.-2.8.2026<\/strong><\/p>\n<ul>\n<li><span style=\"color: #000000;\">The route will be operated every day 19.6.-2.8.2026.<\/span><\/li>\n<\/ul>\n<table style=\"border-collapse: collapse; width: 100%;\" border=\"1\">\n<tbody>\n<tr style=\"height: 23px;\">\n<td style=\"width: 33.3333%; height: 23px;\"><strong>From Helsinki Market Square<\/strong><\/td>\n<td style=\"width: 33.3333%; height: 23px;\"><a href=\"https:\/\/maps.app.goo.gl\/S66vw1vsSvw5J4Bz9\" target=\"_blank\" rel=\"noopener\"><strong>Vallisaaresta (Torpedolahdesta)<\/strong><\/a><\/td>\n<\/tr>\n<tr style=\"height: 23px;\">\n<td style=\"width: 33.3333%; height: 23px;\">10.00<\/td>\n<td style=\"width: 33.3333%; height: 23px;\"><\/td>\n<\/tr>\n<tr style=\"height: 23px;\">\n<td style=\"width: 33.3333%; height: 23px;\">11.00<\/td>\n<td style=\"width: 33.3333%; height: 23px;\">11.30<\/td>\n<\/tr>\n<tr style=\"height: 23px;\">\n<td style=\"width: 33.3333%; height: 23px;\">12.00<\/td>\n<td style=\"width: 33.3333%; height: 23px;\">12.30<\/td>\n<\/tr>\n<tr style=\"height: 23px;\">\n<td style=\"width: 33.3333%; height: 23px;\">13.00<\/td>\n<td style=\"width: 33.3333%; height: 23px;\">13.30<\/td>\n<\/tr>\n<tr style=\"height: 23px;\">\n<td style=\"width: 33.3333%; height: 23px;\">14.00<\/td>\n<td style=\"width: 33.3333%; height: 23px;\">15.00<\/td>\n<\/tr>\n<tr style=\"height: 23px;\">\n<td style=\"width: 33.3333%; height: 23px;\">15.30<\/td>\n<td style=\"width: 33.3333%; height: 23px;\">16.00<\/td>\n<\/tr>\n<tr style=\"height: 23px;\">\n<td style=\"width: 33.3333%; height: 23px;\">16.30<\/td>\n<td style=\"width: 33.3333%; height: 23px;\">17.00<\/td>\n<\/tr>\n<tr style=\"height: 23px;\">\n<td style=\"width: 33.3333%; height: 23px;\">17.30<\/td>\n<td style=\"width: 33.3333%; height: 23px;\">18.00<\/td>\n<\/tr>\n<tr style=\"height: 23px;\">\n<td style=\"width: 33.3333%; height: 23px;\">18.30<\/td>\n<td style=\"width: 33.3333%; height: 23px;\">19.00<\/td>\n<\/tr>\n<tr style=\"height: 23px;\">\n<td style=\"width: 33.3333%; height: 23px;\">19.30 *<\/td>\n<td style=\"width: 33.3333%; height: 23px;\">20.00 *<\/td>\n<\/tr>\n<tr style=\"height: 23px;\">\n<td style=\"width: 33.3333%; height: 23px;\">20.30 *<\/td>\n<td style=\"width: 33.3333%; height: 23px;\">21.00 *<\/td>\n<\/tr>\n<tr style=\"height: 23px;\">\n<td style=\"width: 33.3333%; height: 23px;\"><\/td>\n<td style=\"width: 33.3333%; height: 23px;\">22.00 *<\/td>\n<\/tr>\n<\/tbody>\n<\/table>\n<p>*) Operates only on Wednesdays, Thursdays, Fridays and Saturdays<\/p>\n<hr \/>\n<\/div>\n<p><strong>TIMETABLE 3.-31.8.2026<\/strong><\/p>\n<ul>\n<li><span style=\"color: #000000;\">The route will be operated every day 3.-31.8.2026.<\/span><\/li>\n<\/ul>\n<table style=\"border-collapse: collapse; width: 100%;\" border=\"1\">\n<tbody>\n<tr style=\"height: 23px;\">\n<td style=\"width: 33.3333%; height: 23px;\"><strong>From Helsinki Market Square<\/strong><\/td>\n<td style=\"width: 33.3333%; height: 23px;\"><a href=\"https:\/\/maps.app.goo.gl\/S66vw1vsSvw5J4Bz9\" target=\"_blank\" rel=\"noopener\"><strong>Vallisaaresta (Torpedolahdesta)<\/strong><\/a><\/td>\n<\/tr>\n<tr style=\"height: 23px;\">\n<td style=\"width: 33.3333%; height: 23px;\">10.00<\/td>\n<td style=\"width: 33.3333%; height: 23px;\"><\/td>\n<\/tr>\n<tr style=\"height: 23px;\">\n<td style=\"width: 33.3333%; height: 23px;\">11.00<\/td>\n<td style=\"width: 33.3333%; height: 23px;\">11.30<\/td>\n<\/tr>\n<tr style=\"height: 23px;\">\n<td style=\"width: 33.3333%; height: 23px;\">12.00<\/td>\n<td style=\"width: 33.3333%; height: 23px;\">12.30<\/td>\n<\/tr>\n<tr style=\"height: 23px;\">\n<td style=\"width: 33.3333%; height: 23px;\">13.00<\/td>\n<td style=\"width: 33.3333%; height: 23px;\">13.30<\/td>\n<\/tr>\n<tr style=\"height: 23px;\">\n<td style=\"width: 33.3333%; height: 23px;\">14.00<\/td>\n<td style=\"width: 33.3333%; height: 23px;\">15.00<\/td>\n<\/tr>\n<tr style=\"height: 23px;\">\n<td style=\"width: 33.3333%; height: 23px;\">15.30<\/td>\n<td style=\"width: 33.3333%; height: 23px;\">16.00<\/td>\n<\/tr>\n<tr style=\"height: 23px;\">\n<td style=\"width: 33.3333%; height: 23px;\">16.30<\/td>\n<td style=\"width: 33.3333%; height: 23px;\">17.00<\/td>\n<\/tr>\n<tr style=\"height: 23px;\">\n<td style=\"width: 33.3333%; height: 23px;\">17.30<\/td>\n<td style=\"width: 33.3333%; height: 23px;\">18.00<\/td>\n<\/tr>\n<tr style=\"height: 23px;\">\n<td style=\"width: 33.3333%; height: 23px;\">18.30<\/td>\n<td style=\"width: 33.3333%; height: 23px;\">19.00<\/td>\n<\/tr>\n<tr style=\"height: 23px;\">\n<td style=\"width: 33.3333%; height: 23px;\">19.30 *<\/td>\n<td style=\"width: 33.3333%; height: 23px;\">20.00 *<\/td>\n<\/tr>\n<tr style=\"height: 23px;\">\n<td style=\"width: 33.3333%; height: 23px;\"><\/td>\n<td style=\"width: 33.3333%; height: 23px;\">21.00 **<\/td>\n<\/tr>\n<\/tbody>\n<\/table>\n<p>*) Operates only on Fridays and Saturdays<br \/>\n**) In addition, on Thu-Sat 6.-8.8.2026, there will be an extra return departure from the theatre at 21.00 from Vallisaari to Kauppatori.<\/p>\n<div align=\"left\">\n<hr \/>\n<p><strong>TIMETABLE 1.-13.9.2026<\/strong><\/p>\n<ul>\n<li><span style=\"color: #000000;\">During 1.-13.9.2026 the route will be operated only on WED, THU, FRI &amp; SAT according to the timetable below.<\/span><\/li>\n<\/ul>\n<table style=\"border-collapse: collapse; width: 100%;\" border=\"1\">\n<tbody>\n<tr style=\"height: 23px;\">\n<td style=\"width: 33.3333%; height: 23px;\"><strong>From Helsinki Market Square<\/strong><\/td>\n<td style=\"width: 33.3333%; height: 23px;\"><a href=\"https:\/\/maps.app.goo.gl\/S66vw1vsSvw5J4Bz9\" target=\"_blank\" rel=\"noopener\"><strong>Vallisaaresta (Torpedolahdesta)<\/strong><\/a><\/td>\n<\/tr>\n<tr style=\"height: 23px;\">\n<td style=\"width: 33.3333%; height: 23px;\">10.00<\/td>\n<td style=\"width: 33.3333%; height: 23px;\"><\/td>\n<\/tr>\n<tr style=\"height: 23px;\">\n<td style=\"width: 33.3333%; height: 23px;\">11.00<\/td>\n<td style=\"width: 33.3333%; height: 23px;\">11.30<\/td>\n<\/tr>\n<tr style=\"height: 23px;\">\n<td style=\"width: 33.3333%; height: 23px;\">12.00<\/td>\n<td style=\"width: 33.3333%; height: 23px;\">12.30<\/td>\n<\/tr>\n<tr style=\"height: 23px;\">\n<td style=\"width: 33.3333%; height: 23px;\">13.00<\/td>\n<td style=\"width: 33.3333%; height: 23px;\">14.00<\/td>\n<\/tr>\n<tr style=\"height: 23px;\">\n<td style=\"width: 33.3333%; height: 23px;\">14.30<\/td>\n<td style=\"width: 33.3333%; height: 23px;\">15.00<\/td>\n<\/tr>\n<tr style=\"height: 23px;\">\n<td style=\"width: 33.3333%; height: 23px;\">15.30<\/td>\n<td style=\"width: 33.3333%; height: 23px;\">16.00<\/td>\n<\/tr>\n<tr style=\"height: 23px;\">\n<td style=\"width: 33.3333%; height: 23px;\">16.30<\/td>\n<td style=\"width: 33.3333%; height: 23px;\">17.00<\/td>\n<\/tr>\n<tr style=\"height: 23px;\">\n<td style=\"width: 33.3333%; height: 23px;\">17.30<\/td>\n<td style=\"width: 33.3333%; height: 23px;\">18.00<\/td>\n<\/tr>\n<\/tbody>\n<\/table>\n<p><img loading=\"lazy\" decoding=\"async\" class=\"alignnone size-full wp-image-4797\" src=\"https:\/\/www.jt-line.fi\/wp-content\/uploads\/Vallisaari-nettisivut-6.jpg\" alt=\"\" width=\"800\" height=\"300\" \/><br \/>\n<em>Picture: Mets\u00e4hallitus LP \/ Katri Lehtola<\/em><\/p>\n<hr \/>\n<p>Preserving the unique nature of our archipelago is important to us, and our vessel operating on this route is solely fuelled with renewable fuel oil. As pioneers we want to take part in developing low-emission solutions. By using renewable fuel oil we reduce our carbon footprint on the route in question by up to 90% compared to fossil fuels.<\/p>\n<p>We recommend arriving at the Market Square by public transport, if possible. You can find more information in\u00a0<a href=\"https:\/\/www.hsl.fi\/en\" target=\"_blank\" rel=\"noopener\">HSL\u2019s Journey Planner &gt;&gt;<\/a><\/p>\n<p><a href=\"https:\/\/www.visitfinland.com\/sustainable-finland\/sustainable-travel-destinations\/\" target=\"_blank\" rel=\"noopener noreferrer\"><img decoding=\"async\" class=\"alignnone size-medium wp-image-1601\" src=\"https:\/\/www.jt-line.fi\/wp-content\/uploads\/STF_web_JT-Line.jpg\" alt=\"Sustainable-Travel-Finland-logo\" width=\"250\" height=\"*\" srcset=\"https:\/\/www.jt-line.fi\/eng\/wp-content\/uploads\/sites\/4\/STF_web_JT-Line.jpg 689w, https:\/\/www.jt-line.fi\/eng\/wp-content\/uploads\/sites\/4\/STF_web_JT-Line-300x103.jpg 300w\" sizes=\"(max-width: 689px) 100vw, 689px\" \/><\/a>\u00a0 \u00a0 <a href=\"https:\/\/ekokompassi.fi\/briefly-in-english\/\" target=\"_blank\" rel=\"noopener noreferrer\"><img decoding=\"async\" class=\"alignnone size-medium wp-image-1600\" src=\"https:\/\/www.jt-line.fi\/eng\/wp-content\/uploads\/sites\/4\/Ekokompassi_web_JT-Line_en.png\" alt=\"Eco-Compass-logo\" width=\"250\" height=\"*\" srcset=\"https:\/\/www.jt-line.fi\/eng\/wp-content\/uploads\/sites\/4\/Ekokompassi_web_JT-Line_en.png 972w, https:\/\/www.jt-line.fi\/eng\/wp-content\/uploads\/sites\/4\/Ekokompassi_web_JT-Line_en-300x109.png 300w, https:\/\/www.jt-line.fi\/eng\/wp-content\/uploads\/sites\/4\/Ekokompassi_web_JT-Line_en-800x291.png 800w, https:\/\/www.jt-line.fi\/eng\/wp-content\/uploads\/sites\/4\/Ekokompassi_web_JT-Line_en-768x280.png 768w\" sizes=\"(max-width: 972px) 100vw, 972px\" \/><\/a>\u00a0 \u00a0 <img decoding=\"async\" class=\"alignnone size-full wp-image-4029\" src=\"https:\/\/www.jt-line.fi\/wp-content\/uploads\/POWERED-BY-JT-LINE.png\" alt=\"\" width=\"200\" height=\"*\" \/><\/p>\n<\/div>\n","protected":false},"excerpt":{"rendered":"<p>Vallisaari: timetable &amp; ticket fares 2026 FIND MORE INFORMATION ABOUT VALLISAARI AS A DESTINATION HERE &gt;&gt; Picture: Visit Finland \/ Julia Kivel\u00e4 Travel tickets Tickets can be purchased in advance from the JT-Line online store. Tickets will go on sale on April 1, 2026 Payment methods include cash, Finnish bank cards and most common credit&#8230;<\/p>\n","protected":false},"author":2,"featured_media":0,"parent":1691,"menu_order":2,"comment_status":"closed","ping_status":"closed","template":"","meta":{"footnotes":""},"class_list":["post-1108","page","type-page","status-publish","hentry"],"yoast_head":"<!-- This site is optimized with the Yoast SEO plugin v27.4 - https:\/\/yoast.com\/product\/yoast-seo-wordpress\/ -->\n<title>TIMETABLE &amp; TICKETS - JT-Line in english<\/title>\n<meta name=\"robots\" content=\"index, follow, max-snippet:-1, max-image-preview:large, max-video-preview:-1\" \/>\n<link rel=\"canonical\" href=\"https:\/\/www.jt-line.fi\/eng\/vallisaari\/timetable-vallisaari\/\" \/>\n<meta property=\"og:locale\" content=\"en_GB\" \/>\n<meta property=\"og:type\" content=\"article\" \/>\n<meta property=\"og:title\" content=\"TIMETABLE &amp; TICKETS - JT-Line in english\" \/>\n<meta property=\"og:description\" content=\"Vallisaari: timetable &amp; ticket fares 2026 FIND MORE INFORMATION ABOUT VALLISAARI AS A DESTINATION HERE &gt;&gt; Picture: Visit Finland \/ Julia Kivel\u00e4 Travel tickets Tickets can be purchased in advance from the JT-Line online store. Tickets will go on sale on April 1, 2026 Payment methods include cash, Finnish bank cards and most common credit...\" \/>\n<meta property=\"og:url\" content=\"https:\/\/www.jt-line.fi\/eng\/vallisaari\/timetable-vallisaari\/\" \/>\n<meta property=\"og:site_name\" content=\"JT-Line in english\" \/>\n<meta property=\"article:modified_time\" content=\"2026-03-31T15:56:11+00:00\" \/>\n<meta name=\"twitter:card\" content=\"summary_large_image\" \/>\n<meta name=\"twitter:label1\" content=\"Estimated reading time\" \/>\n\t<meta name=\"twitter:data1\" content=\"4 minutes\" \/>\n<script type=\"application\/ld+json\" class=\"yoast-schema-graph\">{\"@context\":\"https:\\\/\\\/schema.org\",\"@graph\":[{\"@type\":\"WebPage\",\"@id\":\"https:\\\/\\\/www.jt-line.fi\\\/eng\\\/vallisaari\\\/timetable-vallisaari\\\/\",\"url\":\"https:\\\/\\\/www.jt-line.fi\\\/eng\\\/vallisaari\\\/timetable-vallisaari\\\/\",\"name\":\"TIMETABLE & TICKETS - JT-Line in english\",\"isPartOf\":{\"@id\":\"https:\\\/\\\/www.jt-line.fi\\\/eng\\\/#website\"},\"primaryImageOfPage\":{\"@id\":\"https:\\\/\\\/www.jt-line.fi\\\/eng\\\/vallisaari\\\/timetable-vallisaari\\\/#primaryimage\"},\"image\":{\"@id\":\"https:\\\/\\\/www.jt-line.fi\\\/eng\\\/vallisaari\\\/timetable-vallisaari\\\/#primaryimage\"},\"thumbnailUrl\":\"https:\\\/\\\/www.jt-line.fi\\\/wp-content\\\/uploads\\\/Vallisaari-nettisivut-4.jpg\",\"datePublished\":\"2019-01-27T18:50:40+00:00\",\"dateModified\":\"2026-03-31T15:56:11+00:00\",\"breadcrumb\":{\"@id\":\"https:\\\/\\\/www.jt-line.fi\\\/eng\\\/vallisaari\\\/timetable-vallisaari\\\/#breadcrumb\"},\"inLanguage\":\"en-GB\",\"potentialAction\":[{\"@type\":\"ReadAction\",\"target\":[\"https:\\\/\\\/www.jt-line.fi\\\/eng\\\/vallisaari\\\/timetable-vallisaari\\\/\"]}]},{\"@type\":\"ImageObject\",\"inLanguage\":\"en-GB\",\"@id\":\"https:\\\/\\\/www.jt-line.fi\\\/eng\\\/vallisaari\\\/timetable-vallisaari\\\/#primaryimage\",\"url\":\"https:\\\/\\\/www.jt-line.fi\\\/wp-content\\\/uploads\\\/Vallisaari-nettisivut-4.jpg\",\"contentUrl\":\"https:\\\/\\\/www.jt-line.fi\\\/wp-content\\\/uploads\\\/Vallisaari-nettisivut-4.jpg\"},{\"@type\":\"BreadcrumbList\",\"@id\":\"https:\\\/\\\/www.jt-line.fi\\\/eng\\\/vallisaari\\\/timetable-vallisaari\\\/#breadcrumb\",\"itemListElement\":[{\"@type\":\"ListItem\",\"position\":1,\"name\":\"Home\",\"item\":\"https:\\\/\\\/www.jt-line.fi\\\/eng\\\/\"},{\"@type\":\"ListItem\",\"position\":2,\"name\":\"Vallisaari\",\"item\":\"https:\\\/\\\/www.jt-line.fi\\\/eng\\\/vallisaari\\\/\"},{\"@type\":\"ListItem\",\"position\":3,\"name\":\"TIMETABLE &#038; TICKETS\"}]},{\"@type\":\"WebSite\",\"@id\":\"https:\\\/\\\/www.jt-line.fi\\\/eng\\\/#website\",\"url\":\"https:\\\/\\\/www.jt-line.fi\\\/eng\\\/\",\"name\":\"JT-Line in english\",\"description\":\"waterbusses - Suomenlinna\",\"potentialAction\":[{\"@type\":\"SearchAction\",\"target\":{\"@type\":\"EntryPoint\",\"urlTemplate\":\"https:\\\/\\\/www.jt-line.fi\\\/eng\\\/?s={search_term_string}\"},\"query-input\":{\"@type\":\"PropertyValueSpecification\",\"valueRequired\":true,\"valueName\":\"search_term_string\"}}],\"inLanguage\":\"en-GB\"}]}<\/script>\n<!-- \/ Yoast SEO plugin. -->","yoast_head_json":{"title":"TIMETABLE & TICKETS - JT-Line in english","robots":{"index":"index","follow":"follow","max-snippet":"max-snippet:-1","max-image-preview":"max-image-preview:large","max-video-preview":"max-video-preview:-1"},"canonical":"https:\/\/www.jt-line.fi\/eng\/vallisaari\/timetable-vallisaari\/","og_locale":"en_GB","og_type":"article","og_title":"TIMETABLE & TICKETS - JT-Line in english","og_description":"Vallisaari: timetable &amp; ticket fares 2026 FIND MORE INFORMATION ABOUT VALLISAARI AS A DESTINATION HERE &gt;&gt; Picture: Visit Finland \/ Julia Kivel\u00e4 Travel tickets Tickets can be purchased in advance from the JT-Line online store. Tickets will go on sale on April 1, 2026 Payment methods include cash, Finnish bank cards and most common credit...","og_url":"https:\/\/www.jt-line.fi\/eng\/vallisaari\/timetable-vallisaari\/","og_site_name":"JT-Line in english","article_modified_time":"2026-03-31T15:56:11+00:00","twitter_card":"summary_large_image","twitter_misc":{"Estimated reading time":"4 minutes"},"schema":{"@context":"https:\/\/schema.org","@graph":[{"@type":"WebPage","@id":"https:\/\/www.jt-line.fi\/eng\/vallisaari\/timetable-vallisaari\/","url":"https:\/\/www.jt-line.fi\/eng\/vallisaari\/timetable-vallisaari\/","name":"TIMETABLE & TICKETS - JT-Line in english","isPartOf":{"@id":"https:\/\/www.jt-line.fi\/eng\/#website"},"primaryImageOfPage":{"@id":"https:\/\/www.jt-line.fi\/eng\/vallisaari\/timetable-vallisaari\/#primaryimage"},"image":{"@id":"https:\/\/www.jt-line.fi\/eng\/vallisaari\/timetable-vallisaari\/#primaryimage"},"thumbnailUrl":"https:\/\/www.jt-line.fi\/wp-content\/uploads\/Vallisaari-nettisivut-4.jpg","datePublished":"2019-01-27T18:50:40+00:00","dateModified":"2026-03-31T15:56:11+00:00","breadcrumb":{"@id":"https:\/\/www.jt-line.fi\/eng\/vallisaari\/timetable-vallisaari\/#breadcrumb"},"inLanguage":"en-GB","potentialAction":[{"@type":"ReadAction","target":["https:\/\/www.jt-line.fi\/eng\/vallisaari\/timetable-vallisaari\/"]}]},{"@type":"ImageObject","inLanguage":"en-GB","@id":"https:\/\/www.jt-line.fi\/eng\/vallisaari\/timetable-vallisaari\/#primaryimage","url":"https:\/\/www.jt-line.fi\/wp-content\/uploads\/Vallisaari-nettisivut-4.jpg","contentUrl":"https:\/\/www.jt-line.fi\/wp-content\/uploads\/Vallisaari-nettisivut-4.jpg"},{"@type":"BreadcrumbList","@id":"https:\/\/www.jt-line.fi\/eng\/vallisaari\/timetable-vallisaari\/#breadcrumb","itemListElement":[{"@type":"ListItem","position":1,"name":"Home","item":"https:\/\/www.jt-line.fi\/eng\/"},{"@type":"ListItem","position":2,"name":"Vallisaari","item":"https:\/\/www.jt-line.fi\/eng\/vallisaari\/"},{"@type":"ListItem","position":3,"name":"TIMETABLE &#038; TICKETS"}]},{"@type":"WebSite","@id":"https:\/\/www.jt-line.fi\/eng\/#website","url":"https:\/\/www.jt-line.fi\/eng\/","name":"JT-Line in english","description":"waterbusses - Suomenlinna","potentialAction":[{"@type":"SearchAction","target":{"@type":"EntryPoint","urlTemplate":"https:\/\/www.jt-line.fi\/eng\/?s={search_term_string}"},"query-input":{"@type":"PropertyValueSpecification","valueRequired":true,"valueName":"search_term_string"}}],"inLanguage":"en-GB"}]}},"_links":{"self":[{"href":"https:\/\/www.jt-line.fi\/eng\/wp-json\/wp\/v2\/pages\/1108","targetHints":{"allow":["GET"]}}],"collection":[{"href":"https:\/\/www.jt-line.fi\/eng\/wp-json\/wp\/v2\/pages"}],"about":[{"href":"https:\/\/www.jt-line.fi\/eng\/wp-json\/wp\/v2\/types\/page"}],"author":[{"embeddable":true,"href":"https:\/\/www.jt-line.fi\/eng\/wp-json\/wp\/v2\/users\/2"}],"replies":[{"embeddable":true,"href":"https:\/\/www.jt-line.fi\/eng\/wp-json\/wp\/v2\/comments?post=1108"}],"version-history":[{"count":19,"href":"https:\/\/www.jt-line.fi\/eng\/wp-json\/wp\/v2\/pages\/1108\/revisions"}],"predecessor-version":[{"id":2501,"href":"https:\/\/www.jt-line.fi\/eng\/wp-json\/wp\/v2\/pages\/1108\/revisions\/2501"}],"up":[{"embeddable":true,"href":"https:\/\/www.jt-line.fi\/eng\/wp-json\/wp\/v2\/pages\/1691"}],"wp:attachment":[{"href":"https:\/\/www.jt-line.fi\/eng\/wp-json\/wp\/v2\/media?parent=1108"}],"curies":[{"name":"wp","href":"https:\/\/api.w.org\/{rel}","templated":true}]}}