{"id":1691,"date":"2021-04-20T08:56:48","date_gmt":"2021-04-20T05:56:48","guid":{"rendered":"https:\/\/www.jt-line.fi\/eng\/?page_id=1691"},"modified":"2026-04-01T13:47:36","modified_gmt":"2026-04-01T10:47:36","slug":"vallisaari","status":"publish","type":"page","link":"https:\/\/www.jt-line.fi\/eng\/vallisaari\/","title":{"rendered":"Vallisaari"},"content":{"rendered":"<h1>Vallisaari<\/h1>\n<p><strong>YOU CAN FIND THE TIMETABLE &amp; TICKET FARES <a href=\"https:\/\/www.jt-line.fi\/eng\/vallisaari\/timetable-vallisaari\/\">HERE &gt;&gt;<\/a><\/strong><\/p>\n<p><strong>Vuonna 2016 yleis\u00f6lle avattu Vallisaari\u00a0 on vakiinnuttanut paikkansa merellisen Helsingin yhten\u00e4 suosikkikohteista!<\/strong><br \/>\nSe sijaitsee vain 20 minuutin vesibussimatkan p\u00e4\u00e4ss\u00e4 Kauppatorilta, Suomenlinnan naapurissa. Vallisaaresta p\u00e4\u00e4see my\u00f6s Kuninkaansaareen saaria yhdist\u00e4v\u00e4\u00e4 kivipengertiet\u00e4 pitkin. Vallisaaren ja Kuninkaansaaren upea luonto ja monipuoliset palvelut sek\u00e4 sotahistorialliset n\u00e4ht\u00e4vyydet houkuttelevat k\u00e4vij\u00f6it\u00e4 aina kev\u00e4\u00e4st\u00e4 syksyyn. <strong>Vallisaaren palveluista l\u00f6ytyy lis\u00e4tietoja <a href=\"https:\/\/vallisaari.fi\/fi_FI\/kavijoille\" target=\"_blank\" rel=\"noopener\">t\u00e4\u00e4lt\u00e4 &gt;&gt;<\/a><\/strong><\/p>\n<p><strong>Vallisaari p\u00e4hkin\u00e4nkuoressa:<\/strong><\/p>\n<ul>\n<li><span class=\"text-style-bodym inline-block align-middle text-primary-black\">Helsingin saariston monipuolisin luonto<\/span><\/li>\n<li>Tuhat perhoslajia, yli 400 kasvilajia ja viisi rauhoitettua lepakkolajia<\/li>\n<li>Hyvin s\u00e4ilynytt\u00e4 rannikkopuolustuksen historiaa<\/li>\n<li>Kulttuurihistoriallisesti merkitt\u00e4v\u00e4 Aleksanterinpatteri<\/li>\n<li>Vallisaaren ja Kuninkaansaaren yhdist\u00e4v\u00e4 kivipengertie<\/li>\n<li>JT-Linen vesibussin kyydiss\u00e4 Kauppatorilta vain 20 minuutissa<\/li>\n<\/ul>\n<p><img loading=\"lazy\" decoding=\"async\" class=\"alignnone size-full wp-image-4795\" src=\"https:\/\/www.jt-line.fi\/wp-content\/uploads\/Vallisaari-nettisivut-5.jpg\" alt=\"\" width=\"800\" height=\"300\" \/><br \/>\n<em>Kuva: Mets\u00e4hallitus LP \/ Katri Lehtola<\/em><\/p>\n<hr \/>\n<p><strong>Luontoa &amp; historiaa<\/strong><\/p>\n<p>Vallisaari ja Kuninkaansaari ovat erinomainen Helsingin l\u00e4hiulkoilukohde. Kiert\u00e4m\u00e4ll\u00e4 saarten reitit voit samalla tutustua saarten ainutlaatuiseen luontoon ja historiaan. Lis\u00e4tietoja reiteist\u00e4 l\u00f6ytyy <a href=\"https:\/\/www.luontoon.fi\/fi\/kohteet\/vallisaari\/aktiviteetit-ja-reitit\/retkeily-ja-ulkoilu\" target=\"_blank\" rel=\"noopener\">t\u00e4\u00e4lt\u00e4 &gt;&gt;<\/a><\/p>\n<p><strong>Monipuoliset palvelut<\/strong><\/p>\n<p>Vallisaaressa toimii kahviloita ja konttiravintoloita, joista saaren k\u00e4vij\u00e4t l\u00f6yt\u00e4v\u00e4t varmasti omaan makuunsa sopivat purtavat ja juotavat. My\u00f6s Vallisaaren ja Kuninkaansaaren reiteill\u00e4 on monipuoliset palvelut p\u00e4iv\u00e4retkeilij\u00e4lle. Alueella on mm. vesipisteit\u00e4, WC:t, kuivak\u00e4ym\u00e4l\u00f6it\u00e4 ja piknikp\u00f6yti\u00e4. Lis\u00e4tietoja saat <a href=\"https:\/\/www.luontoon.fi\/fi\/kohteet\/vallisaari\/palvelut\/retkeilyrakenteet\" target=\"_blank\" rel=\"noopener\">reittikartasta &gt;&gt;.<\/a><\/p>\n<p>Reittikartasta l\u00f6ytyy tietoja my\u00f6s Vallisaaren estett\u00f6myydest\u00e4. Kannattaa huomioida, ett\u00e4 alueella ei ole tulentekopaikkaa. Tulenteko on Vallisaaressa ja Kuninkaansaaressa kokonaan kielletty.<\/p>\n<p><strong>Kuninkaansaaressa p\u00e4\u00e4see my\u00f6s uimaan!<\/strong><\/p>\n<p>Vallisaaren lammessa ei saa uida, eik\u00e4 my\u00f6sk\u00e4\u00e4n kallioilta saa laskeutua mereen uimaan turvallisuussyist\u00e4. Uimaan p\u00e4\u00e4see Kuninkaansaaren it\u00e4puolella sijaitsevalla <a href=\"https:\/\/maps.app.goo.gl\/ct4sj1EwvL7x7umg9\" target=\"_blank\" rel=\"noopener\">hiekkapoukamalla<\/a>.\u00a0Poukama ei kuitenkaan ole virallinen uimaranta, eik\u00e4 sit\u00e4 ole valvottu tai muuten huollettu. Lis\u00e4ksi tulee huomioida, ett\u00e4 heti vastarannalla on Santahaminan sotilasalue, joka kuuluu merivoimien suoja-alueisiin ja jonne on 100 metrin l\u00e4hestymiskielto.<\/p>\n<hr \/>\n<h1>History of Vallisaari<\/h1>\n<p><strong>The Swedish reign<\/strong><\/p>\n<p>In the Middle Ages, Vallisaari was known by the name of Lampisaari (&#8220;Pond Island&#8221;), as seafarers replenished their drinking water supplies from the ponds in this island. An urban lifestyle was unheard of at the time; it was not until the 1550s that Helsinki was founded. It is possible that a small fortification was built on the island simultaneously with Helsinki&#8217;s foundation. However, the earliest attested information on the fortifications date back to the 17th century, a period when the island acquired its present name, Vallisaari (&#8220;Embankment Island&#8221;).<\/p>\n<p>By the middle of the next century, the decision on the construction of a massive sea fortress off Helsinki \u2013 at the time, a hamlet of 1,500 inhabitants \u2013 was taken. Augustin Ehrensv\u00e4rd, a young artillery officer, drafted the plans, with the construction beginning in 1748. On a neighbouring island, which is today known by the name of Suomenlinna, a formidable fortress was built, known at the time in Finnish as &#8220;Viapori&#8221; and referred to as the &#8220;Gibraltar of Finland&#8221;.<\/p>\n<p>While a small redoubt was built on Vallisaari, the island remained otherwise unfortified. This gave raise to harsh criticism directed at Ehrensv\u00e4rd. With cattle grazing in Vallisaari, the island served as a supply point for Viapori. The trees on the island were cut down for firewood.<\/p>\n<p>In the 18th century, Vallisaari also became a base for pilots. The pilots lived in their cabins at the north-western tip of the island, next to the Kustaanmiekka strait, the route taken by arriving ships. The pilots and other inhabitants of the island were a headache for law enforcement. Distilling of alcohol and a tavern on the island caused the people to forget work on occasion. The inhabitants were also suspected of smuggling and serving illegal alcohol.<\/p>\n<p><img loading=\"lazy\" decoding=\"async\" class=\"alignnone size-full wp-image-4801\" src=\"https:\/\/www.jt-line.fi\/wp-content\/uploads\/Vallisaari-nettisivut-8.jpg\" alt=\"\" width=\"800\" height=\"300\" \/><br \/>\n<em>Picture: Mets\u00e4hallitus LP \/ Katri Lehtola<\/em><\/p>\n<hr \/>\n<p><strong>The Russian reign<\/strong><\/p>\n<p class=\"!text-style-bodym mb-4 text-primary-black last:mb-0\">Vallisaaren linnoittamisen laiminly\u00f6nti kostautui vuonna 1808, kun Ruotsi ja Ven\u00e4j\u00e4 olivat ajautuneet sotaan ja ven\u00e4l\u00e4iset piirittiv\u00e4t Viaporia. Ven\u00e4l\u00e4iset sijoittivat Vallisaareen kymmenitt\u00e4in tykkej\u00e4 \u2013 pystyih\u00e4n saaren korkeilta kukkuloilta ampumaan suoraan Viaporiin. Viapori antautui pian ven\u00e4l\u00e4isjoukoille. Ruotsi menetti Suomen, ja Suomesta tuli itsehallinnollinen osa Ven\u00e4j\u00e4n keisarikuntaa.<\/p>\n<p class=\"!text-style-bodym mb-4 text-primary-black last:mb-0\">Vallisaarta kutsuttiin nyt keisarin kunniaksi Aleksanterinsaareksi. Koitti linnoittamisen kukoistuskausi. Viapori oli t\u00e4rke\u00e4 osa keisarikunnan p\u00e4\u00e4kaupungin, Pietarin, puolustusta. Ven\u00e4l\u00e4iset alkoivat suunnitella my\u00f6s Vallisaaren kehitt\u00e4mist\u00e4. Vasta vuonna 1853 alkanut Krimin sota Ven\u00e4j\u00e4n sek\u00e4 Osmanivaltakunnan, Britannian, Ranskan ja Sardinian muodostaman liittouman v\u00e4lill\u00e4 kuitenkin sai rakennusty\u00f6t toden teolla k\u00e4yntiin. Valli- ja Kuninkaansaariin rakennettiin pattereita eli tykist\u00f6n ampumapaikkoja.<\/p>\n<p class=\"!text-style-bodym mb-4 text-primary-black last:mb-0\">Vuonna 1854 englantilais\u2013ranskalainen sotalaivasto purjehti It\u00e4merelle. Helsingin ja Viaporin varustelu kiihtyi entisest\u00e4\u00e4n. Elokuussa 1855 liittoutuneet purjehtivat Viaporin edustalle ja pommittivat linnoitusta. Meri Vallisaaren edustalla peittyi tuleen ja savuun, ja Viapori k\u00e4rsi laajoja tuhoja.<\/p>\n<p class=\"!text-style-bodym mb-4 text-primary-black last:mb-0\">Pian sodan j\u00e4lkeen Vallisaareen rakennettiin uljas Aleksanterinpatteri osoitukseksi Ven\u00e4j\u00e4n sotilasmahdista. Ven\u00e4j\u00e4n ulkopolitiikan muutokset ja aseteknologian vauhdikas kehitys n\u00e4kyiv\u00e4t pian Aleksanterinpatterilla. Alun perin sen tykit olivat kasemateissa eli osumakest\u00e4viss\u00e4 katetuissa rakenteissa. Ne siirrettiin kuitenkin jo 1870-luvun alussa vallin laelle. Kasematit muurattiin miehist\u00f6- ja varastotiloiksi, ja tiilisein\u00e4t verhottiin paksuilla hiekkavalleilla.<\/p>\n<p class=\"!text-style-bodym mb-4 text-primary-black last:mb-0\">Vuonna 1906 Ven\u00e4j\u00e4n vallankumouksen ensimainingit saavuttivat Helsingin saariston. Kapinalliset valtasivat Valli- ja Kuninkaansaaret. He tulittivat Kuninkaansaaresta menestyksekk\u00e4\u00e4sti Viaporia. Kuninkaansaaren ruutivaraston r\u00e4j\u00e4hdys ja Ven\u00e4j\u00e4n laivaston tulitus k\u00e4\u00e4nsiv\u00e4t kapinallisten voitokkaan tilanteen kuitenkin pakokauhuksi ja tappioksi. Yhteenotossa menehtyi kymmeni\u00e4 ihmisi\u00e4, osa teloittamalla kahakan j\u00e4lkeen.<\/p>\n<p class=\"!text-style-bodym mb-4 text-primary-black last:mb-0\">Vallisaaren luotseille puolestaan valmistui vuonna 1878 Luotsitalo, jonne heid\u00e4t m\u00e4\u00e4r\u00e4ttiin muuttamaan. Vuonna 1910 luotsien uudeksi asuinpaikaksi m\u00e4\u00e4r\u00e4ttiin Hylkysaari, mutta tilanpuutteen takia heit\u00e4 j\u00e4i my\u00f6s Vallisaareen. Viimeiset luotsit muuttivat pois Vallisaaresta vasta 1920-luvun alussa.<\/p>\n<p class=\"!text-style-bodym mb-4 text-primary-black last:mb-0\">Ensimm\u00e4isen maailmansodan alla Vallisaaren pattereita modernisoitiin betonisiksi ja saaren keskelle rakennettiin ruutikellari. Maailmansodan aikana valmistui upseeriston tiilinen kasarmi sek\u00e4 joukko varastorakennuksia. Valli- ja Kuninkaansaarien merkitys Ven\u00e4j\u00e4n meripuolustukselle alkoi kuitenkin olla ohi. Puolustuksen painopiste siirtyi merelle: ven\u00e4l\u00e4iset alkoivat linnoittaa Helsingin ulkosaaristoa, kuten Isosaarta, Kuivasaarta, Harmajaa ja Rys\u00e4karia.<\/p>\n<p><img loading=\"lazy\" decoding=\"async\" class=\"alignnone size-full wp-image-4800\" src=\"https:\/\/www.jt-line.fi\/wp-content\/uploads\/Vallisaari-nettisivut-7.jpg\" alt=\"\" width=\"800\" height=\"300\" \/><br \/>\n<em>Kuva: Mets\u00e4hallitus LP \/ Katri Lehtola<\/em><\/p>\n<hr \/>\n<p><strong>Suomen itsen\u00e4isyyden aika<\/strong><\/p>\n<p class=\"!text-style-bodym mb-4 text-primary-black last:mb-0\">Saarien historia armeijan alueena jatkui Suomen itsen\u00e4istytty\u00e4 vuonna 1917. Valli- ja Kuninkaansaarissa varastoitiin Suomen puolustusvoimien aseita viime vuosiin asti. Vallisaaressa on my\u00f6s ladattu ja huollettu ampumatarvikkeita, torpedoja ja miinoja, tehty s\u00e4\u00e4havaintoja sek\u00e4 korjattu kaasunaamareita. Kuninkaansaaressa toimi merivartioasema. Toisen maailmansodan aikana saarella oli my\u00f6s saksalainen ilmavalvontatutka &#8220;Raija&#8221;.<\/p>\n<p class=\"!text-style-bodym mb-4 text-primary-black last:mb-0\">Vallisaaren Kuolemanlaaksossa tapahtui 9.7.1937 tuhoisa r\u00e4j\u00e4hdeonnettomuus. Tuhansia kiloja r\u00e4j\u00e4hteit\u00e4 sinkoili pitkin Vallisaarta ja aina Suomenlinnaan saakka. Vaikka asukkaat pakenivat henkens\u00e4 edest\u00e4, kahdeksan ihmist\u00e4 menehtyi heti ja nelj\u00e4 my\u00f6hemmin sairaalassa. Lis\u00e4ksi puolustusministeri\u00f6n taisteluv\u00e4lineosaston p\u00e4\u00e4llikk\u00f6 insin\u00f6\u00f6rieversti Aleksanteri Huuri j\u00e4rkyttyi niin pahasti, ett\u00e4 h\u00e4n kuoli noin viikkoa my\u00f6hemmin. R\u00e4j\u00e4hdyksen syyt\u00e4 ei tunneta. On arveltu, ett\u00e4 se johtui r\u00e4j\u00e4hteiden huolimattomasta k\u00e4sittelyst\u00e4, mutta on ep\u00e4ilty jopa tihuty\u00f6t\u00e4.<\/p>\n<p class=\"!text-style-bodym mb-4 text-primary-black last:mb-0\">Puolustusvoimien toimintojen lis\u00e4ksi Vallisaareen syntyi omaleimainen asuinalue, jonka asukkaat olivat p\u00e4\u00e4asiassa valtion palveluksessa olevia siviilihenkil\u00f6it\u00e4. Vilkkaimmin kyl\u00e4nraitilla kuhisi 1950-luvulla, jolloin Vallisaaressa asui yli 300 ihmist\u00e4. Vaikka saari sijaitsee l\u00e4hell\u00e4 Helsingin keskustaa, saarelaiset eliv\u00e4t maalaisel\u00e4m\u00e4\u00e4. Saarella oli kasvimaita ja laiduntavia el\u00e4imi\u00e4: esimerkiksi kaneja, lampaita, hevosia ja sikoja.<\/p>\n<p class=\"!text-style-bodym mb-4 text-primary-black last:mb-0\">Vallisaaressa toimivat 1950-luvulla kansakoulu, kauppa ja nuorisoseura sek\u00e4 muun muassa kuoro, n\u00e4ytelm\u00e4kerho ja partio. Saari oli lapsille oma salainen maailmansa, jossa pienet saarelaiset seikkailivat osin aikuisten tiet\u00e4m\u00e4tt\u00e4. Lapset kivittiv\u00e4t ikkunoita, etsiv\u00e4t Suomenlinnaan huhujen mukaan johtavan tunnelin suuaukkoa ja kaivelivat esiin r\u00e4j\u00e4hteit\u00e4 \u2013 vaikka se oli ehdottoman kielletty\u00e4 silloin ja on ehdottoman kielletty\u00e4 my\u00f6s nykyisin. Lammella uitiin, hyp\u00e4ttiin hyppytornista, otettiin aurinkoa, pestiin pyykki\u00e4 ja pumpattiin pesuvett\u00e4. Viimeiset asukkaat muuttivat pois vuonna 1996.<\/p>\n<p><strong>Vallisaari avattiin yleis\u00f6lle vuonna 2016<\/strong><\/p>\n<p class=\"!text-style-bodym mb-4 text-primary-black last:mb-0\">Viime vuosikymmenet saaret ovat uinuneet hiljaiseloa l\u00e4hes luonnontilaisina. Puolustusvoimat ilmoitti luopuvansa saarien hallinnasta vuonna 2008. Vuonna 2013 Mets\u00e4hallituksen luontopalvelut alkoi valmistella saarien avaamista retkeilij\u00f6ille. Ainutlaatuinen luontomatkailukohde avattiin vuonna 2016.<\/p>\n<p><strong>Yll\u00e4 oleva historiateksti on Mets\u00e4hallituksen tuottama, ja l\u00f6ytyy kokonaisuudessaan <a href=\"https:\/\/www.luontoon.fi\/fi\/kohteet\/vallisaari\/historia\" target=\"_blank\" rel=\"noopener\">t\u00e4\u00e4lt\u00e4 &gt;&gt;<\/a><\/strong><\/p>\n<p><img loading=\"lazy\" decoding=\"async\" class=\"alignnone size-full wp-image-4778\" src=\"https:\/\/www.jt-line.fi\/wp-content\/uploads\/Vallisaari-nettisivut.jpg\" alt=\"\" width=\"800\" height=\"300\" \/><br \/>\n<em>Kuva: Helsinki Partners \/ Julia Kivel\u00e4<\/em><\/p>\n<div align=\"left\">\n<hr \/>\n<p>Preserving the unique nature of our archipelago is important to us, and our vessel operating on this route is solely fuelled with renewable fuel oil. As pioneers we want to take part in developing low-emission solutions. By using renewable fuel oil we reduce our carbon footprint on the route in question by up to 90% compared to fossil fuels.<\/p>\n<p>We recommend arriving at the Market Square by public transport, if possible. You can find more information in\u00a0<a href=\"https:\/\/www.hsl.fi\/en\" target=\"_blank\" rel=\"noopener\">HSL\u2019s Journey Planner &gt;&gt;<\/a><\/p>\n<p><a href=\"https:\/\/www.visitfinland.com\/sustainable-finland\/sustainable-travel-destinations\/\" target=\"_blank\" rel=\"noopener noreferrer\"><img decoding=\"async\" class=\"alignnone size-medium wp-image-1601\" src=\"https:\/\/www.jt-line.fi\/wp-content\/uploads\/STF_web_JT-Line.jpg\" alt=\"Sustainable-Travel-Finland-logo\" width=\"250\" height=\"*\" srcset=\"https:\/\/www.jt-line.fi\/eng\/wp-content\/uploads\/sites\/4\/STF_web_JT-Line.jpg 689w, https:\/\/www.jt-line.fi\/eng\/wp-content\/uploads\/sites\/4\/STF_web_JT-Line-300x103.jpg 300w\" sizes=\"(max-width: 689px) 100vw, 689px\" \/><\/a>\u00a0 \u00a0 <a href=\"https:\/\/ekokompassi.fi\/briefly-in-english\/\" target=\"_blank\" rel=\"noopener noreferrer\"><img decoding=\"async\" class=\"alignnone size-medium wp-image-1600\" src=\"https:\/\/www.jt-line.fi\/eng\/wp-content\/uploads\/sites\/4\/Ekokompassi_web_JT-Line_en.png\" alt=\"Eco-Compass-logo\" width=\"250\" height=\"*\" srcset=\"https:\/\/www.jt-line.fi\/eng\/wp-content\/uploads\/sites\/4\/Ekokompassi_web_JT-Line_en.png 972w, https:\/\/www.jt-line.fi\/eng\/wp-content\/uploads\/sites\/4\/Ekokompassi_web_JT-Line_en-300x109.png 300w, https:\/\/www.jt-line.fi\/eng\/wp-content\/uploads\/sites\/4\/Ekokompassi_web_JT-Line_en-800x291.png 800w, https:\/\/www.jt-line.fi\/eng\/wp-content\/uploads\/sites\/4\/Ekokompassi_web_JT-Line_en-768x280.png 768w\" sizes=\"(max-width: 972px) 100vw, 972px\" \/><\/a>\u00a0 \u00a0 <img decoding=\"async\" class=\"alignnone size-full wp-image-4029\" src=\"https:\/\/www.jt-line.fi\/wp-content\/uploads\/POWERED-BY-JT-LINE.png\" alt=\"\" width=\"200\" height=\"*\" \/><\/p>\n<\/div>\n","protected":false},"excerpt":{"rendered":"<p>Vallisaari YOU CAN FIND THE TIMETABLE &amp; TICKET FARES HERE &gt;&gt; Vuonna 2016 yleis\u00f6lle avattu Vallisaari\u00a0 on vakiinnuttanut paikkansa merellisen Helsingin yhten\u00e4 suosikkikohteista! Se sijaitsee vain 20 minuutin vesibussimatkan p\u00e4\u00e4ss\u00e4 Kauppatorilta, Suomenlinnan naapurissa. Vallisaaresta p\u00e4\u00e4see my\u00f6s Kuninkaansaareen saaria yhdist\u00e4v\u00e4\u00e4 kivipengertiet\u00e4 pitkin. Vallisaaren ja Kuninkaansaaren upea luonto ja monipuoliset palvelut sek\u00e4 sotahistorialliset n\u00e4ht\u00e4vyydet houkuttelevat k\u00e4vij\u00f6it\u00e4 aina&#8230;<\/p>\n","protected":false},"author":2,"featured_media":0,"parent":0,"menu_order":0,"comment_status":"closed","ping_status":"closed","template":"","meta":{"footnotes":""},"class_list":["post-1691","page","type-page","status-publish","hentry"],"yoast_head":"<!-- This site is optimized with the Yoast SEO plugin v27.4 - https:\/\/yoast.com\/product\/yoast-seo-wordpress\/ -->\n<title>Vallisaari - JT-Line in english<\/title>\n<meta name=\"description\" content=\"JT-Line operates Island Hopping route from Hakaniemi via Kruunuvuorenranta to Vasikkasaari, Vallisaari (Helsinki Biennial) and Lonna\" \/>\n<meta name=\"robots\" content=\"index, follow, max-snippet:-1, max-image-preview:large, max-video-preview:-1\" \/>\n<link rel=\"canonical\" href=\"https:\/\/www.jt-line.fi\/eng\/vallisaari\/\" \/>\n<meta property=\"og:locale\" content=\"en_GB\" \/>\n<meta property=\"og:type\" content=\"article\" \/>\n<meta property=\"og:title\" content=\"Vallisaari - JT-Line in english\" \/>\n<meta property=\"og:description\" content=\"JT-Line operates Island Hopping route from Hakaniemi via Kruunuvuorenranta to Vasikkasaari, Vallisaari (Helsinki Biennial) and Lonna\" \/>\n<meta property=\"og:url\" content=\"https:\/\/www.jt-line.fi\/eng\/vallisaari\/\" \/>\n<meta property=\"og:site_name\" content=\"JT-Line in english\" \/>\n<meta property=\"article:modified_time\" content=\"2026-04-01T10:47:36+00:00\" \/>\n<meta name=\"twitter:card\" content=\"summary_large_image\" \/>\n<meta name=\"twitter:label1\" content=\"Estimated reading time\" \/>\n\t<meta name=\"twitter:data1\" content=\"7 minutes\" \/>\n<script type=\"application\/ld+json\" class=\"yoast-schema-graph\">{\"@context\":\"https:\\\/\\\/schema.org\",\"@graph\":[{\"@type\":\"WebPage\",\"@id\":\"https:\\\/\\\/www.jt-line.fi\\\/eng\\\/vallisaari\\\/\",\"url\":\"https:\\\/\\\/www.jt-line.fi\\\/eng\\\/vallisaari\\\/\",\"name\":\"Vallisaari - JT-Line in english\",\"isPartOf\":{\"@id\":\"https:\\\/\\\/www.jt-line.fi\\\/eng\\\/#website\"},\"primaryImageOfPage\":{\"@id\":\"https:\\\/\\\/www.jt-line.fi\\\/eng\\\/vallisaari\\\/#primaryimage\"},\"image\":{\"@id\":\"https:\\\/\\\/www.jt-line.fi\\\/eng\\\/vallisaari\\\/#primaryimage\"},\"thumbnailUrl\":\"https:\\\/\\\/www.jt-line.fi\\\/wp-content\\\/uploads\\\/Vallisaari-nettisivut-5.jpg\",\"datePublished\":\"2021-04-20T05:56:48+00:00\",\"dateModified\":\"2026-04-01T10:47:36+00:00\",\"description\":\"JT-Line operates Island Hopping route from Hakaniemi via Kruunuvuorenranta to Vasikkasaari, Vallisaari (Helsinki Biennial) and Lonna\",\"breadcrumb\":{\"@id\":\"https:\\\/\\\/www.jt-line.fi\\\/eng\\\/vallisaari\\\/#breadcrumb\"},\"inLanguage\":\"en-GB\",\"potentialAction\":[{\"@type\":\"ReadAction\",\"target\":[\"https:\\\/\\\/www.jt-line.fi\\\/eng\\\/vallisaari\\\/\"]}]},{\"@type\":\"ImageObject\",\"inLanguage\":\"en-GB\",\"@id\":\"https:\\\/\\\/www.jt-line.fi\\\/eng\\\/vallisaari\\\/#primaryimage\",\"url\":\"https:\\\/\\\/www.jt-line.fi\\\/wp-content\\\/uploads\\\/Vallisaari-nettisivut-5.jpg\",\"contentUrl\":\"https:\\\/\\\/www.jt-line.fi\\\/wp-content\\\/uploads\\\/Vallisaari-nettisivut-5.jpg\"},{\"@type\":\"BreadcrumbList\",\"@id\":\"https:\\\/\\\/www.jt-line.fi\\\/eng\\\/vallisaari\\\/#breadcrumb\",\"itemListElement\":[{\"@type\":\"ListItem\",\"position\":1,\"name\":\"Home\",\"item\":\"https:\\\/\\\/www.jt-line.fi\\\/eng\\\/\"},{\"@type\":\"ListItem\",\"position\":2,\"name\":\"Vallisaari\"}]},{\"@type\":\"WebSite\",\"@id\":\"https:\\\/\\\/www.jt-line.fi\\\/eng\\\/#website\",\"url\":\"https:\\\/\\\/www.jt-line.fi\\\/eng\\\/\",\"name\":\"JT-Line in english\",\"description\":\"waterbusses - Suomenlinna\",\"potentialAction\":[{\"@type\":\"SearchAction\",\"target\":{\"@type\":\"EntryPoint\",\"urlTemplate\":\"https:\\\/\\\/www.jt-line.fi\\\/eng\\\/?s={search_term_string}\"},\"query-input\":{\"@type\":\"PropertyValueSpecification\",\"valueRequired\":true,\"valueName\":\"search_term_string\"}}],\"inLanguage\":\"en-GB\"}]}<\/script>\n<!-- \/ Yoast SEO plugin. -->","yoast_head_json":{"title":"Vallisaari - JT-Line in english","description":"JT-Line operates Island Hopping route from Hakaniemi via Kruunuvuorenranta to Vasikkasaari, Vallisaari (Helsinki Biennial) and Lonna","robots":{"index":"index","follow":"follow","max-snippet":"max-snippet:-1","max-image-preview":"max-image-preview:large","max-video-preview":"max-video-preview:-1"},"canonical":"https:\/\/www.jt-line.fi\/eng\/vallisaari\/","og_locale":"en_GB","og_type":"article","og_title":"Vallisaari - JT-Line in english","og_description":"JT-Line operates Island Hopping route from Hakaniemi via Kruunuvuorenranta to Vasikkasaari, Vallisaari (Helsinki Biennial) and Lonna","og_url":"https:\/\/www.jt-line.fi\/eng\/vallisaari\/","og_site_name":"JT-Line in english","article_modified_time":"2026-04-01T10:47:36+00:00","twitter_card":"summary_large_image","twitter_misc":{"Estimated reading time":"7 minutes"},"schema":{"@context":"https:\/\/schema.org","@graph":[{"@type":"WebPage","@id":"https:\/\/www.jt-line.fi\/eng\/vallisaari\/","url":"https:\/\/www.jt-line.fi\/eng\/vallisaari\/","name":"Vallisaari - JT-Line in english","isPartOf":{"@id":"https:\/\/www.jt-line.fi\/eng\/#website"},"primaryImageOfPage":{"@id":"https:\/\/www.jt-line.fi\/eng\/vallisaari\/#primaryimage"},"image":{"@id":"https:\/\/www.jt-line.fi\/eng\/vallisaari\/#primaryimage"},"thumbnailUrl":"https:\/\/www.jt-line.fi\/wp-content\/uploads\/Vallisaari-nettisivut-5.jpg","datePublished":"2021-04-20T05:56:48+00:00","dateModified":"2026-04-01T10:47:36+00:00","description":"JT-Line operates Island Hopping route from Hakaniemi via Kruunuvuorenranta to Vasikkasaari, Vallisaari (Helsinki Biennial) and Lonna","breadcrumb":{"@id":"https:\/\/www.jt-line.fi\/eng\/vallisaari\/#breadcrumb"},"inLanguage":"en-GB","potentialAction":[{"@type":"ReadAction","target":["https:\/\/www.jt-line.fi\/eng\/vallisaari\/"]}]},{"@type":"ImageObject","inLanguage":"en-GB","@id":"https:\/\/www.jt-line.fi\/eng\/vallisaari\/#primaryimage","url":"https:\/\/www.jt-line.fi\/wp-content\/uploads\/Vallisaari-nettisivut-5.jpg","contentUrl":"https:\/\/www.jt-line.fi\/wp-content\/uploads\/Vallisaari-nettisivut-5.jpg"},{"@type":"BreadcrumbList","@id":"https:\/\/www.jt-line.fi\/eng\/vallisaari\/#breadcrumb","itemListElement":[{"@type":"ListItem","position":1,"name":"Home","item":"https:\/\/www.jt-line.fi\/eng\/"},{"@type":"ListItem","position":2,"name":"Vallisaari"}]},{"@type":"WebSite","@id":"https:\/\/www.jt-line.fi\/eng\/#website","url":"https:\/\/www.jt-line.fi\/eng\/","name":"JT-Line in english","description":"waterbusses - Suomenlinna","potentialAction":[{"@type":"SearchAction","target":{"@type":"EntryPoint","urlTemplate":"https:\/\/www.jt-line.fi\/eng\/?s={search_term_string}"},"query-input":{"@type":"PropertyValueSpecification","valueRequired":true,"valueName":"search_term_string"}}],"inLanguage":"en-GB"}]}},"_links":{"self":[{"href":"https:\/\/www.jt-line.fi\/eng\/wp-json\/wp\/v2\/pages\/1691","targetHints":{"allow":["GET"]}}],"collection":[{"href":"https:\/\/www.jt-line.fi\/eng\/wp-json\/wp\/v2\/pages"}],"about":[{"href":"https:\/\/www.jt-line.fi\/eng\/wp-json\/wp\/v2\/types\/page"}],"author":[{"embeddable":true,"href":"https:\/\/www.jt-line.fi\/eng\/wp-json\/wp\/v2\/users\/2"}],"replies":[{"embeddable":true,"href":"https:\/\/www.jt-line.fi\/eng\/wp-json\/wp\/v2\/comments?post=1691"}],"version-history":[{"count":14,"href":"https:\/\/www.jt-line.fi\/eng\/wp-json\/wp\/v2\/pages\/1691\/revisions"}],"predecessor-version":[{"id":2505,"href":"https:\/\/www.jt-line.fi\/eng\/wp-json\/wp\/v2\/pages\/1691\/revisions\/2505"}],"wp:attachment":[{"href":"https:\/\/www.jt-line.fi\/eng\/wp-json\/wp\/v2\/media?parent=1691"}],"curies":[{"name":"wp","href":"https:\/\/api.w.org\/{rel}","templated":true}]}}