{"id":2363,"date":"2025-04-11T12:50:45","date_gmt":"2025-04-11T09:50:45","guid":{"rendered":"https:\/\/www.jt-line.fi\/eng\/?page_id=2363"},"modified":"2026-04-21T16:24:50","modified_gmt":"2026-04-21T13:24:50","slug":"archipelago-museum-pentala","status":"publish","type":"page","link":"https:\/\/www.jt-line.fi\/eng\/archipelago-museum-pentala\/","title":{"rendered":"Boat Tours to Archipelago Museum Pentala"},"content":{"rendered":"<h1>Boat Tours to Archipelago Museum Pentala<\/h1>\n<p><strong>Welcome to a journey back in time! In July-August 2026, JT-Line will once again operate the very popular archipelago cruises from Helsinki&#8217;s Market Square to the Pentala Archipelago Museum.\u00a0<\/strong><\/p>\n<p>The earliest logs of the oldest building of the Pentala fishing farm museum are dated to have been felled in 1791. Ship traffic from Helsinki to Espoo began in the 1860s. Steamships were a popular means of transport to the archipelago, and summer residents even traveled on them daily between Helsinki and Espoo. In the salons of the Golden Age ships, gentlemen socialized or played cards during the sea voyage. During the cruise, you can experience glimpses of the atmosphere of over a hundred years ago. The Pentala Archipelago Museum also opens windows into the past, highlighting the diverse aspects of archipelago life \u2013 from everyday chores to villa life and leisure activities.<\/p>\n<p><img loading=\"lazy\" decoding=\"async\" class=\"alignnone size-full wp-image-2417\" src=\"https:\/\/www.jt-line.fi\/eng\/wp-content\/uploads\/sites\/4\/Kartta-nettisivu-Pentala.png\" alt=\"\" width=\"800\" height=\"300\" srcset=\"https:\/\/www.jt-line.fi\/eng\/wp-content\/uploads\/sites\/4\/Kartta-nettisivu-Pentala.png 800w, https:\/\/www.jt-line.fi\/eng\/wp-content\/uploads\/sites\/4\/Kartta-nettisivu-Pentala-300x113.png 300w, https:\/\/www.jt-line.fi\/eng\/wp-content\/uploads\/sites\/4\/Kartta-nettisivu-Pentala-768x288.png 768w\" sizes=\"auto, (max-width: 800px) 100vw, 800px\" \/><\/p>\n<p><img loading=\"lazy\" decoding=\"async\" class=\"alignnone size-full wp-image-2406\" src=\"https:\/\/www.jt-line.fi\/eng\/wp-content\/uploads\/sites\/4\/Kartta-nettisivu-Pentala-en.png\" alt=\"\" width=\"800\" height=\"300\" srcset=\"https:\/\/www.jt-line.fi\/eng\/wp-content\/uploads\/sites\/4\/Kartta-nettisivu-Pentala-en.png 800w, https:\/\/www.jt-line.fi\/eng\/wp-content\/uploads\/sites\/4\/Kartta-nettisivu-Pentala-en-300x113.png 300w, https:\/\/www.jt-line.fi\/eng\/wp-content\/uploads\/sites\/4\/Kartta-nettisivu-Pentala-en-768x288.png 768w\" sizes=\"auto, (max-width: 800px) 100vw, 800px\" \/><\/p>\n<p>This half-day trip starts from the <a href=\"https:\/\/maps.app.goo.gl\/ubtvrGbZtkxQy6pQ9\" target=\"_blank\" rel=\"noopener\">Helsinki Market Square<\/a>. The vessel follows an old steamboat route toward the historic fishing estate on the island of Pentala. During the outbound journey, passengers will hear fascinating stories along the way\u2014there&#8217;s plenty to share about the rich history and the many traditions of island life! The route also passes by the sea fortress of Suomenlinna, a significant part of Finland\u2019s history and cultural heritage. Suomenlinna is one of Finland\u2019s seven UNESCO World Heritage Sites and one of Helsinki\u2019s most notable attractions. Onboard commentary is available in Finnish and English. In addition, the commentory texts are available in Swedish and German.<\/p>\n<p>Upon arrival at Pentala, visitors can explore the charming old fishing estate, which has been restored and now operates as an open-air museum. Guests can tour the museum independently using a mobile guide or a guide map available onboard. For the more adventurous, there&#8217;s also a 2.3 km <a href=\"https:\/\/www.espoo.fi\/fi\/toimipisteet\/pentalan-luontopolku\" target=\"_blank\" rel=\"noopener\">nature trail<\/a> that winds through the island\u2019s beautiful archipelago scenery. The trail begins at the courtyard of the Pentala House Museum, loops via the sandy beach of Diksand, and returns to the museum. From Diksand\u2019s natural beach, there are stunning views of Espoo\u2019s outer archipelago.<\/p>\n<p>Next to the Archipelago Museum, you&#8217;ll find the idyllic <a href=\"https:\/\/www.cafepentala.com\/\" target=\"_blank\" rel=\"noopener\">Pentala Cafe<\/a>. The Amiraali vessel also features a cafe with a licensed bar, offering a selection of sweet and savory snacks, ice cream, and both hot and cold beverages. Please note that bringing your own food on board is not permitted (with the exception of food for small children).<\/p>\n<p>The vessel can also accommodate passengers with strollers, and dogs are welcome on the ship\u2019s sun deck. Please ensure that dogs are kept on a leash both onboard and while visiting Pentala.<\/p>\n<p>The tours are carried out aboard JT-Line\u2019s vessel <a href=\"https:\/\/www.jt-line.fi\/vesibussi-tilausristeilyt\/tilausristeilyt-alukset-hinnat\/vesibussi-amiraali\/\" target=\"_blank\" rel=\"noopener\">Amiraali.<\/a><br \/>\nMore information about the Museum <a href=\"https:\/\/www.espoo.fi\/fi\/saaristomuseo-pentala\/tutustu-museoalueen-rakennuksiin\" target=\"_blank\" rel=\"noopener\">here.<\/a><\/p>\n<hr \/>\n<p><strong>Excursion schedule:<\/strong><\/p>\n<ul>\n<li>Departure from Helsinki Market Square at 10:00 (boarding starts at 9:30)<\/li>\n<li>Arrival in Pentala at 11:45 AM<\/li>\n<li>Time to explore the Archipelago Museum and Pentala Island from 11:45 AM to 2:15 PM.<\/li>\n<li>Departure from Pentala at 2:15 PM (ship arrives at Pentala pier at 1:45 PM)<\/li>\n<li>Arrival back at Helsinki Market Square at 4:00 PM.\u00e4<\/li>\n<\/ul>\n<p><strong>Departure pier<\/strong><\/p>\n<p>The excursion boat departs from the Market Square at Kolera-alta pier nr. 10, <a href=\"https:\/\/maps.app.goo.gl\/58KGbb8Y3SbqSZr49\" target=\"_blank\" rel=\"noopener\">see the map link &gt;&gt;<\/a><\/p>\n<hr \/>\n<p><strong>Excursion dates:<\/strong><\/p>\n<ul>\n<li>Friday 3.7.2026<\/li>\n<li>Friday\u00a010.7.2026<\/li>\n<li>Tuesday 14.7.2026<\/li>\n<li>Friday\u00a017.7.2026<\/li>\n<li>Tuesday 21.7.2026<\/li>\n<li>Friday\u00a024.7.2026<\/li>\n<li>Tuesday 28.7. 2026<\/li>\n<li>Friday\u00a031.7.2026<\/li>\n<li>Tusday 4.8. 2026<\/li>\n<li>Friday\u00a07.8.2026<\/li>\n<\/ul>\n<hr \/>\n<p><strong>Gurli\u00b4s house:<\/strong><\/p>\n<p>Gurli&#8217;s house is part of the Pentala Archipelago Museum, and was built in the 1920s. The house was renovated in 2013. Today it is a home museum, where time has stopped in the last summer of Gurli Nyholm&#8217;s life in 1986. Gurli&#8217;s furniture and belongings have been returned to their places in the house. The building and its objects tell the story of the multi-generational life of the couple, Gurli and Arvid Nyholm, who spent almost their entire lives on the island.<\/p>\n<p>The interior of Gurli\u00b4s House can only be visited with a guide &#8211; you cannot enter the interior of Gurli\u00b4s House independently. You can purchase a Pentala tour ticket either without a visit to Gurli House, or including a visit to Gurli\u00b4s House. The tour guide is bilingual: in Finnish and, if necessary, in English. <strong>There are only 20 tour tickets for sale per tour day that include a visit to Gurli\u00b4s House, so we recommend purchasing your tickets in advance if you are interested in visiting Gurli\u00b4s House!<\/strong><\/p>\n<p><strong>Gurlin talon vierailut retkip\u00e4ivin\u00e4:<\/strong><\/p>\n<ul>\n<li>klo 13.00-13.30 (Group 1, 10 people)<\/li>\n<li>klo 13.30-14.00 (Group 2, 10 people)<\/li>\n<li>GPeople participating in the Gurli\u00b4s House visit will be divided into groups 1 and 2 during the outbound trip.<\/li>\n<\/ul>\n<hr \/>\n<p><strong>Tour tickets including a guided visit to Gurli&#8217;s house:<\/strong><\/p>\n<ul>\n<li>Adults: <strong>44,50 \u20ac<\/strong> <em>in advance from the online store <\/em>(<strong>49,50 \u20ac<\/strong> <em>directly on board<\/em>)<\/li>\n<li>Pensioners\/students: <strong>39,50 \u20ac<\/strong> <em>in advance from the online store <\/em>(<strong>44,50 \u20ac<\/strong> <em>directly on board<\/em>)<\/li>\n<li>Children 7-16 v: <strong>19,50 \u20ac <\/strong><em>in advance from the online store (and directly on board)<\/em><\/li>\n<li>Children 0-6 v: <strong>5 \u20ac<\/strong> <em>in advance from the online store (and directly on board)<\/em><\/li>\n<\/ul>\n<p><strong>Tour tickets without a guided visit to Gurli&#8217;s House:<\/strong><\/p>\n<ul>\n<li>Adults: <strong>34,50 \u20ac<\/strong> <em>in advance from the online store <\/em>(<strong>39,50 \u20ac<\/strong> <em>directly on board<\/em>)<\/li>\n<li>Pensioners\/students: <strong>29,50 \u20ac<\/strong> <em>in advance from the online store <\/em>(<strong>34,50 \u20ac<\/strong> <em>directly on board<\/em>)<\/li>\n<li>Children 7-16 v: <strong>14,50 \u20ac<\/strong> <em>in advance from the online store (and directly on board)<\/em><\/li>\n<li>Children 0-6 v: <em>free of charge, do not need a separate ticket<\/em><\/li>\n<\/ul>\n<p><span style=\"color: #ff0000;\">Cruise tickets will go on sale in our online store during April 2026.<\/span><br \/>\nTickets are also sold directly on board starting half an hour before the ship&#8217;s departure, if there is space on the departure.<\/p>\n<p><strong>In cooperation:<\/strong><br \/>\n<a href=\"https:\/\/www.espoo.fi\/fi\/saaristomuseo-pentala\" target=\"_blank\" rel=\"noopener\"><img decoding=\"async\" class=\"alignnone size-medium wp-image-4336\" src=\"https:\/\/www.jt-line.fi\/wp-content\/uploads\/Kamu_logot_KAMU_FI-05-1.jpg\" alt=\"\" width=\"350\" height=\"*\" \/><\/a><\/p>\n<hr \/>\n<p><strong>Accessibility:<\/strong><\/p>\n<p>M\/s Amiraali is a barrier-free ship, accessible by wheelchair via a movable wheelchair ramp. The ship&#8217;s toilet facilities are not barrier-free.<\/p>\n<p>Pentala Island and the Archipelago Museum area are partly barrier-free, and partly challenging for wheelchair users. The paths in the area are sandy paths with pine cones and roots. There is a barrier-free toilet in the area and access to the museum&#8217;s main building, Villa Roseng\u00e5rd, and the caf\u00e9 in Lilla Villan is via a ramp.<\/p>\n<p>A personal assistant traveling with a person requiring an assistant may enter the cruise without charge, when the person requiring the assistant has a disability card marked with an \u201cA\u201d. There is no need to reserve a seat for the assistant.<\/p>\n<p>We recommend arriving at Helsinki Market Square by public transportation if possible. For route planning and more information, please visit <a href=\"https:\/\/www.hsl.fi\/\" target=\"_blank\" rel=\"noopener\">the HSL Journey Planner &gt;&gt;<\/a><\/p>\n<div class='content-column one_half'><div style=\"padding-right:20px;\"><p><img loading=\"lazy\" decoding=\"async\" class=\"alignnone size-full wp-image-4318\" src=\"https:\/\/www.jt-line.fi\/wp-content\/uploads\/4.png\" alt=\"\" width=\"400\" height=\"300\" \/><br \/>\n<em>Photo: KAMU Espoo &#8220;K<span class=\"OYPEnA font-feature-liga-off font-feature-clig-off font-feature-calt-off text-decoration-none text-strikethrough-none\">alastajatorppa1900-luvun alussa&#8221;<\/span><\/em><\/p>\n<p><img loading=\"lazy\" decoding=\"async\" class=\"alignnone size-full wp-image-4320\" src=\"https:\/\/www.jt-line.fi\/wp-content\/uploads\/6.png\" alt=\"\" width=\"400\" height=\"300\" \/><br \/>\n<em>Photo: KAMU Espoo <span class=\"OYPEnA font-feature-liga-off font-feature-clig-off font-feature-calt-off text-decoration-none text-strikethrough-none\">&#8220;Huvilav\u00e4ke\u00e4 retkell\u00e4 Kaparenilla 50-luvulla&#8221;<\/span><\/em><\/p>\n<p><img loading=\"lazy\" decoding=\"async\" class=\"alignnone size-full wp-image-4315\" src=\"https:\/\/www.jt-line.fi\/wp-content\/uploads\/1.png\" alt=\"\" width=\"400\" height=\"300\" \/><br \/>\n<em>Photo: KAMU Espoo &#8220;P<span class=\"OYPEnA font-feature-liga-off font-feature-clig-off font-feature-calt-off text-decoration-none text-strikethrough-none\">urjehdusseuralaisia Pavenilla 1942&#8243;<\/span><\/em><\/p><\/div><\/div><div class='content-column one_half last_column'><div style=\"padding-right:20px;\"><p><img loading=\"lazy\" decoding=\"async\" class=\"alignnone size-full wp-image-4316\" src=\"https:\/\/www.jt-line.fi\/wp-content\/uploads\/2.png\" alt=\"\" width=\"400\" height=\"300\" \/><br \/>\n<em>Photo: KAMU Espoo &#8220;<span class=\"OYPEnA font-feature-liga-off font-feature-clig-off font-feature-calt-off text-decoration-none text-strikethrough-none\">Arvid ja Gurli 1930-luvulla&#8221;<\/span><\/em><\/p>\n<p><img loading=\"lazy\" decoding=\"async\" class=\"alignnone size-full wp-image-4319\" src=\"https:\/\/www.jt-line.fi\/wp-content\/uploads\/5.png\" alt=\"\" width=\"400\" height=\"300\" \/><br \/>\n<em>Photo: KAMU Espoo &#8220;<span class=\"OYPEnA font-feature-liga-off font-feature-clig-off font-feature-calt-off text-decoration-none text-strikethrough-none\">Salakuljettajia Espoonlahdella 1920-luvulla&#8221;<\/span><\/em><\/p>\n<p><img loading=\"lazy\" decoding=\"async\" class=\"alignnone size-full wp-image-4317\" src=\"https:\/\/www.jt-line.fi\/wp-content\/uploads\/3.png\" alt=\"\" width=\"400\" height=\"300\" \/><br \/>\n<em>Photo: KAMU Espoo &#8220;I<span class=\"OYPEnA font-feature-liga-off font-feature-clig-off font-feature-calt-off text-decoration-none text-strikethrough-none\">var ja Nils Sneitz nostamassa silakkarys\u00e4\u00e4&#8221;<\/span><\/em><\/p><\/div><\/div><div class='clear_column'><\/div><\/p>\n<hr \/>\n<p><strong>Sustainability<\/strong><\/p>\n<p>JT-Line has been awarded the Sustainable Travel Finland \u2013badge in March 2021 to commend their persistent and valuable work towards sustainable travel.<\/p>\n<p>Preserving the unique nature of our archipelago is important to us, and our vessels are solely fuelled with renewable fuel oil. As pioneers we want to take part in developing low-emission solutions. By using renewable fuel oil we reduce our carbon footprint on the route in question by up to 90% compared to fossil fuels.<\/p>\n<p>We recommend arriving at Helsinki Market Square by public transportation if possible. For route planning and more information, please visit <a href=\"https:\/\/www.hsl.fi\/\" target=\"_blank\" rel=\"noopener\">the HSL Journey Planner &gt;&gt;<\/a><\/p>\n<p><a href=\"https:\/\/www.visitfinland.com\/sustainable-finland\/sustainable-travel-destinations\/\" target=\"_blank\" rel=\"noopener noreferrer\"><img decoding=\"async\" class=\"alignnone size-medium wp-image-2450\" src=\"https:\/\/www.jt-line.fi\/wp-content\/uploads\/STF_web_JT-Line.jpg\" alt=\"Sustainable-Travel-Finland-logo\" width=\"230\" height=\"*\" \/><\/a>\u00a0 \u00a0 <a href=\"https:\/\/ekokompassi.fi\/briefly-in-english\/\" target=\"_blank\" rel=\"noopener noreferrer\"><img decoding=\"async\" class=\"alignnone size-medium wp-image-1600\" src=\"https:\/\/www.jt-line.fi\/eng\/wp-content\/uploads\/sites\/4\/Ekokompassi_web_JT-Line_en.png\" alt=\"Eco-Compass-logo\" width=\"250\" height=\"*\" srcset=\"https:\/\/www.jt-line.fi\/eng\/wp-content\/uploads\/sites\/4\/Ekokompassi_web_JT-Line_en.png 972w, https:\/\/www.jt-line.fi\/eng\/wp-content\/uploads\/sites\/4\/Ekokompassi_web_JT-Line_en-300x109.png 300w, https:\/\/www.jt-line.fi\/eng\/wp-content\/uploads\/sites\/4\/Ekokompassi_web_JT-Line_en-800x291.png 800w, https:\/\/www.jt-line.fi\/eng\/wp-content\/uploads\/sites\/4\/Ekokompassi_web_JT-Line_en-768x280.png 768w\" sizes=\"(max-width: 972px) 100vw, 972px\" \/><\/a>\u00a0 \u00a0 <img decoding=\"async\" class=\"alignnone size-full wp-image-4029\" src=\"https:\/\/www.jt-line.fi\/wp-content\/uploads\/POWERED-BY-JT-LINE.png\" alt=\"\" width=\"200\" height=\"*\" \/><\/p>\n","protected":false},"excerpt":{"rendered":"<p>Boat Tours to Archipelago Museum Pentala Welcome to a journey back in time! In July-August 2026, JT-Line will once again operate the very popular archipelago cruises from Helsinki&#8217;s Market Square to the Pentala Archipelago Museum.\u00a0 The earliest logs of the oldest building of the Pentala fishing farm museum are dated to have been felled in&#8230;<\/p>\n","protected":false},"author":2,"featured_media":0,"parent":0,"menu_order":0,"comment_status":"closed","ping_status":"closed","template":"","meta":{"footnotes":""},"class_list":["post-2363","page","type-page","status-publish","hentry"],"yoast_head":"<!-- This site is optimized with the Yoast SEO plugin v27.4 - https:\/\/yoast.com\/product\/yoast-seo-wordpress\/ -->\n<title>Boat Tours to Archipelago Museum Pentala | Helsinki | JT-Line Oy<\/title>\n<meta name=\"description\" content=\"JT-Line operates the very popular archipelago cruises from Helsinki&#039;s Market Square to the Pentala Archipelago Museum.\u00a0\" \/>\n<meta name=\"robots\" content=\"index, follow, max-snippet:-1, max-image-preview:large, max-video-preview:-1\" \/>\n<link rel=\"canonical\" href=\"https:\/\/www.jt-line.fi\/eng\/archipelago-museum-pentala\/\" \/>\n<meta property=\"og:locale\" content=\"en_GB\" \/>\n<meta property=\"og:type\" content=\"article\" \/>\n<meta property=\"og:title\" content=\"Boat Tours to Archipelago Museum Pentala | Helsinki | JT-Line Oy\" \/>\n<meta property=\"og:description\" content=\"JT-Line operates the very popular archipelago cruises from Helsinki&#039;s Market Square to the Pentala Archipelago Museum.\u00a0\" \/>\n<meta property=\"og:url\" content=\"https:\/\/www.jt-line.fi\/eng\/archipelago-museum-pentala\/\" \/>\n<meta property=\"og:site_name\" content=\"JT-Line in english\" \/>\n<meta property=\"article:modified_time\" content=\"2026-04-21T13:24:50+00:00\" \/>\n<meta property=\"og:image\" content=\"https:\/\/www.jt-line.fi\/eng\/wp-content\/uploads\/sites\/4\/Kartta-nettisivu-Pentala.png\" \/>\n\t<meta property=\"og:image:width\" content=\"800\" \/>\n\t<meta property=\"og:image:height\" content=\"300\" \/>\n\t<meta property=\"og:image:type\" content=\"image\/png\" \/>\n<meta name=\"twitter:card\" content=\"summary_large_image\" \/>\n<meta name=\"twitter:label1\" content=\"Estimated reading time\" \/>\n\t<meta name=\"twitter:data1\" content=\"8 minutes\" \/>\n<script type=\"application\/ld+json\" class=\"yoast-schema-graph\">{\"@context\":\"https:\\\/\\\/schema.org\",\"@graph\":[{\"@type\":\"WebPage\",\"@id\":\"https:\\\/\\\/www.jt-line.fi\\\/eng\\\/archipelago-museum-pentala\\\/\",\"url\":\"https:\\\/\\\/www.jt-line.fi\\\/eng\\\/archipelago-museum-pentala\\\/\",\"name\":\"Boat Tours to Archipelago Museum Pentala | Helsinki | JT-Line Oy\",\"isPartOf\":{\"@id\":\"https:\\\/\\\/www.jt-line.fi\\\/eng\\\/#website\"},\"primaryImageOfPage\":{\"@id\":\"https:\\\/\\\/www.jt-line.fi\\\/eng\\\/archipelago-museum-pentala\\\/#primaryimage\"},\"image\":{\"@id\":\"https:\\\/\\\/www.jt-line.fi\\\/eng\\\/archipelago-museum-pentala\\\/#primaryimage\"},\"thumbnailUrl\":\"https:\\\/\\\/www.jt-line.fi\\\/eng\\\/wp-content\\\/uploads\\\/sites\\\/4\\\/Kartta-nettisivu-Pentala.png\",\"datePublished\":\"2025-04-11T09:50:45+00:00\",\"dateModified\":\"2026-04-21T13:24:50+00:00\",\"description\":\"JT-Line operates the very popular archipelago cruises from Helsinki's Market Square to the Pentala Archipelago Museum.\u00a0\",\"breadcrumb\":{\"@id\":\"https:\\\/\\\/www.jt-line.fi\\\/eng\\\/archipelago-museum-pentala\\\/#breadcrumb\"},\"inLanguage\":\"en-GB\",\"potentialAction\":[{\"@type\":\"ReadAction\",\"target\":[\"https:\\\/\\\/www.jt-line.fi\\\/eng\\\/archipelago-museum-pentala\\\/\"]}]},{\"@type\":\"ImageObject\",\"inLanguage\":\"en-GB\",\"@id\":\"https:\\\/\\\/www.jt-line.fi\\\/eng\\\/archipelago-museum-pentala\\\/#primaryimage\",\"url\":\"https:\\\/\\\/www.jt-line.fi\\\/eng\\\/wp-content\\\/uploads\\\/sites\\\/4\\\/Kartta-nettisivu-Pentala.png\",\"contentUrl\":\"https:\\\/\\\/www.jt-line.fi\\\/eng\\\/wp-content\\\/uploads\\\/sites\\\/4\\\/Kartta-nettisivu-Pentala.png\",\"width\":800,\"height\":300},{\"@type\":\"BreadcrumbList\",\"@id\":\"https:\\\/\\\/www.jt-line.fi\\\/eng\\\/archipelago-museum-pentala\\\/#breadcrumb\",\"itemListElement\":[{\"@type\":\"ListItem\",\"position\":1,\"name\":\"Home\",\"item\":\"https:\\\/\\\/www.jt-line.fi\\\/eng\\\/\"},{\"@type\":\"ListItem\",\"position\":2,\"name\":\"Boat Tours to Archipelago Museum Pentala\"}]},{\"@type\":\"WebSite\",\"@id\":\"https:\\\/\\\/www.jt-line.fi\\\/eng\\\/#website\",\"url\":\"https:\\\/\\\/www.jt-line.fi\\\/eng\\\/\",\"name\":\"JT-Line in english\",\"description\":\"waterbusses - Suomenlinna\",\"potentialAction\":[{\"@type\":\"SearchAction\",\"target\":{\"@type\":\"EntryPoint\",\"urlTemplate\":\"https:\\\/\\\/www.jt-line.fi\\\/eng\\\/?s={search_term_string}\"},\"query-input\":{\"@type\":\"PropertyValueSpecification\",\"valueRequired\":true,\"valueName\":\"search_term_string\"}}],\"inLanguage\":\"en-GB\"}]}<\/script>\n<!-- \/ Yoast SEO plugin. -->","yoast_head_json":{"title":"Boat Tours to Archipelago Museum Pentala | Helsinki | JT-Line Oy","description":"JT-Line operates the very popular archipelago cruises from Helsinki's Market Square to the Pentala Archipelago Museum.\u00a0","robots":{"index":"index","follow":"follow","max-snippet":"max-snippet:-1","max-image-preview":"max-image-preview:large","max-video-preview":"max-video-preview:-1"},"canonical":"https:\/\/www.jt-line.fi\/eng\/archipelago-museum-pentala\/","og_locale":"en_GB","og_type":"article","og_title":"Boat Tours to Archipelago Museum Pentala | Helsinki | JT-Line Oy","og_description":"JT-Line operates the very popular archipelago cruises from Helsinki's Market Square to the Pentala Archipelago Museum.\u00a0","og_url":"https:\/\/www.jt-line.fi\/eng\/archipelago-museum-pentala\/","og_site_name":"JT-Line in english","article_modified_time":"2026-04-21T13:24:50+00:00","og_image":[{"width":800,"height":300,"url":"https:\/\/www.jt-line.fi\/eng\/wp-content\/uploads\/sites\/4\/Kartta-nettisivu-Pentala.png","type":"image\/png"}],"twitter_card":"summary_large_image","twitter_misc":{"Estimated reading time":"8 minutes"},"schema":{"@context":"https:\/\/schema.org","@graph":[{"@type":"WebPage","@id":"https:\/\/www.jt-line.fi\/eng\/archipelago-museum-pentala\/","url":"https:\/\/www.jt-line.fi\/eng\/archipelago-museum-pentala\/","name":"Boat Tours to Archipelago Museum Pentala | Helsinki | JT-Line Oy","isPartOf":{"@id":"https:\/\/www.jt-line.fi\/eng\/#website"},"primaryImageOfPage":{"@id":"https:\/\/www.jt-line.fi\/eng\/archipelago-museum-pentala\/#primaryimage"},"image":{"@id":"https:\/\/www.jt-line.fi\/eng\/archipelago-museum-pentala\/#primaryimage"},"thumbnailUrl":"https:\/\/www.jt-line.fi\/eng\/wp-content\/uploads\/sites\/4\/Kartta-nettisivu-Pentala.png","datePublished":"2025-04-11T09:50:45+00:00","dateModified":"2026-04-21T13:24:50+00:00","description":"JT-Line operates the very popular archipelago cruises from Helsinki's Market Square to the Pentala Archipelago Museum.\u00a0","breadcrumb":{"@id":"https:\/\/www.jt-line.fi\/eng\/archipelago-museum-pentala\/#breadcrumb"},"inLanguage":"en-GB","potentialAction":[{"@type":"ReadAction","target":["https:\/\/www.jt-line.fi\/eng\/archipelago-museum-pentala\/"]}]},{"@type":"ImageObject","inLanguage":"en-GB","@id":"https:\/\/www.jt-line.fi\/eng\/archipelago-museum-pentala\/#primaryimage","url":"https:\/\/www.jt-line.fi\/eng\/wp-content\/uploads\/sites\/4\/Kartta-nettisivu-Pentala.png","contentUrl":"https:\/\/www.jt-line.fi\/eng\/wp-content\/uploads\/sites\/4\/Kartta-nettisivu-Pentala.png","width":800,"height":300},{"@type":"BreadcrumbList","@id":"https:\/\/www.jt-line.fi\/eng\/archipelago-museum-pentala\/#breadcrumb","itemListElement":[{"@type":"ListItem","position":1,"name":"Home","item":"https:\/\/www.jt-line.fi\/eng\/"},{"@type":"ListItem","position":2,"name":"Boat Tours to Archipelago Museum Pentala"}]},{"@type":"WebSite","@id":"https:\/\/www.jt-line.fi\/eng\/#website","url":"https:\/\/www.jt-line.fi\/eng\/","name":"JT-Line in english","description":"waterbusses - Suomenlinna","potentialAction":[{"@type":"SearchAction","target":{"@type":"EntryPoint","urlTemplate":"https:\/\/www.jt-line.fi\/eng\/?s={search_term_string}"},"query-input":{"@type":"PropertyValueSpecification","valueRequired":true,"valueName":"search_term_string"}}],"inLanguage":"en-GB"}]}},"_links":{"self":[{"href":"https:\/\/www.jt-line.fi\/eng\/wp-json\/wp\/v2\/pages\/2363","targetHints":{"allow":["GET"]}}],"collection":[{"href":"https:\/\/www.jt-line.fi\/eng\/wp-json\/wp\/v2\/pages"}],"about":[{"href":"https:\/\/www.jt-line.fi\/eng\/wp-json\/wp\/v2\/types\/page"}],"author":[{"embeddable":true,"href":"https:\/\/www.jt-line.fi\/eng\/wp-json\/wp\/v2\/users\/2"}],"replies":[{"embeddable":true,"href":"https:\/\/www.jt-line.fi\/eng\/wp-json\/wp\/v2\/comments?post=2363"}],"version-history":[{"count":26,"href":"https:\/\/www.jt-line.fi\/eng\/wp-json\/wp\/v2\/pages\/2363\/revisions"}],"predecessor-version":[{"id":2527,"href":"https:\/\/www.jt-line.fi\/eng\/wp-json\/wp\/v2\/pages\/2363\/revisions\/2527"}],"wp:attachment":[{"href":"https:\/\/www.jt-line.fi\/eng\/wp-json\/wp\/v2\/media?parent=2363"}],"curies":[{"name":"wp","href":"https:\/\/api.w.org\/{rel}","templated":true}]}}