{"id":124,"date":"2017-12-12T10:04:50","date_gmt":"2017-12-12T08:04:50","guid":{"rendered":"https:\/\/www.jt-line.fi\/sve\/fin\/?page_id=124"},"modified":"2022-03-23T11:09:59","modified_gmt":"2022-03-23T09:09:59","slug":"pihlajasaari","status":"publish","type":"page","link":"https:\/\/www.jt-line.fi\/sve\/pihlajasaari\/","title":{"rendered":"R\u00f6nnsk\u00e4r"},"content":{"rendered":"<h1>R\u00f6nnsk\u00e4r<\/h1>\n<p><img loading=\"lazy\" decoding=\"async\" class=\"alignnone size-medium wp-image-2488\" src=\"https:\/\/www.jt-line.fi\/sve\/wp-content\/uploads\/sites\/8\/Pihlajasaari_Helsingin-Kaupunki.jpg\" alt=\"Pihlajasaari_Helsingin_kaupunki\" width=\"800\" height=\"8\" \/><br \/>\n<em>Foto: Helsingin kaupunki<\/em><\/p>\n<p><strong>En destination med vacker sk\u00e4rg\u00e5rdsnatur endast en 10 minuters sj\u00f6resa ifr\u00e5n Gr\u00e4sviken och Havshamnen i Helsingfors.<\/strong><\/p>\n<p>Frig\u00f6r dig fr\u00e5n vardagen och stadens larm p\u00e5 R\u00f6nnsk\u00e4r, en kort sj\u00f6resa ifr\u00e5n Helsingfors. P\u00e5 \u00f6n finner du f\u00f6rutom sandstr\u00e4nder, vackra klippor och underbara havsutsikter, ocks\u00e5 en m\u00e5ngsidig natur, samt vackra gamla villor, varav en har en restaurang. Runt \u00f6n g\u00e5r det en cirka tv\u00e5 kilometer l\u00e5ng naturstig, som \u00e4r utm\u00e4rkt i terr\u00e4ngen med numrerade stolpar. Naturstigen erbjuder information och ber\u00e4ttelser om \u00f6ns historia.<\/p>\n<p>P\u00e5 R\u00f6nnsk\u00e4r finns det ocks\u00e5 tre stycken allm\u00e4nna kokskjul som har dricksvattenuttag och ved f\u00e4rdigt f\u00f6r bruk. P\u00e5 veckosluten kan du frig\u00f6ra dig fr\u00e5n vardagen en l\u00e4ngre stund genom att t\u00e4lta p\u00e5 \u00d6stra R\u00f6nnsk\u00e4r. Det finns ocks\u00e5 en bastu p\u00e5 \u00f6n som du kan hyra i f\u00f6rv\u00e4g.<\/p>\n<p>JT-Lines vattenbussar trafikerar fr\u00e5n Havshamnen och Gr\u00e4sviken till R\u00f6nnsk\u00e4r p\u00e5 veckoslutet 14.-15.5.2022, och dagligen 21.5.-28.8.2022. Hundar \u00e4r ocks\u00e5 v\u00e4lkomna ombord p\u00e5 v\u00e5ra fartyg och p\u00e5 \u00f6n, bortsett fr\u00e5n badstr\u00e4nderna och lekplatserna.<\/p>\n<p>Mer information om \u00f6n hittar du p\u00e5 Helsingfors stads n\u00e4tsidor (information om bl.a. t\u00e4ltande och bastu uthyrning) <a href=\"https:\/\/www.hel.fi\/helsinki\/sv\/kultur-och-fritid\/friluftsliv\/i-skargorden\/ronnskar\">h\u00e4r >><\/a><\/p>\n<p>Mer information om naturstigen hittar du <a href=\"https:\/\/www.hel.fi\/static\/liv\/2015\/pihlajasaarilp.pdf\" target=\"_blank\" rel=\"noopener noreferrer\">h\u00e4r >><\/a><\/p>\n<p>Och mer information om restaurangen: <a href=\"https:\/\/www.pihlajasaari.net\/\" target=\"_blank\" rel=\"noopener noreferrer\">www.pihlajasaari.net<\/a><\/p>\n<div class='content-column one_half'><div style=\"padding-right:20px;\"><p><img loading=\"lazy\" decoding=\"async\" class=\"alignnone size-full wp-image-2497\" src=\"https:\/\/www.jt-line.fi\/sve\/wp-content\/uploads\/sites\/8\/Pihlajasaari_-Helsingin-Kaupunki.jpg\" alt=\"Kuva_Pihlajasaari_Helsingin Kapunki\" width=\"400\" height=\"300\" srcset=\"https:\/\/www.jt-line.fi\/sve\/wp-content\/uploads\/sites\/8\/Pihlajasaari_-Helsingin-Kaupunki.jpg 400w, https:\/\/www.jt-line.fi\/sve\/wp-content\/uploads\/sites\/8\/Pihlajasaari_-Helsingin-Kaupunki-300x225.jpg 300w\" sizes=\"auto, (max-width: 400px) 100vw, 400px\" \/><br \/>\n<em>Foto: Helsingin kaupunki<\/em><\/p>\n<p><img loading=\"lazy\" decoding=\"async\" class=\"alignnone size-full wp-image-2494\" src=\"https:\/\/www.jt-line.fi\/sve\/wp-content\/uploads\/sites\/8\/Pihlajasaari_-Teemu-Saloriutta-_-Helsingin-Kaupunki.jpg\" alt=\"Kuva_Pihlajasaari_Teemu Saloriutta_Helsingin Kaupunki\" width=\"400\" height=\"300\" srcset=\"https:\/\/www.jt-line.fi\/sve\/wp-content\/uploads\/sites\/8\/Pihlajasaari_-Teemu-Saloriutta-_-Helsingin-Kaupunki.jpg 400w, https:\/\/www.jt-line.fi\/sve\/wp-content\/uploads\/sites\/8\/Pihlajasaari_-Teemu-Saloriutta-_-Helsingin-Kaupunki-300x225.jpg 300w\" sizes=\"auto, (max-width: 400px) 100vw, 400px\" \/><br \/>\n<em>Foto: Teemu Saloriutta \u2013 Helsingin kaupunki<\/em><\/p>\n<p><img loading=\"lazy\" decoding=\"async\" class=\"alignnone size-full wp-image-2493\" src=\"https:\/\/www.jt-line.fi\/sve\/wp-content\/uploads\/sites\/8\/Nettisivukuva-400x300-1.jpg\" alt=\"Kuva_Pihlajasaari_Pira Cousin_Helsingin Kaupunki\" width=\"400\" height=\"300\" srcset=\"https:\/\/www.jt-line.fi\/sve\/wp-content\/uploads\/sites\/8\/Nettisivukuva-400x300-1.jpg 400w, https:\/\/www.jt-line.fi\/sve\/wp-content\/uploads\/sites\/8\/Nettisivukuva-400x300-1-300x225.jpg 300w\" sizes=\"auto, (max-width: 400px) 100vw, 400px\" \/><br \/>\n<em>Foto: Pira Cousin \u2013 Helsingin kaupunki<\/em><\/p><\/div><\/div><div class='content-column one_half last_column'><div style=\"padding-right:20px;\"><p><img loading=\"lazy\" decoding=\"async\" class=\"alignnone size-full wp-image-2491\" src=\"https:\/\/www.jt-line.fi\/sve\/wp-content\/uploads\/sites\/8\/Pihlajasaari_-Teemu-Saloriutta-_-Helsingin-Kaupunki-2.jpg\" alt=\"Kuva_Teemu_Saloriutta_Helsingin kaupunki\" width=\"400\" height=\"300\" srcset=\"https:\/\/www.jt-line.fi\/sve\/wp-content\/uploads\/sites\/8\/Pihlajasaari_-Teemu-Saloriutta-_-Helsingin-Kaupunki-2.jpg 400w, https:\/\/www.jt-line.fi\/sve\/wp-content\/uploads\/sites\/8\/Pihlajasaari_-Teemu-Saloriutta-_-Helsingin-Kaupunki-2-300x225.jpg 300w\" sizes=\"auto, (max-width: 400px) 100vw, 400px\" \/><br \/>\n<em>Foto: Teemu Saloriutta \u2013 Helsingin kaupunki<\/em><\/p>\n<p><img loading=\"lazy\" decoding=\"async\" class=\"alignnone size-full wp-image-2490\" src=\"https:\/\/www.jt-line.fi\/sve\/wp-content\/uploads\/sites\/8\/Pihlajasaari_-Teemu-Saloriutta-_-Helsingin-Kaupunki-3.jpg\" alt=\"Kuva_Teemu Saloriutta_Helsingin kaupunki\" width=\"400\" height=\"300\" srcset=\"https:\/\/www.jt-line.fi\/sve\/wp-content\/uploads\/sites\/8\/Pihlajasaari_-Teemu-Saloriutta-_-Helsingin-Kaupunki-3.jpg 400w, https:\/\/www.jt-line.fi\/sve\/wp-content\/uploads\/sites\/8\/Pihlajasaari_-Teemu-Saloriutta-_-Helsingin-Kaupunki-3-300x225.jpg 300w\" sizes=\"auto, (max-width: 400px) 100vw, 400px\" \/><br \/>\n<em>Foto: Teemu Saloriutta \u2013 Helsingin kaupunki<\/em><\/p>\n<p><img loading=\"lazy\" decoding=\"async\" class=\"alignnone size-full wp-image-2495\" src=\"https:\/\/www.jt-line.fi\/sve\/wp-content\/uploads\/sites\/8\/Pihlajasaari_-Helsingin-Kaupunki-1-1.jpg\" alt=\"Kuva_Pihlajasaari_Helsingin kaupunki\" width=\"400\" height=\"300\" srcset=\"https:\/\/www.jt-line.fi\/sve\/wp-content\/uploads\/sites\/8\/Pihlajasaari_-Helsingin-Kaupunki-1-1.jpg 400w, https:\/\/www.jt-line.fi\/sve\/wp-content\/uploads\/sites\/8\/Pihlajasaari_-Helsingin-Kaupunki-1-1-300x225.jpg 300w\" sizes=\"auto, (max-width: 400px) 100vw, 400px\" \/><br \/>\n<em>Foto: Helsingin kaupunki<\/em><\/p><\/div><\/div><div class='clear_column'><\/div><\/p>\n<hr \/>\n<p>Under sommars\u00e4songen 2022 kommer vi endast att tanka Nestes f\u00f6rnybara MY eldningsolja p\u00e5 fartygen som trafikerar R\u00f6nnsk\u00e4r-rutten. Som pionj\u00e4rer vill vi vara med och fr\u00e4mja l\u00f6sningar med l\u00e4gre utsl\u00e4pp. Genom att anv\u00e4nda Neste MY f\u00f6rnybar eldningsolja kommer vi att minska v\u00e5rt koldioxidavtryck med upp till 90 % j\u00e4mf\u00f6rt med fossila br\u00e4nslen.<\/p>\n<p><a href=\"https:\/\/www.visitfinland.com\/sustainable-finland\/sustainable-travel-destinations\/\" target=\"_blank\" rel=\"noopener noreferrer\"><img decoding=\"async\" class=\"alignnone size-medium wp-image-1601\" src=\"https:\/\/www.jt-line.fi\/wp-content\/uploads\/STF_web_JT-Line.jpg\" alt=\"Sustainable-Travel-Finland-logo\" width=\"250\" height=\"*\" \/><\/a>\u00a0 \u00a0 <a href=\"https:\/\/ekokompassi.fi\/briefly-in-english\/\" target=\"_blank\" rel=\"noopener noreferrer\"><img decoding=\"async\" class=\"alignnone size-medium wp-image-1600\" src=\"https:\/\/www.jt-line.fi\/eng\/wp-content\/uploads\/sites\/4\/Ekokompassi_web_JT-Line_en.png\" alt=\"Eco-Compass-logo\" width=\"250\" height=\"*\" \/><\/a>\u00a0 \u00a0 <a href=\"https:\/\/www.neste.fi\/yritysasiakkaat\/tuotteet-ja-palvelut\/polttoaineet\/neste-my-uusiutuva-polttooljytm\" target=\"_blank\" rel=\"noopener noreferrer\"><img decoding=\"async\" class=\"alignnone size-full wp-image-2590\" src=\"https:\/\/www.jt-line.fi\/wp-content\/uploads\/Neste-MY-UusiutuvaPolttooljy_Primary_RGB-2.png\" alt=\"\" width=\"280\" height=\"*\" srcset=\"https:\/\/www.jt-line.fi\/sve\/wp-content\/uploads\/sites\/8\/Neste-MY-UusiutuvaPolttooljy_Primary_RGB-2.png 834w, https:\/\/www.jt-line.fi\/sve\/wp-content\/uploads\/sites\/8\/Neste-MY-UusiutuvaPolttooljy_Primary_RGB-2-300x85.png 300w, https:\/\/www.jt-line.fi\/sve\/wp-content\/uploads\/sites\/8\/Neste-MY-UusiutuvaPolttooljy_Primary_RGB-2-800x226.png 800w, https:\/\/www.jt-line.fi\/sve\/wp-content\/uploads\/sites\/8\/Neste-MY-UusiutuvaPolttooljy_Primary_RGB-2-768x217.png 768w\" sizes=\"(max-width: 834px) 100vw, 834px\" \/><\/a><\/p>\n","protected":false},"excerpt":{"rendered":"<p>R\u00f6nnsk\u00e4r Foto: Helsingin kaupunki En destination med vacker sk\u00e4rg\u00e5rdsnatur endast en 10 minuters sj\u00f6resa ifr\u00e5n Gr\u00e4sviken och Havshamnen i Helsingfors. Frig\u00f6r dig fr\u00e5n vardagen och stadens larm p\u00e5 R\u00f6nnsk\u00e4r, en kort sj\u00f6resa ifr\u00e5n Helsingfors. P\u00e5 \u00f6n finner du f\u00f6rutom sandstr\u00e4nder, vackra klippor och underbara havsutsikter, ocks\u00e5 en m\u00e5ngsidig natur, samt vackra gamla villor, varav en&#8230;<\/p>\n","protected":false},"author":1,"featured_media":0,"parent":0,"menu_order":0,"comment_status":"closed","ping_status":"closed","template":"","meta":{"footnotes":""},"class_list":["post-124","page","type-page","status-publish","hentry"],"yoast_head":"<!-- This site is optimized with the Yoast SEO plugin v27.5 - https:\/\/yoast.com\/product\/yoast-seo-wordpress\/ -->\n<title>R\u00f6nnsk\u00e4r - En destination med sk\u00e4rg\u00e5rdsnatur, saker att g\u00f6ra f\u00f6r b\u00e5de barn och vuxna.<\/title>\n<meta name=\"description\" content=\"R\u00f6nnsk\u00e4r bjuder p\u00e5 m\u00e5ngsidig natur och vackra str\u00e4nder f\u00f6r b\u00e5de familjer som s\u00f6ker syssels\u00e4ttningar med sina barn, liksom folk som l\u00e4ngtar efter lugn och ro.\" \/>\n<meta name=\"robots\" content=\"index, follow, max-snippet:-1, max-image-preview:large, max-video-preview:-1\" \/>\n<link rel=\"canonical\" href=\"https:\/\/www.jt-line.fi\/sve\/pihlajasaari\/\" \/>\n<meta property=\"og:locale\" content=\"sv_SE\" \/>\n<meta property=\"og:type\" content=\"article\" \/>\n<meta property=\"og:title\" content=\"R\u00f6nnsk\u00e4r - En destination med sk\u00e4rg\u00e5rdsnatur, saker att g\u00f6ra f\u00f6r b\u00e5de barn och vuxna.\" \/>\n<meta property=\"og:description\" content=\"R\u00f6nnsk\u00e4r bjuder p\u00e5 m\u00e5ngsidig natur och vackra str\u00e4nder f\u00f6r b\u00e5de familjer som s\u00f6ker syssels\u00e4ttningar med sina barn, liksom folk som l\u00e4ngtar efter lugn och ro.\" \/>\n<meta property=\"og:url\" content=\"https:\/\/www.jt-line.fi\/sve\/pihlajasaari\/\" \/>\n<meta property=\"og:site_name\" content=\"JT-line - Viapori - R\u00f6nnsk\u00e4r - charter kryssningar\" \/>\n<meta property=\"article:modified_time\" content=\"2022-03-23T09:09:59+00:00\" \/>\n<meta property=\"og:image\" content=\"https:\/\/www.jt-line.fi\/sve\/wp-content\/uploads\/sites\/8\/Pihlajasaari_Helsingin-Kaupunki.jpg\" \/>\n<meta name=\"twitter:card\" content=\"summary_large_image\" \/>\n<meta name=\"twitter:label1\" content=\"Ber\u00e4knad l\u00e4stid\" \/>\n\t<meta name=\"twitter:data1\" content=\"3 minuter\" \/>\n<script type=\"application\/ld+json\" class=\"yoast-schema-graph\">{\"@context\":\"https:\\\/\\\/schema.org\",\"@graph\":[{\"@type\":\"WebPage\",\"@id\":\"https:\\\/\\\/www.jt-line.fi\\\/sve\\\/pihlajasaari\\\/\",\"url\":\"https:\\\/\\\/www.jt-line.fi\\\/sve\\\/pihlajasaari\\\/\",\"name\":\"R\u00f6nnsk\u00e4r - En destination med sk\u00e4rg\u00e5rdsnatur, saker att g\u00f6ra f\u00f6r b\u00e5de barn och vuxna.\",\"isPartOf\":{\"@id\":\"https:\\\/\\\/www.jt-line.fi\\\/sve\\\/#website\"},\"primaryImageOfPage\":{\"@id\":\"https:\\\/\\\/www.jt-line.fi\\\/sve\\\/pihlajasaari\\\/#primaryimage\"},\"image\":{\"@id\":\"https:\\\/\\\/www.jt-line.fi\\\/sve\\\/pihlajasaari\\\/#primaryimage\"},\"thumbnailUrl\":\"https:\\\/\\\/www.jt-line.fi\\\/sve\\\/wp-content\\\/uploads\\\/sites\\\/8\\\/Pihlajasaari_Helsingin-Kaupunki.jpg\",\"datePublished\":\"2017-12-12T08:04:50+00:00\",\"dateModified\":\"2022-03-23T09:09:59+00:00\",\"description\":\"R\u00f6nnsk\u00e4r bjuder p\u00e5 m\u00e5ngsidig natur och vackra str\u00e4nder f\u00f6r b\u00e5de familjer som s\u00f6ker syssels\u00e4ttningar med sina barn, liksom folk som l\u00e4ngtar efter lugn och ro.\",\"breadcrumb\":{\"@id\":\"https:\\\/\\\/www.jt-line.fi\\\/sve\\\/pihlajasaari\\\/#breadcrumb\"},\"inLanguage\":\"sv-SE\",\"potentialAction\":[{\"@type\":\"ReadAction\",\"target\":[\"https:\\\/\\\/www.jt-line.fi\\\/sve\\\/pihlajasaari\\\/\"]}]},{\"@type\":\"ImageObject\",\"inLanguage\":\"sv-SE\",\"@id\":\"https:\\\/\\\/www.jt-line.fi\\\/sve\\\/pihlajasaari\\\/#primaryimage\",\"url\":\"https:\\\/\\\/www.jt-line.fi\\\/sve\\\/wp-content\\\/uploads\\\/sites\\\/8\\\/Pihlajasaari_Helsingin-Kaupunki.jpg\",\"contentUrl\":\"https:\\\/\\\/www.jt-line.fi\\\/sve\\\/wp-content\\\/uploads\\\/sites\\\/8\\\/Pihlajasaari_Helsingin-Kaupunki.jpg\",\"width\":800,\"height\":300,\"caption\":\"Pihlajasaari_Helsingin_kaupunki\"},{\"@type\":\"BreadcrumbList\",\"@id\":\"https:\\\/\\\/www.jt-line.fi\\\/sve\\\/pihlajasaari\\\/#breadcrumb\",\"itemListElement\":[{\"@type\":\"ListItem\",\"position\":1,\"name\":\"Home\",\"item\":\"https:\\\/\\\/www.jt-line.fi\\\/sve\\\/\"},{\"@type\":\"ListItem\",\"position\":2,\"name\":\"R\u00f6nnsk\u00e4r\"}]},{\"@type\":\"WebSite\",\"@id\":\"https:\\\/\\\/www.jt-line.fi\\\/sve\\\/#website\",\"url\":\"https:\\\/\\\/www.jt-line.fi\\\/sve\\\/\",\"name\":\"JT-line - Viapori - R\u00f6nnsk\u00e4r - charter kryssningar\",\"description\":\"| vesibussi - risteily - Helsingin saaristo - Suomenlinna - Pihlajasaari - Vallisaari\",\"potentialAction\":[{\"@type\":\"SearchAction\",\"target\":{\"@type\":\"EntryPoint\",\"urlTemplate\":\"https:\\\/\\\/www.jt-line.fi\\\/sve\\\/?s={search_term_string}\"},\"query-input\":{\"@type\":\"PropertyValueSpecification\",\"valueRequired\":true,\"valueName\":\"search_term_string\"}}],\"inLanguage\":\"sv-SE\"}]}<\/script>\n<!-- \/ Yoast SEO plugin. -->","yoast_head_json":{"title":"R\u00f6nnsk\u00e4r - En destination med sk\u00e4rg\u00e5rdsnatur, saker att g\u00f6ra f\u00f6r b\u00e5de barn och vuxna.","description":"R\u00f6nnsk\u00e4r bjuder p\u00e5 m\u00e5ngsidig natur och vackra str\u00e4nder f\u00f6r b\u00e5de familjer som s\u00f6ker syssels\u00e4ttningar med sina barn, liksom folk som l\u00e4ngtar efter lugn och ro.","robots":{"index":"index","follow":"follow","max-snippet":"max-snippet:-1","max-image-preview":"max-image-preview:large","max-video-preview":"max-video-preview:-1"},"canonical":"https:\/\/www.jt-line.fi\/sve\/pihlajasaari\/","og_locale":"sv_SE","og_type":"article","og_title":"R\u00f6nnsk\u00e4r - En destination med sk\u00e4rg\u00e5rdsnatur, saker att g\u00f6ra f\u00f6r b\u00e5de barn och vuxna.","og_description":"R\u00f6nnsk\u00e4r bjuder p\u00e5 m\u00e5ngsidig natur och vackra str\u00e4nder f\u00f6r b\u00e5de familjer som s\u00f6ker syssels\u00e4ttningar med sina barn, liksom folk som l\u00e4ngtar efter lugn och ro.","og_url":"https:\/\/www.jt-line.fi\/sve\/pihlajasaari\/","og_site_name":"JT-line - Viapori - R\u00f6nnsk\u00e4r - charter kryssningar","article_modified_time":"2022-03-23T09:09:59+00:00","og_image":[{"url":"https:\/\/www.jt-line.fi\/sve\/wp-content\/uploads\/sites\/8\/Pihlajasaari_Helsingin-Kaupunki.jpg","type":"","width":"","height":""}],"twitter_card":"summary_large_image","twitter_misc":{"Ber\u00e4knad l\u00e4stid":"3 minuter"},"schema":{"@context":"https:\/\/schema.org","@graph":[{"@type":"WebPage","@id":"https:\/\/www.jt-line.fi\/sve\/pihlajasaari\/","url":"https:\/\/www.jt-line.fi\/sve\/pihlajasaari\/","name":"R\u00f6nnsk\u00e4r - En destination med sk\u00e4rg\u00e5rdsnatur, saker att g\u00f6ra f\u00f6r b\u00e5de barn och vuxna.","isPartOf":{"@id":"https:\/\/www.jt-line.fi\/sve\/#website"},"primaryImageOfPage":{"@id":"https:\/\/www.jt-line.fi\/sve\/pihlajasaari\/#primaryimage"},"image":{"@id":"https:\/\/www.jt-line.fi\/sve\/pihlajasaari\/#primaryimage"},"thumbnailUrl":"https:\/\/www.jt-line.fi\/sve\/wp-content\/uploads\/sites\/8\/Pihlajasaari_Helsingin-Kaupunki.jpg","datePublished":"2017-12-12T08:04:50+00:00","dateModified":"2022-03-23T09:09:59+00:00","description":"R\u00f6nnsk\u00e4r bjuder p\u00e5 m\u00e5ngsidig natur och vackra str\u00e4nder f\u00f6r b\u00e5de familjer som s\u00f6ker syssels\u00e4ttningar med sina barn, liksom folk som l\u00e4ngtar efter lugn och ro.","breadcrumb":{"@id":"https:\/\/www.jt-line.fi\/sve\/pihlajasaari\/#breadcrumb"},"inLanguage":"sv-SE","potentialAction":[{"@type":"ReadAction","target":["https:\/\/www.jt-line.fi\/sve\/pihlajasaari\/"]}]},{"@type":"ImageObject","inLanguage":"sv-SE","@id":"https:\/\/www.jt-line.fi\/sve\/pihlajasaari\/#primaryimage","url":"https:\/\/www.jt-line.fi\/sve\/wp-content\/uploads\/sites\/8\/Pihlajasaari_Helsingin-Kaupunki.jpg","contentUrl":"https:\/\/www.jt-line.fi\/sve\/wp-content\/uploads\/sites\/8\/Pihlajasaari_Helsingin-Kaupunki.jpg","width":800,"height":300,"caption":"Pihlajasaari_Helsingin_kaupunki"},{"@type":"BreadcrumbList","@id":"https:\/\/www.jt-line.fi\/sve\/pihlajasaari\/#breadcrumb","itemListElement":[{"@type":"ListItem","position":1,"name":"Home","item":"https:\/\/www.jt-line.fi\/sve\/"},{"@type":"ListItem","position":2,"name":"R\u00f6nnsk\u00e4r"}]},{"@type":"WebSite","@id":"https:\/\/www.jt-line.fi\/sve\/#website","url":"https:\/\/www.jt-line.fi\/sve\/","name":"JT-line - Viapori - R\u00f6nnsk\u00e4r - charter kryssningar","description":"| vesibussi - risteily - Helsingin saaristo - Suomenlinna - Pihlajasaari - Vallisaari","potentialAction":[{"@type":"SearchAction","target":{"@type":"EntryPoint","urlTemplate":"https:\/\/www.jt-line.fi\/sve\/?s={search_term_string}"},"query-input":{"@type":"PropertyValueSpecification","valueRequired":true,"valueName":"search_term_string"}}],"inLanguage":"sv-SE"}]}},"_links":{"self":[{"href":"https:\/\/www.jt-line.fi\/sve\/wp-json\/wp\/v2\/pages\/124","targetHints":{"allow":["GET"]}}],"collection":[{"href":"https:\/\/www.jt-line.fi\/sve\/wp-json\/wp\/v2\/pages"}],"about":[{"href":"https:\/\/www.jt-line.fi\/sve\/wp-json\/wp\/v2\/types\/page"}],"author":[{"embeddable":true,"href":"https:\/\/www.jt-line.fi\/sve\/wp-json\/wp\/v2\/users\/1"}],"replies":[{"embeddable":true,"href":"https:\/\/www.jt-line.fi\/sve\/wp-json\/wp\/v2\/comments?post=124"}],"version-history":[{"count":0,"href":"https:\/\/www.jt-line.fi\/sve\/wp-json\/wp\/v2\/pages\/124\/revisions"}],"wp:attachment":[{"href":"https:\/\/www.jt-line.fi\/sve\/wp-json\/wp\/v2\/media?parent=124"}],"curies":[{"name":"wp","href":"https:\/\/api.w.org\/{rel}","templated":true}]}}