{"id":153,"date":"2017-12-12T10:36:02","date_gmt":"2017-12-12T08:36:02","guid":{"rendered":"https:\/\/www.jt-line.fi\/sve\/fin\/?page_id=153"},"modified":"2021-04-18T00:51:47","modified_gmt":"2021-04-17T21:51:47","slug":"vesibussi-tilausristeilyt","status":"publish","type":"page","link":"https:\/\/www.jt-line.fi\/sve\/vesibussi-tilausristeilyt\/","title":{"rendered":"TILAUSRISTEILYT"},"content":{"rendered":"<h1>Tilausristeilyt ja yksityiskuljetukset Helsingin saaristossa<\/h1>\n<p><img decoding=\"async\" class=\"alignnone size-medium wp-image-917\" src=\"https:\/\/www.jt-line.fi\/sve\/wp-content\/uploads\/sites\/8\/Vispil\u00e4.jpg\" alt=\"\" width=\"600\" height=\"*\" srcset=\"https:\/\/www.jt-line.fi\/sve\/wp-content\/uploads\/sites\/8\/Vispil\u00e4.jpg 1181w, https:\/\/www.jt-line.fi\/sve\/wp-content\/uploads\/sites\/8\/Vispil\u00e4-300x150.jpg 300w, https:\/\/www.jt-line.fi\/sve\/wp-content\/uploads\/sites\/8\/Vispil\u00e4-768x384.jpg 768w, https:\/\/www.jt-line.fi\/sve\/wp-content\/uploads\/sites\/8\/Vispil\u00e4-800x400.jpg 800w\" sizes=\"(max-width: 1181px) 100vw, 1181px\" \/><\/p>\n<p><strong>JT-Line toteuttaa tilausristeilyt ja yksityiskuljetukset Helsingin saaristossa vuosikymmenien kokemuksella<\/strong><\/p>\n<ul>\n<li><strong>Tilauskuljetukset Helsingin, Espoon ja niiden l\u00e4hialueiden saaristossa<\/strong><\/li>\n<li><strong>Risteilyt omalla aluksella isoille ja pienille ryhmille<\/strong><\/li>\n<\/ul>\n<p>Nauti Helsingin saaristosta suositulla saaristoristeilyll\u00e4!\u00a0Aluksemme ovat vuokrattavissa yksityiseen k\u00e4ytt\u00f6\u00f6n kaikenlaisiin tilaisuuksiin, lyhyist\u00e4 kuljetuksista koko p\u00e4iv\u00e4n kest\u00e4viin retkiin.<\/p>\n<p>Risteily merell\u00e4 tarjoaa viihtyis\u00e4t puitteet kokouksille, asiakastilaisuuksille, virkistysretkille ja erilaisille juhlille. Voitte valita mieleisenne kokonaisuuden valmiista risteilyideoistamme, tai voimme yhdess\u00e4 r\u00e4\u00e4t\u00e4l\u00f6id\u00e4 ryhm\u00e4llenne toiveidenne mukaisen risteilyn. My\u00f6s ruoka- ja juomatarjoilut ja ohjelmapalvelut j\u00e4rjestyv\u00e4t vaivattomasti kauttamme.<\/p>\n<p>Olemme pyrkineet kokoamaan kaiken tarpeellisen tiedon n\u00e4ille nettisivuille, jotta pystytte rauhassa suunnnittelemaan risteily\u00e4nne. Autamme tietysti mielell\u00e4mme tilaisuutenne suunnittelussa: <a href=\"https:\/\/www.jt-line.fi\/sve\/vesibussi-tilausristeilyt\/tarjouspyynto\/\">ota yhteytt\u00e4 myyntipalveluumme >><\/a><\/p>\n<p><a href=\"https:\/\/www.visitfinland.com\/sustainable-finland\/sustainable-travel-destinations\/\" target=\"_blank\" rel=\"noopener noreferrer\"><img decoding=\"async\" class=\"alignnone size-medium wp-image-2450\" src=\"https:\/\/www.jt-line.fi\/sve\/wp-content\/uploads\/sites\/8\/STF_web_JT-Line.jpg\" alt=\"Sustainable-Travel-Finland-logo\" width=\"250\" height=\"*\" srcset=\"https:\/\/www.jt-line.fi\/sve\/wp-content\/uploads\/sites\/8\/STF_web_JT-Line.jpg 689w, https:\/\/www.jt-line.fi\/sve\/wp-content\/uploads\/sites\/8\/STF_web_JT-Line-300x103.jpg 300w\" sizes=\"(max-width: 689px) 100vw, 689px\" \/><\/a> \u00a0\u00a0 \u00a0\u00a0<a href=\"https:\/\/ekokompassi.fi\/\" target=\"_blank\" rel=\"noopener noreferrer\"><img decoding=\"async\" class=\"alignnone size-medium wp-image-2449\" src=\"https:\/\/www.jt-line.fi\/sve\/wp-content\/uploads\/sites\/8\/Ekokompassi_web_JT-Line.png\" alt=\"Ekokompassi-logo\" width=\"250\" height=\"*\" srcset=\"https:\/\/www.jt-line.fi\/sve\/wp-content\/uploads\/sites\/8\/Ekokompassi_web_JT-Line.png 697w, https:\/\/www.jt-line.fi\/sve\/wp-content\/uploads\/sites\/8\/Ekokompassi_web_JT-Line-300x102.png 300w\" sizes=\"(max-width: 697px) 100vw, 697px\" \/><\/a><\/p>\n","protected":false},"excerpt":{"rendered":"<p>Tilausristeilyt ja yksityiskuljetukset Helsingin saaristossa JT-Line toteuttaa tilausristeilyt ja yksityiskuljetukset Helsingin saaristossa vuosikymmenien kokemuksella Tilauskuljetukset Helsingin, Espoon ja niiden l\u00e4hialueiden saaristossa Risteilyt omalla aluksella isoille ja pienille ryhmille Nauti Helsingin saaristosta suositulla saaristoristeilyll\u00e4!\u00a0Aluksemme ovat vuokrattavissa yksityiseen k\u00e4ytt\u00f6\u00f6n kaikenlaisiin tilaisuuksiin, lyhyist\u00e4 kuljetuksista koko p\u00e4iv\u00e4n kest\u00e4viin retkiin. Risteily merell\u00e4 tarjoaa viihtyis\u00e4t puitteet kokouksille, asiakastilaisuuksille, virkistysretkille ja erilaisille&#8230;<\/p>\n","protected":false},"author":1,"featured_media":0,"parent":0,"menu_order":0,"comment_status":"closed","ping_status":"closed","template":"","meta":{"footnotes":""},"class_list":["post-153","page","type-page","status-publish","hentry"],"yoast_head":"<!-- This site is optimized with the Yoast SEO plugin v27.5 - https:\/\/yoast.com\/product\/yoast-seo-wordpress\/ -->\n<title>Tilausristeilyt ja yksityiskuljetukset Helsingin saaristossa - JT-Line<\/title>\n<meta name=\"description\" content=\"Tilausristeilyt ja yksityiskuljetukset Helsingin saaristossa. Yritystilaisuudet ja perhejuhlat merell\u00e4. Ymp\u00e4rist\u00f6sertifioitu varustamo.\" \/>\n<meta name=\"robots\" content=\"index, follow, max-snippet:-1, max-image-preview:large, max-video-preview:-1\" \/>\n<link rel=\"canonical\" href=\"https:\/\/www.jt-line.fi\/sve\/vesibussi-tilausristeilyt\/\" \/>\n<meta property=\"og:locale\" content=\"sv_SE\" \/>\n<meta property=\"og:type\" content=\"article\" \/>\n<meta property=\"og:title\" content=\"Tilausristeilyt ja yksityiskuljetukset Helsingin saaristossa - JT-Line\" \/>\n<meta property=\"og:description\" content=\"Tilausristeilyt ja yksityiskuljetukset Helsingin saaristossa. Yritystilaisuudet ja perhejuhlat merell\u00e4. Ymp\u00e4rist\u00f6sertifioitu varustamo.\" \/>\n<meta property=\"og:url\" content=\"https:\/\/www.jt-line.fi\/sve\/vesibussi-tilausristeilyt\/\" \/>\n<meta property=\"og:site_name\" content=\"JT-line - Viapori - R\u00f6nnsk\u00e4r - charter kryssningar\" \/>\n<meta property=\"article:modified_time\" content=\"2021-04-17T21:51:47+00:00\" \/>\n<meta property=\"og:image\" content=\"https:\/\/www.jt-line.fi\/sve\/wp-content\/uploads\/sites\/8\/Vispil\u00e4.jpg\" \/>\n<meta name=\"twitter:card\" content=\"summary_large_image\" \/>\n<meta name=\"twitter:label1\" content=\"Ber\u00e4knad l\u00e4stid\" \/>\n\t<meta name=\"twitter:data1\" content=\"2 minuter\" \/>\n<script type=\"application\/ld+json\" class=\"yoast-schema-graph\">{\"@context\":\"https:\\\/\\\/schema.org\",\"@graph\":[{\"@type\":\"WebPage\",\"@id\":\"https:\\\/\\\/www.jt-line.fi\\\/sve\\\/vesibussi-tilausristeilyt\\\/\",\"url\":\"https:\\\/\\\/www.jt-line.fi\\\/sve\\\/vesibussi-tilausristeilyt\\\/\",\"name\":\"Tilausristeilyt ja yksityiskuljetukset Helsingin saaristossa - JT-Line\",\"isPartOf\":{\"@id\":\"https:\\\/\\\/www.jt-line.fi\\\/sve\\\/#website\"},\"primaryImageOfPage\":{\"@id\":\"https:\\\/\\\/www.jt-line.fi\\\/sve\\\/vesibussi-tilausristeilyt\\\/#primaryimage\"},\"image\":{\"@id\":\"https:\\\/\\\/www.jt-line.fi\\\/sve\\\/vesibussi-tilausristeilyt\\\/#primaryimage\"},\"thumbnailUrl\":\"https:\\\/\\\/www.jt-line.fi\\\/sve\\\/wp-content\\\/uploads\\\/sites\\\/8\\\/STF_web_JT-Line.jpg\",\"datePublished\":\"2017-12-12T08:36:02+00:00\",\"dateModified\":\"2021-04-17T21:51:47+00:00\",\"description\":\"Tilausristeilyt ja yksityiskuljetukset Helsingin saaristossa. Yritystilaisuudet ja perhejuhlat merell\u00e4. Ymp\u00e4rist\u00f6sertifioitu varustamo.\",\"breadcrumb\":{\"@id\":\"https:\\\/\\\/www.jt-line.fi\\\/sve\\\/vesibussi-tilausristeilyt\\\/#breadcrumb\"},\"inLanguage\":\"sv-SE\",\"potentialAction\":[{\"@type\":\"ReadAction\",\"target\":[\"https:\\\/\\\/www.jt-line.fi\\\/sve\\\/vesibussi-tilausristeilyt\\\/\"]}]},{\"@type\":\"ImageObject\",\"inLanguage\":\"sv-SE\",\"@id\":\"https:\\\/\\\/www.jt-line.fi\\\/sve\\\/vesibussi-tilausristeilyt\\\/#primaryimage\",\"url\":\"https:\\\/\\\/www.jt-line.fi\\\/sve\\\/wp-content\\\/uploads\\\/sites\\\/8\\\/STF_web_JT-Line.jpg\",\"contentUrl\":\"https:\\\/\\\/www.jt-line.fi\\\/sve\\\/wp-content\\\/uploads\\\/sites\\\/8\\\/STF_web_JT-Line.jpg\",\"width\":689,\"height\":236,\"caption\":\"Sustainable-Travel-Finland-logo\"},{\"@type\":\"BreadcrumbList\",\"@id\":\"https:\\\/\\\/www.jt-line.fi\\\/sve\\\/vesibussi-tilausristeilyt\\\/#breadcrumb\",\"itemListElement\":[{\"@type\":\"ListItem\",\"position\":1,\"name\":\"Home\",\"item\":\"https:\\\/\\\/www.jt-line.fi\\\/sve\\\/\"},{\"@type\":\"ListItem\",\"position\":2,\"name\":\"TILAUSRISTEILYT\"}]},{\"@type\":\"WebSite\",\"@id\":\"https:\\\/\\\/www.jt-line.fi\\\/sve\\\/#website\",\"url\":\"https:\\\/\\\/www.jt-line.fi\\\/sve\\\/\",\"name\":\"JT-line - Viapori - R\u00f6nnsk\u00e4r - charter kryssningar\",\"description\":\"| vesibussi - risteily - Helsingin saaristo - Suomenlinna - Pihlajasaari - Vallisaari\",\"potentialAction\":[{\"@type\":\"SearchAction\",\"target\":{\"@type\":\"EntryPoint\",\"urlTemplate\":\"https:\\\/\\\/www.jt-line.fi\\\/sve\\\/?s={search_term_string}\"},\"query-input\":{\"@type\":\"PropertyValueSpecification\",\"valueRequired\":true,\"valueName\":\"search_term_string\"}}],\"inLanguage\":\"sv-SE\"}]}<\/script>\n<!-- \/ Yoast SEO plugin. -->","yoast_head_json":{"title":"Tilausristeilyt ja yksityiskuljetukset Helsingin saaristossa - JT-Line","description":"Tilausristeilyt ja yksityiskuljetukset Helsingin saaristossa. Yritystilaisuudet ja perhejuhlat merell\u00e4. Ymp\u00e4rist\u00f6sertifioitu varustamo.","robots":{"index":"index","follow":"follow","max-snippet":"max-snippet:-1","max-image-preview":"max-image-preview:large","max-video-preview":"max-video-preview:-1"},"canonical":"https:\/\/www.jt-line.fi\/sve\/vesibussi-tilausristeilyt\/","og_locale":"sv_SE","og_type":"article","og_title":"Tilausristeilyt ja yksityiskuljetukset Helsingin saaristossa - JT-Line","og_description":"Tilausristeilyt ja yksityiskuljetukset Helsingin saaristossa. Yritystilaisuudet ja perhejuhlat merell\u00e4. Ymp\u00e4rist\u00f6sertifioitu varustamo.","og_url":"https:\/\/www.jt-line.fi\/sve\/vesibussi-tilausristeilyt\/","og_site_name":"JT-line - Viapori - R\u00f6nnsk\u00e4r - charter kryssningar","article_modified_time":"2021-04-17T21:51:47+00:00","og_image":[{"url":"https:\/\/www.jt-line.fi\/sve\/wp-content\/uploads\/sites\/8\/Vispil\u00e4.jpg","type":"","width":"","height":""}],"twitter_card":"summary_large_image","twitter_misc":{"Ber\u00e4knad l\u00e4stid":"2 minuter"},"schema":{"@context":"https:\/\/schema.org","@graph":[{"@type":"WebPage","@id":"https:\/\/www.jt-line.fi\/sve\/vesibussi-tilausristeilyt\/","url":"https:\/\/www.jt-line.fi\/sve\/vesibussi-tilausristeilyt\/","name":"Tilausristeilyt ja yksityiskuljetukset Helsingin saaristossa - JT-Line","isPartOf":{"@id":"https:\/\/www.jt-line.fi\/sve\/#website"},"primaryImageOfPage":{"@id":"https:\/\/www.jt-line.fi\/sve\/vesibussi-tilausristeilyt\/#primaryimage"},"image":{"@id":"https:\/\/www.jt-line.fi\/sve\/vesibussi-tilausristeilyt\/#primaryimage"},"thumbnailUrl":"https:\/\/www.jt-line.fi\/sve\/wp-content\/uploads\/sites\/8\/STF_web_JT-Line.jpg","datePublished":"2017-12-12T08:36:02+00:00","dateModified":"2021-04-17T21:51:47+00:00","description":"Tilausristeilyt ja yksityiskuljetukset Helsingin saaristossa. Yritystilaisuudet ja perhejuhlat merell\u00e4. Ymp\u00e4rist\u00f6sertifioitu varustamo.","breadcrumb":{"@id":"https:\/\/www.jt-line.fi\/sve\/vesibussi-tilausristeilyt\/#breadcrumb"},"inLanguage":"sv-SE","potentialAction":[{"@type":"ReadAction","target":["https:\/\/www.jt-line.fi\/sve\/vesibussi-tilausristeilyt\/"]}]},{"@type":"ImageObject","inLanguage":"sv-SE","@id":"https:\/\/www.jt-line.fi\/sve\/vesibussi-tilausristeilyt\/#primaryimage","url":"https:\/\/www.jt-line.fi\/sve\/wp-content\/uploads\/sites\/8\/STF_web_JT-Line.jpg","contentUrl":"https:\/\/www.jt-line.fi\/sve\/wp-content\/uploads\/sites\/8\/STF_web_JT-Line.jpg","width":689,"height":236,"caption":"Sustainable-Travel-Finland-logo"},{"@type":"BreadcrumbList","@id":"https:\/\/www.jt-line.fi\/sve\/vesibussi-tilausristeilyt\/#breadcrumb","itemListElement":[{"@type":"ListItem","position":1,"name":"Home","item":"https:\/\/www.jt-line.fi\/sve\/"},{"@type":"ListItem","position":2,"name":"TILAUSRISTEILYT"}]},{"@type":"WebSite","@id":"https:\/\/www.jt-line.fi\/sve\/#website","url":"https:\/\/www.jt-line.fi\/sve\/","name":"JT-line - Viapori - R\u00f6nnsk\u00e4r - charter kryssningar","description":"| vesibussi - risteily - Helsingin saaristo - Suomenlinna - Pihlajasaari - Vallisaari","potentialAction":[{"@type":"SearchAction","target":{"@type":"EntryPoint","urlTemplate":"https:\/\/www.jt-line.fi\/sve\/?s={search_term_string}"},"query-input":{"@type":"PropertyValueSpecification","valueRequired":true,"valueName":"search_term_string"}}],"inLanguage":"sv-SE"}]}},"_links":{"self":[{"href":"https:\/\/www.jt-line.fi\/sve\/wp-json\/wp\/v2\/pages\/153","targetHints":{"allow":["GET"]}}],"collection":[{"href":"https:\/\/www.jt-line.fi\/sve\/wp-json\/wp\/v2\/pages"}],"about":[{"href":"https:\/\/www.jt-line.fi\/sve\/wp-json\/wp\/v2\/types\/page"}],"author":[{"embeddable":true,"href":"https:\/\/www.jt-line.fi\/sve\/wp-json\/wp\/v2\/users\/1"}],"replies":[{"embeddable":true,"href":"https:\/\/www.jt-line.fi\/sve\/wp-json\/wp\/v2\/comments?post=153"}],"version-history":[{"count":0,"href":"https:\/\/www.jt-line.fi\/sve\/wp-json\/wp\/v2\/pages\/153\/revisions"}],"wp:attachment":[{"href":"https:\/\/www.jt-line.fi\/sve\/wp-json\/wp\/v2\/media?parent=153"}],"curies":[{"name":"wp","href":"https:\/\/api.w.org\/{rel}","templated":true}]}}