{"id":158,"date":"2017-12-12T10:43:36","date_gmt":"2017-12-12T08:43:36","guid":{"rendered":"https:\/\/www.jt-line.fi\/sve\/fin\/?page_id=158"},"modified":"2021-04-18T00:47:58","modified_gmt":"2021-04-17T21:47:58","slug":"tilausristeilyt-alukset-hinnat","status":"publish","type":"page","link":"https:\/\/www.jt-line.fi\/sve\/vesibussi-tilausristeilyt\/tilausristeilyt-alukset-hinnat\/","title":{"rendered":"ALUKSET &#038; HINNAT"},"content":{"rendered":"<h1>Tilausristeilyt ja yksityiskuljetukset: alukset & hinnat<\/h1>\n<p>Nauti Helsingin saaristosta suositulla saaristoristeilyll\u00e4! Vuokraamme kaikkia aluksiamme aikaveloituksella. Veloitus lasketaan aina kotisatamasta kotisatamaan riippumatta risteilyn l\u00e4ht\u00f6laiturista. Kotisatamamme on Hakaniemi. Pyyt\u00e4m\u00e4ll\u00e4 tarjouksen toimistoltamme saatte tarkan hinnan suunnittelemallenne risteilylle.<\/p>\n<p>Alla mainitut hinnat sis\u00e4lt\u00e4v\u00e4t arvonlis\u00e4veron 10 % ja ovat voimassa vuoden 2021 loppuun asti. Alla mainittuihin hintoihin lis\u00e4t\u00e4\u00e4n y\u00f6lis\u00e4 klo 24.00 \u2013 06.00 v\u00e4lisen\u00e4 aikana. Y\u00f6lis\u00e4 on 55,00 \u20ac \/ tunti (sis\u00e4lt\u00e4en arvonlis\u00e4veron 10 %). Pid\u00e4mme oikeuden hinnankorotukseen arvonlis\u00e4veron osalta, mik\u00e4li alv-% muuttuu.<\/p>\n<p>Klikkaamalla aluksen nime\u00e4 saatte lis\u00e4tietoja ja -kuvia kyseisest\u00e4 aluksesta!<\/p>\n<p><strong>KAIKENLAISIIN RISTEILYIHIN JA KULJETUKSIIN SOPIVAT ALUKSET:<\/strong><\/p>\n<p><div class='content-column one_third'><div style=\"padding-right:20px;\"><strong><a href=\"https:\/\/www.jt-line.fi\/sve\/tilausristeilyt\/tilausristeilyt-alukset-hinnat\/vesibussi-amiraali\/\">M\/S AMIRAALI<\/a><\/strong><br \/>\n<a href=\"https:\/\/www.jt-line.fi\/sve\/tilausristeilyt\/tilausristeilyt-alukset-hinnat\/vesibussi-amiraali\/\"><img loading=\"lazy\" decoding=\"async\" class=\"alignnone wp-image-160 size-full\" src=\"https:\/\/www.jt-line.fi\/sve\/wp-content\/uploads\/sites\/8\/Amiraali_pikkukuva2013.jpg\" alt=\"Amiraali\" width=\"148\" height=\"73\" \/><\/a><br \/>\n<em>Tilava ja siisti alus, iso aurinkokansi.<\/em><br \/>\n<em> Ruokailupaikkoja 80.<\/em><br \/>\n<strong>1. tunti: 825 \u20ac<\/strong><br \/>\n<strong>Seuraavat tunnit: 330 \u20ac<\/strong><\/div><\/div><div class='content-column one_third'><div style=\"padding-right:20px;\"><strong><a href=\"https:\/\/www.jt-line.fi\/sve\/tilausristeilyt\/tilausristeilyt-alukset-hinnat\/vesibussi-chapman\/\">M\/S CHAPMAN<\/a><\/strong><br \/>\n<a href=\"https:\/\/www.jt-line.fi\/sve\/tilausristeilyt\/tilausristeilyt-alukset-hinnat\/vesibussi-chapman\/\"><img loading=\"lazy\" decoding=\"async\" class=\"alignnone size-full wp-image-161\" src=\"https:\/\/www.jt-line.fi\/sve\/wp-content\/uploads\/sites\/8\/Chapman_pikkukuva2013.jpg\" alt=\"Chapman_pikkukuva2013\" width=\"148\" height=\"73\" \/><\/a><br \/>\n<em>Suosittu ja viihtyis\u00e4 risteilyalus.<\/em><br \/>\n<em> Ruokailupaikkoja 60.<\/em><br \/>\n<strong>1. tunti: 825 \u20ac<\/strong><br \/>\n<strong>Seuraavat tunnit: 330 \u20ac<\/strong><\/div><\/div><div class='content-column one_third last_column'><div style=\"padding-right:20px;\"><a href=\"https:\/\/www.jt-line.fi\/sve\/tilausristeilyt\/tilausristeilyt-alukset-hinnat\/m-s-hymy\/\"><b>M\/S HYMY<\/b><\/a><br \/>\n<a href=\"https:\/\/www.jt-line.fi\/sve\/tilausristeilyt\/tilausristeilyt-alukset-hinnat\/vesibussi-hymy\/\"><img loading=\"lazy\" decoding=\"async\" class=\"alignnone size-full wp-image-163\" src=\"https:\/\/www.jt-line.fi\/sve\/wp-content\/uploads\/sites\/8\/Hymy_pikkukuva2016.jpg\" alt=\"Hymy_pikkukuva2016\" width=\"148\" height=\"73\" \/><\/a><br \/>\n<em>Kaunis perinteinen puualus.<\/em><br \/>\n<em> Ruokailupaikkoja 30.<\/em><br \/>\n<strong>1. tunti: 440 \u20ac<\/strong><br \/>\n<strong>Seuraavat tunnit: 220 \u20ac<\/strong><\/div><\/div><div class='clear_column'><\/div><\/p>\n<p><div class='content-column one_third'><div style=\"padding-right:20px;\"><a href=\"https:\/\/www.jt-line.fi\/sve\/tilausristeilyt\/tilausristeilyt-alukset-hinnat\/vesibussi-ilves\/\"><b>M\/S ILVES<\/b><\/a><br \/>\n<a href=\"https:\/\/www.jt-line.fi\/sve\/tilausristeilyt\/tilausristeilyt-alukset-hinnat\/vesibussi-ilves\/\"><img loading=\"lazy\" decoding=\"async\" class=\"alignnone size-full wp-image-164\" src=\"https:\/\/www.jt-line.fi\/sve\/wp-content\/uploads\/sites\/8\/Ilves_pikkukuva2015.jpg\" alt=\"Ilves_pikkukuva2015\" width=\"148\" height=\"73\" \/><\/a><br \/>\n<em>Mukava ja tilava alus, jossa on paljon istumapaikkoja sek\u00e4 sis\u00e4ll\u00e4 ett\u00e4 aurinkokannella.<\/em><br \/>\n<em> Ruokailupaikkoja 48.<\/em><br \/>\n<strong>1. tunti: 550 \u20ac<\/strong><br \/>\n<strong>Seuraavat tunnit: 220 \u20ac<\/strong><\/div><\/div><div class='content-column one_third'><div style=\"padding-right:20px;\"><strong><a href=\"https:\/\/www.jt-line.fi\/sve\/tilausristeilyt\/tilausristeilyt-alukset-hinnat\/vesibussi-monica\/\">M\/S MONICA<\/a><\/strong><br \/>\n<a href=\"https:\/\/www.jt-line.fi\/sve\/tilausristeilyt\/tilausristeilyt-alukset-hinnat\/vesibussi-monica\/\"><img loading=\"lazy\" decoding=\"async\" class=\"alignnone size-full wp-image-166\" src=\"https:\/\/www.jt-line.fi\/sve\/wp-content\/uploads\/sites\/8\/Monica_pikkukuva2013.jpg\" alt=\"Monica_pikkukuva2013\" width=\"148\" height=\"73\" \/><\/a><br \/>\n<em>Eritt\u00e4in suosittu puualus, kaunis ja tunnelmallinen.<\/em><br \/>\n<em> Ruokailupaikkoja 48<\/em><br \/>\n<strong>1. tunti: 495 \u20ac<\/strong><br \/>\n<strong>Seuraavat tunnit: 220 \u20ac<\/strong><\/div><\/div><div class='content-column one_third last_column'><div style=\"padding-right:20px;\"><a href=\"https:\/\/www.jt-line.fi\/sve\/tilausristeilyt\/tilausristeilyt-alukset-hinnat\/vesibussi-panda\/\"><b>M\/S PANDA<\/b><\/a><br \/>\n<a href=\"https:\/\/www.jt-line.fi\/sve\/tilausristeilyt\/tilausristeilyt-alukset-hinnat\/vesibussi-panda\/\"><img loading=\"lazy\" decoding=\"async\" class=\"alignnone size-full wp-image-167\" src=\"https:\/\/www.jt-line.fi\/sve\/wp-content\/uploads\/sites\/8\/Panda_pikkukuva2016.jpg\" alt=\"Panda_pikkukuva2016\" width=\"148\" height=\"73\" \/><\/a><br \/>\n<em>Vieh\u00e4tt\u00e4v\u00e4 perinteinen puualus, jossa on paljon istumapaikkoja sek\u00e4 sis\u00e4ll\u00e4 ett\u00e4 aurinkokannella.<\/em><br \/>\n<em> Ruokailupaikkoja 48.<\/em><br \/>\n<strong>1. tunti: 550 \u20ac<\/strong><br \/>\n<strong>Seuraavat tunnit: 220 \u20ac<\/strong><\/div><\/div><div class='clear_column'><\/div><\/p>\n<p><div class='content-column one_third'><div style=\"padding-right:20px;\"><strong><a href=\"https:\/\/www.jt-line.fi\/sve\/tilausristeilyt\/tilausristeilyt-alukset-hinnat\/vesibussi-walhalla\/\">M\/S WALHALLA<\/a><\/strong><br \/>\n<a href=\"https:\/\/www.jt-line.fi\/sve\/tilausristeilyt\/tilausristeilyt-alukset-hinnat\/vesibussi-walhalla\/\"><img loading=\"lazy\" decoding=\"async\" class=\"alignnone size-full wp-image-168\" src=\"https:\/\/www.jt-line.fi\/sve\/wp-content\/uploads\/sites\/8\/Walhalla_pikkukuva2013.jpg\" alt=\"Walhalla_pikkukuva2013\" width=\"148\" height=\"73\" \/><\/a><br \/>\n<em>M\u00e4ntymahonkinen, vuonna 2011 uudistettu alus.<\/em><br \/>\n<em> Ruokailupaikkoja 30.<\/em><br \/>\n<strong>1. tunti: 440 \u20ac<\/strong><br \/>\n<strong>Seuraavat tunnit: 220 \u20ac<\/strong><\/div><\/div><div class='content-column one_third'><div style=\"padding-right:20px;\"><strong><a href=\"https:\/\/www.jt-line.fi\/sve\/tilausristeilyt\/tilausristeilyt-alukset-hinnat\/vesibussi-viapori\/\">M\/S VIAPORI<\/a><\/strong><br \/>\n<a href=\"https:\/\/www.jt-line.fi\/sve\/tilausristeilyt\/tilausristeilyt-alukset-hinnat\/vesibussi-viapori\/\"><img loading=\"lazy\" decoding=\"async\" class=\"alignnone size-full wp-image-169\" src=\"https:\/\/www.jt-line.fi\/sve\/wp-content\/uploads\/sites\/8\/Viapori_pikkukuva2013.jpg\" alt=\"Viapori_pikkukuva2013\" width=\"148\" height=\"72\" \/><\/a><br \/>\n<em>Siisti, vuonna 2009 uudistettu risteilyalus.<\/em><br \/>\n<em> Ruokailupaikkoja 50.<\/em><br \/>\n<strong>1. tunti: 660 \u20ac<\/strong><br \/>\n<strong>Seuraavat tunnit: 275 \u20ac<\/strong><\/div><\/div><div class='content-column one_third last_column'><div style=\"padding-right:20px;\"><a href=\"https:\/\/www.jt-line.fi\/sve\/tilausristeilyt\/tilausristeilyt-alukset-hinnat\/vesibussi-vispila\/\"><b>PW\/S VISPIL\u00c4<\/b><\/a><br \/>\n<a href=\"https:\/\/www.jt-line.fi\/sve\/tilausristeilyt\/tilausristeilyt-alukset-hinnat\/vesibussi-vispila\/\"><img loading=\"lazy\" decoding=\"async\" class=\"alignnone size-full wp-image-170\" src=\"https:\/\/www.jt-line.fi\/sve\/wp-content\/uploads\/sites\/8\/Vispil_pikkukuva2016.jpg\" alt=\"Vispil_pikkukuva2016\" width=\"148\" height=\"73\" \/><\/a><br \/>\n<em>Eritt\u00e4in edustava siipirataslaiva isommille ryhmille.<\/em><br \/>\n<em> Ruokailupaikkoja 100.<\/em><br \/>\n<strong>1. tunti: 1045 \u20ac<\/strong><br \/>\n<strong>Seuraavat tunnit: 385 \u20ac<\/strong><\/div><\/div><div class='clear_column'><\/div><\/p>\n<p><strong>LYHYISIIN KULJETUKSIIN SOPIVAT ALUKSET:<\/strong><\/p>\n<p><div class='content-column one_third'><div style=\"padding-right:20px;\"><strong><a href=\"https:\/\/www.jt-line.fi\/sve\/tilausristeilyt\/tilausristeilyt-alukset-hinnat\/vesibussi-esa\/\">M\/S ESA<\/a><\/strong><br \/>\n<a href=\"https:\/\/www.jt-line.fi\/sve\/tilausristeilyt\/tilausristeilyt-alukset-hinnat\/vesibussi-esa\/\"><img loading=\"lazy\" decoding=\"async\" class=\"alignnone size-full wp-image-162\" src=\"https:\/\/www.jt-line.fi\/sve\/wp-content\/uploads\/sites\/8\/Esa_pikkukuva2013.jpg\" alt=\"Esa_pikkukuva2013\" width=\"148\" height=\"73\" \/><\/a><br \/>\n<em>Mahonkinen perinnealus, sopii lyhyisiin kuljetuksiin.<\/em><br \/>\n<strong>1. tunti: 440 \u20ac<\/strong><br \/>\n<strong>Seuraavat tunnit: 220 \u20ac<\/strong><br \/><\/div><\/div><div class='content-column one_third'><div style=\"padding-right:20px;\"><strong><a href=\"https:\/\/www.jt-line.fi\/sve\/tilausristeilyt\/tilausristeilyt-alukset-hinnat\/vesibussi-meritahti\/\">M\/S MERIT\u00c4HTI<\/a><\/strong><br \/>\n<a href=\"https:\/\/www.jt-line.fi\/sve\/tilausristeilyt\/tilausristeilyt-alukset-hinnat\/vesibussi-meritahti\/\"><img loading=\"lazy\" decoding=\"async\" class=\"alignnone size-full wp-image-165\" src=\"https:\/\/www.jt-line.fi\/sve\/wp-content\/uploads\/sites\/8\/Meritahti_pikkukuva2013.jpg\" alt=\"Meritahti_pikkukuva2013\" width=\"148\" height=\"73\" \/><\/a><br \/>\n<em>Mahonkinen alus, sopii lyhyisiin kuljetuksiin ja pienille risteilyille.<\/em><br \/>\n<strong>1. tunti: 440 \u20ac<\/strong><br \/>\n<strong>Seuraavat tunnit: 220 \u20ac<\/strong><\/div><\/div><div class='content-column one_third last_column'><div style=\"padding-right:20px;\"><\/div><\/div><div class='clear_column'><\/div><\/p>\n","protected":false},"excerpt":{"rendered":"<p>Tilausristeilyt ja yksityiskuljetukset: alukset &#038; hinnat Nauti Helsingin saaristosta suositulla saaristoristeilyll\u00e4! Vuokraamme kaikkia aluksiamme aikaveloituksella. Veloitus lasketaan aina kotisatamasta kotisatamaan riippumatta risteilyn l\u00e4ht\u00f6laiturista. Kotisatamamme on Hakaniemi. Pyyt\u00e4m\u00e4ll\u00e4 tarjouksen toimistoltamme saatte tarkan hinnan suunnittelemallenne risteilylle. Alla mainitut hinnat sis\u00e4lt\u00e4v\u00e4t arvonlis\u00e4veron 10 % ja ovat voimassa vuoden 2021 loppuun asti. Alla mainittuihin hintoihin lis\u00e4t\u00e4\u00e4n y\u00f6lis\u00e4 klo 24.00&#8230;<\/p>\n","protected":false},"author":1,"featured_media":0,"parent":153,"menu_order":1,"comment_status":"closed","ping_status":"closed","template":"","meta":{"footnotes":""},"class_list":["post-158","page","type-page","status-publish","hentry"],"yoast_head":"<!-- This site is optimized with the Yoast SEO plugin v27.5 - https:\/\/yoast.com\/product\/yoast-seo-wordpress\/ -->\n<title>ALUKSET &amp; HINNAT - JT-line - Viapori - R\u00f6nnsk\u00e4r - charter kryssningar<\/title>\n<meta name=\"robots\" content=\"index, follow, max-snippet:-1, max-image-preview:large, max-video-preview:-1\" \/>\n<link rel=\"canonical\" href=\"https:\/\/www.jt-line.fi\/sve\/vesibussi-tilausristeilyt\/tilausristeilyt-alukset-hinnat\/\" \/>\n<meta property=\"og:locale\" content=\"sv_SE\" \/>\n<meta property=\"og:type\" content=\"article\" \/>\n<meta property=\"og:title\" content=\"ALUKSET &amp; HINNAT - JT-line - Viapori - R\u00f6nnsk\u00e4r - charter kryssningar\" \/>\n<meta property=\"og:description\" content=\"Tilausristeilyt ja yksityiskuljetukset: alukset &amp; hinnat Nauti Helsingin saaristosta suositulla saaristoristeilyll\u00e4! Vuokraamme kaikkia aluksiamme aikaveloituksella. Veloitus lasketaan aina kotisatamasta kotisatamaan riippumatta risteilyn l\u00e4ht\u00f6laiturista. Kotisatamamme on Hakaniemi. Pyyt\u00e4m\u00e4ll\u00e4 tarjouksen toimistoltamme saatte tarkan hinnan suunnittelemallenne risteilylle. Alla mainitut hinnat sis\u00e4lt\u00e4v\u00e4t arvonlis\u00e4veron 10 % ja ovat voimassa vuoden 2021 loppuun asti. Alla mainittuihin hintoihin lis\u00e4t\u00e4\u00e4n y\u00f6lis\u00e4 klo 24.00...\" \/>\n<meta property=\"og:url\" content=\"https:\/\/www.jt-line.fi\/sve\/vesibussi-tilausristeilyt\/tilausristeilyt-alukset-hinnat\/\" \/>\n<meta property=\"og:site_name\" content=\"JT-line - Viapori - R\u00f6nnsk\u00e4r - charter kryssningar\" \/>\n<meta property=\"article:modified_time\" content=\"2021-04-17T21:47:58+00:00\" \/>\n<meta property=\"og:image\" content=\"https:\/\/www.jt-line.fi\/sve\/wp-content\/uploads\/sites\/8\/Amiraali_pikkukuva2013.jpg\" \/>\n<meta name=\"twitter:card\" content=\"summary_large_image\" \/>\n<meta name=\"twitter:label1\" content=\"Ber\u00e4knad l\u00e4stid\" \/>\n\t<meta name=\"twitter:data1\" content=\"4 minuter\" \/>\n<script type=\"application\/ld+json\" class=\"yoast-schema-graph\">{\"@context\":\"https:\\\/\\\/schema.org\",\"@graph\":[{\"@type\":\"WebPage\",\"@id\":\"https:\\\/\\\/www.jt-line.fi\\\/sve\\\/vesibussi-tilausristeilyt\\\/tilausristeilyt-alukset-hinnat\\\/\",\"url\":\"https:\\\/\\\/www.jt-line.fi\\\/sve\\\/vesibussi-tilausristeilyt\\\/tilausristeilyt-alukset-hinnat\\\/\",\"name\":\"ALUKSET & HINNAT - JT-line - Viapori - R\u00f6nnsk\u00e4r - charter kryssningar\",\"isPartOf\":{\"@id\":\"https:\\\/\\\/www.jt-line.fi\\\/sve\\\/#website\"},\"primaryImageOfPage\":{\"@id\":\"https:\\\/\\\/www.jt-line.fi\\\/sve\\\/vesibussi-tilausristeilyt\\\/tilausristeilyt-alukset-hinnat\\\/#primaryimage\"},\"image\":{\"@id\":\"https:\\\/\\\/www.jt-line.fi\\\/sve\\\/vesibussi-tilausristeilyt\\\/tilausristeilyt-alukset-hinnat\\\/#primaryimage\"},\"thumbnailUrl\":\"https:\\\/\\\/www.jt-line.fi\\\/sve\\\/wp-content\\\/uploads\\\/sites\\\/8\\\/Amiraali_pikkukuva2013.jpg\",\"datePublished\":\"2017-12-12T08:43:36+00:00\",\"dateModified\":\"2021-04-17T21:47:58+00:00\",\"breadcrumb\":{\"@id\":\"https:\\\/\\\/www.jt-line.fi\\\/sve\\\/vesibussi-tilausristeilyt\\\/tilausristeilyt-alukset-hinnat\\\/#breadcrumb\"},\"inLanguage\":\"sv-SE\",\"potentialAction\":[{\"@type\":\"ReadAction\",\"target\":[\"https:\\\/\\\/www.jt-line.fi\\\/sve\\\/vesibussi-tilausristeilyt\\\/tilausristeilyt-alukset-hinnat\\\/\"]}]},{\"@type\":\"ImageObject\",\"inLanguage\":\"sv-SE\",\"@id\":\"https:\\\/\\\/www.jt-line.fi\\\/sve\\\/vesibussi-tilausristeilyt\\\/tilausristeilyt-alukset-hinnat\\\/#primaryimage\",\"url\":\"https:\\\/\\\/www.jt-line.fi\\\/sve\\\/wp-content\\\/uploads\\\/sites\\\/8\\\/Amiraali_pikkukuva2013.jpg\",\"contentUrl\":\"https:\\\/\\\/www.jt-line.fi\\\/sve\\\/wp-content\\\/uploads\\\/sites\\\/8\\\/Amiraali_pikkukuva2013.jpg\",\"width\":148,\"height\":73},{\"@type\":\"BreadcrumbList\",\"@id\":\"https:\\\/\\\/www.jt-line.fi\\\/sve\\\/vesibussi-tilausristeilyt\\\/tilausristeilyt-alukset-hinnat\\\/#breadcrumb\",\"itemListElement\":[{\"@type\":\"ListItem\",\"position\":1,\"name\":\"Home\",\"item\":\"https:\\\/\\\/www.jt-line.fi\\\/sve\\\/\"},{\"@type\":\"ListItem\",\"position\":2,\"name\":\"TILAUSRISTEILYT\",\"item\":\"https:\\\/\\\/www.jt-line.fi\\\/sve\\\/vesibussi-tilausristeilyt\\\/\"},{\"@type\":\"ListItem\",\"position\":3,\"name\":\"ALUKSET &#038; HINNAT\"}]},{\"@type\":\"WebSite\",\"@id\":\"https:\\\/\\\/www.jt-line.fi\\\/sve\\\/#website\",\"url\":\"https:\\\/\\\/www.jt-line.fi\\\/sve\\\/\",\"name\":\"JT-line - Viapori - R\u00f6nnsk\u00e4r - charter kryssningar\",\"description\":\"| vesibussi - risteily - Helsingin saaristo - Suomenlinna - Pihlajasaari - Vallisaari\",\"potentialAction\":[{\"@type\":\"SearchAction\",\"target\":{\"@type\":\"EntryPoint\",\"urlTemplate\":\"https:\\\/\\\/www.jt-line.fi\\\/sve\\\/?s={search_term_string}\"},\"query-input\":{\"@type\":\"PropertyValueSpecification\",\"valueRequired\":true,\"valueName\":\"search_term_string\"}}],\"inLanguage\":\"sv-SE\"}]}<\/script>\n<!-- \/ Yoast SEO plugin. -->","yoast_head_json":{"title":"ALUKSET & HINNAT - JT-line - Viapori - R\u00f6nnsk\u00e4r - charter kryssningar","robots":{"index":"index","follow":"follow","max-snippet":"max-snippet:-1","max-image-preview":"max-image-preview:large","max-video-preview":"max-video-preview:-1"},"canonical":"https:\/\/www.jt-line.fi\/sve\/vesibussi-tilausristeilyt\/tilausristeilyt-alukset-hinnat\/","og_locale":"sv_SE","og_type":"article","og_title":"ALUKSET & HINNAT - JT-line - Viapori - R\u00f6nnsk\u00e4r - charter kryssningar","og_description":"Tilausristeilyt ja yksityiskuljetukset: alukset & hinnat Nauti Helsingin saaristosta suositulla saaristoristeilyll\u00e4! Vuokraamme kaikkia aluksiamme aikaveloituksella. Veloitus lasketaan aina kotisatamasta kotisatamaan riippumatta risteilyn l\u00e4ht\u00f6laiturista. Kotisatamamme on Hakaniemi. Pyyt\u00e4m\u00e4ll\u00e4 tarjouksen toimistoltamme saatte tarkan hinnan suunnittelemallenne risteilylle. Alla mainitut hinnat sis\u00e4lt\u00e4v\u00e4t arvonlis\u00e4veron 10 % ja ovat voimassa vuoden 2021 loppuun asti. Alla mainittuihin hintoihin lis\u00e4t\u00e4\u00e4n y\u00f6lis\u00e4 klo 24.00...","og_url":"https:\/\/www.jt-line.fi\/sve\/vesibussi-tilausristeilyt\/tilausristeilyt-alukset-hinnat\/","og_site_name":"JT-line - Viapori - R\u00f6nnsk\u00e4r - charter kryssningar","article_modified_time":"2021-04-17T21:47:58+00:00","og_image":[{"url":"https:\/\/www.jt-line.fi\/sve\/wp-content\/uploads\/sites\/8\/Amiraali_pikkukuva2013.jpg","type":"","width":"","height":""}],"twitter_card":"summary_large_image","twitter_misc":{"Ber\u00e4knad l\u00e4stid":"4 minuter"},"schema":{"@context":"https:\/\/schema.org","@graph":[{"@type":"WebPage","@id":"https:\/\/www.jt-line.fi\/sve\/vesibussi-tilausristeilyt\/tilausristeilyt-alukset-hinnat\/","url":"https:\/\/www.jt-line.fi\/sve\/vesibussi-tilausristeilyt\/tilausristeilyt-alukset-hinnat\/","name":"ALUKSET & HINNAT - JT-line - Viapori - R\u00f6nnsk\u00e4r - charter kryssningar","isPartOf":{"@id":"https:\/\/www.jt-line.fi\/sve\/#website"},"primaryImageOfPage":{"@id":"https:\/\/www.jt-line.fi\/sve\/vesibussi-tilausristeilyt\/tilausristeilyt-alukset-hinnat\/#primaryimage"},"image":{"@id":"https:\/\/www.jt-line.fi\/sve\/vesibussi-tilausristeilyt\/tilausristeilyt-alukset-hinnat\/#primaryimage"},"thumbnailUrl":"https:\/\/www.jt-line.fi\/sve\/wp-content\/uploads\/sites\/8\/Amiraali_pikkukuva2013.jpg","datePublished":"2017-12-12T08:43:36+00:00","dateModified":"2021-04-17T21:47:58+00:00","breadcrumb":{"@id":"https:\/\/www.jt-line.fi\/sve\/vesibussi-tilausristeilyt\/tilausristeilyt-alukset-hinnat\/#breadcrumb"},"inLanguage":"sv-SE","potentialAction":[{"@type":"ReadAction","target":["https:\/\/www.jt-line.fi\/sve\/vesibussi-tilausristeilyt\/tilausristeilyt-alukset-hinnat\/"]}]},{"@type":"ImageObject","inLanguage":"sv-SE","@id":"https:\/\/www.jt-line.fi\/sve\/vesibussi-tilausristeilyt\/tilausristeilyt-alukset-hinnat\/#primaryimage","url":"https:\/\/www.jt-line.fi\/sve\/wp-content\/uploads\/sites\/8\/Amiraali_pikkukuva2013.jpg","contentUrl":"https:\/\/www.jt-line.fi\/sve\/wp-content\/uploads\/sites\/8\/Amiraali_pikkukuva2013.jpg","width":148,"height":73},{"@type":"BreadcrumbList","@id":"https:\/\/www.jt-line.fi\/sve\/vesibussi-tilausristeilyt\/tilausristeilyt-alukset-hinnat\/#breadcrumb","itemListElement":[{"@type":"ListItem","position":1,"name":"Home","item":"https:\/\/www.jt-line.fi\/sve\/"},{"@type":"ListItem","position":2,"name":"TILAUSRISTEILYT","item":"https:\/\/www.jt-line.fi\/sve\/vesibussi-tilausristeilyt\/"},{"@type":"ListItem","position":3,"name":"ALUKSET &#038; HINNAT"}]},{"@type":"WebSite","@id":"https:\/\/www.jt-line.fi\/sve\/#website","url":"https:\/\/www.jt-line.fi\/sve\/","name":"JT-line - Viapori - R\u00f6nnsk\u00e4r - charter kryssningar","description":"| vesibussi - risteily - Helsingin saaristo - Suomenlinna - Pihlajasaari - Vallisaari","potentialAction":[{"@type":"SearchAction","target":{"@type":"EntryPoint","urlTemplate":"https:\/\/www.jt-line.fi\/sve\/?s={search_term_string}"},"query-input":{"@type":"PropertyValueSpecification","valueRequired":true,"valueName":"search_term_string"}}],"inLanguage":"sv-SE"}]}},"_links":{"self":[{"href":"https:\/\/www.jt-line.fi\/sve\/wp-json\/wp\/v2\/pages\/158","targetHints":{"allow":["GET"]}}],"collection":[{"href":"https:\/\/www.jt-line.fi\/sve\/wp-json\/wp\/v2\/pages"}],"about":[{"href":"https:\/\/www.jt-line.fi\/sve\/wp-json\/wp\/v2\/types\/page"}],"author":[{"embeddable":true,"href":"https:\/\/www.jt-line.fi\/sve\/wp-json\/wp\/v2\/users\/1"}],"replies":[{"embeddable":true,"href":"https:\/\/www.jt-line.fi\/sve\/wp-json\/wp\/v2\/comments?post=158"}],"version-history":[{"count":0,"href":"https:\/\/www.jt-line.fi\/sve\/wp-json\/wp\/v2\/pages\/158\/revisions"}],"up":[{"embeddable":true,"href":"https:\/\/www.jt-line.fi\/sve\/wp-json\/wp\/v2\/pages\/153"}],"wp:attachment":[{"href":"https:\/\/www.jt-line.fi\/sve\/wp-json\/wp\/v2\/media?parent=158"}],"curies":[{"name":"wp","href":"https:\/\/api.w.org\/{rel}","templated":true}]}}