{"id":173,"date":"2017-12-12T11:08:32","date_gmt":"2017-12-12T09:08:32","guid":{"rendered":"https:\/\/www.jt-line.fi\/sve\/fin\/?page_id=173"},"modified":"2021-02-08T09:03:07","modified_gmt":"2021-02-08T07:03:07","slug":"vesibussi-amiraali","status":"publish","type":"page","link":"https:\/\/www.jt-line.fi\/sve\/vesibussi-tilausristeilyt\/tilausristeilyt-alukset-hinnat\/vesibussi-amiraali\/","title":{"rendered":"M\/s Amiraali"},"content":{"rendered":"<div class='content-column one_half'><h1>M\/s Amiraali<\/h1>\n<p>M\/s Amiraali on tilava ja siisti alus, jossa on paljon istumapaikkoja sek\u00e4 sis\u00e4ll\u00e4 ett\u00e4 aurinkokannella. Soveltuu loistavasti isojen ryhmien kuljetuksiin ja ruokaristeilyille jopa 80 henkil\u00f6lle.<\/p>\n<p><strong>Hinta 2021:<\/strong><\/p>\n<ul>\n<li>1. tunti 825 \u20ac<\/li>\n<li>Seuraavat tunnit 330 \u20ac<\/li>\n<li>Hinnat sis\u00e4lt\u00e4v\u00e4t arvonlis\u00e4veroa 10 %<\/li>\n<\/ul>\n<p><strong>Tekniset tiedot:<\/strong><\/p>\n<ul>\n<li>Ter\u00e4srakenteinen alus<\/li>\n<li>Rakennettu vuonna 1984<\/li>\n<li>Pituus 19,66 metri\u00e4, leveys 6,00 metri\u00e4<\/li>\n<li>Suurin sallittu matkustajam\u00e4\u00e4r\u00e4 218 henkil\u00f6\u00e4<\/li>\n<li>Suositusmatkustajam\u00e4\u00e4r\u00e4 risteilyill\u00e4 noin 100 henkil\u00f6\u00e4<\/li>\n<li>Suosittelemme alusta lyhyille kuljetuksille noin 120-140 henkil\u00f6lle (vuodenajasta riippuen)<\/li>\n<li>Ruokailupaikkoja 80 henkil\u00f6lle<\/li>\n<li>Sis\u00e4ll\u00e4 istumapaikkoja 96 henkil\u00f6lle<\/li>\n<li>Aurinkokannella istumapaikkoja 84 henkil\u00f6lle<\/li>\n<li>Kahvio A-oikeuksin<\/li>\n<\/ul>\n<p><strong>Varustus:<\/strong><\/p>\n<ul>\n<li>S\u00e4hk\u00f6 230 V<\/li>\n<li>Keskusl\u00e4mmitys<\/li>\n<li>Kaiuttimet kaikkiin tiloihin<\/li>\n<li>Mikrofoni<\/li>\n<li>CD-soitin<\/li>\n<li>J\u00e4\u00e4kaappi ja pakastin<\/li>\n<li>2 x WC<\/li>\n<\/ul>\n<p>Pid\u00e4mme oikeuden hinnankorotukseen arvonlis\u00e4veron osalta, mik\u00e4li alv-% muuttuu.<\/p><\/div><br \/>\n<div class='content-column one_half last_column'><img loading=\"lazy\" decoding=\"async\" class=\"alignnone size-full wp-image-175\" src=\"https:\/\/www.jt-line.fi\/sve\/wp-content\/uploads\/sites\/8\/amiraalikuva1.jpg\" alt=\"amiraalikuva1\" width=\"284\" height=\"182\" \/><\/p>\n<p><img loading=\"lazy\" decoding=\"async\" class=\"alignnone size-full wp-image-176\" src=\"https:\/\/www.jt-line.fi\/sve\/wp-content\/uploads\/sites\/8\/amiraalikuva2.jpg\" alt=\"amiraalikuva2\" width=\"284\" height=\"182\" \/><\/p>\n<p><img loading=\"lazy\" decoding=\"async\" class=\"alignnone size-full wp-image-177\" src=\"https:\/\/www.jt-line.fi\/sve\/wp-content\/uploads\/sites\/8\/amiraalikuva3.jpg\" alt=\"amiraalikuva3\" width=\"284\" height=\"182\" \/><\/p>\n<p><img loading=\"lazy\" decoding=\"async\" class=\"alignnone size-full wp-image-178\" src=\"https:\/\/www.jt-line.fi\/sve\/wp-content\/uploads\/sites\/8\/amiraalikuva4.jpg\" alt=\"amiraalikuva4\" width=\"284\" height=\"182\" \/><\/p><\/div><div class='clear_column'><\/div><\/p>\n","protected":false},"excerpt":{"rendered":"","protected":false},"author":1,"featured_media":0,"parent":158,"menu_order":1,"comment_status":"closed","ping_status":"closed","template":"","meta":{"footnotes":""},"class_list":["post-173","page","type-page","status-publish","hentry"],"yoast_head":"<!-- This site is optimized with the Yoast SEO plugin v27.5 - https:\/\/yoast.com\/product\/yoast-seo-wordpress\/ -->\n<title>M\/s Amiraali - JT-line - Viapori - R\u00f6nnsk\u00e4r - charter kryssningar<\/title>\n<meta name=\"robots\" content=\"index, follow, max-snippet:-1, max-image-preview:large, max-video-preview:-1\" \/>\n<link rel=\"canonical\" href=\"https:\/\/www.jt-line.fi\/sve\/vesibussi-tilausristeilyt\/tilausristeilyt-alukset-hinnat\/vesibussi-amiraali\/\" \/>\n<meta property=\"og:locale\" content=\"sv_SE\" \/>\n<meta property=\"og:type\" content=\"article\" \/>\n<meta property=\"og:title\" content=\"M\/s Amiraali - JT-line - Viapori - R\u00f6nnsk\u00e4r - charter kryssningar\" \/>\n<meta property=\"og:url\" content=\"https:\/\/www.jt-line.fi\/sve\/vesibussi-tilausristeilyt\/tilausristeilyt-alukset-hinnat\/vesibussi-amiraali\/\" \/>\n<meta property=\"og:site_name\" content=\"JT-line - Viapori - R\u00f6nnsk\u00e4r - charter kryssningar\" \/>\n<meta property=\"article:modified_time\" content=\"2021-02-08T07:03:07+00:00\" \/>\n<meta property=\"og:image\" content=\"https:\/\/www.jt-line.fi\/sve\/wp-content\/uploads\/sites\/8\/amiraalikuva1.jpg\" \/>\n<meta name=\"twitter:card\" content=\"summary_large_image\" \/>\n<meta name=\"twitter:label1\" content=\"Ber\u00e4knad l\u00e4stid\" \/>\n\t<meta name=\"twitter:data1\" content=\"2 minuter\" \/>\n<script type=\"application\/ld+json\" class=\"yoast-schema-graph\">{\"@context\":\"https:\\\/\\\/schema.org\",\"@graph\":[{\"@type\":\"WebPage\",\"@id\":\"https:\\\/\\\/www.jt-line.fi\\\/sve\\\/vesibussi-tilausristeilyt\\\/tilausristeilyt-alukset-hinnat\\\/vesibussi-amiraali\\\/\",\"url\":\"https:\\\/\\\/www.jt-line.fi\\\/sve\\\/vesibussi-tilausristeilyt\\\/tilausristeilyt-alukset-hinnat\\\/vesibussi-amiraali\\\/\",\"name\":\"M\\\/s Amiraali - JT-line - Viapori - R\u00f6nnsk\u00e4r - charter kryssningar\",\"isPartOf\":{\"@id\":\"https:\\\/\\\/www.jt-line.fi\\\/sve\\\/#website\"},\"primaryImageOfPage\":{\"@id\":\"https:\\\/\\\/www.jt-line.fi\\\/sve\\\/vesibussi-tilausristeilyt\\\/tilausristeilyt-alukset-hinnat\\\/vesibussi-amiraali\\\/#primaryimage\"},\"image\":{\"@id\":\"https:\\\/\\\/www.jt-line.fi\\\/sve\\\/vesibussi-tilausristeilyt\\\/tilausristeilyt-alukset-hinnat\\\/vesibussi-amiraali\\\/#primaryimage\"},\"thumbnailUrl\":\"https:\\\/\\\/www.jt-line.fi\\\/sve\\\/wp-content\\\/uploads\\\/sites\\\/8\\\/amiraalikuva1.jpg\",\"datePublished\":\"2017-12-12T09:08:32+00:00\",\"dateModified\":\"2021-02-08T07:03:07+00:00\",\"breadcrumb\":{\"@id\":\"https:\\\/\\\/www.jt-line.fi\\\/sve\\\/vesibussi-tilausristeilyt\\\/tilausristeilyt-alukset-hinnat\\\/vesibussi-amiraali\\\/#breadcrumb\"},\"inLanguage\":\"sv-SE\",\"potentialAction\":[{\"@type\":\"ReadAction\",\"target\":[\"https:\\\/\\\/www.jt-line.fi\\\/sve\\\/vesibussi-tilausristeilyt\\\/tilausristeilyt-alukset-hinnat\\\/vesibussi-amiraali\\\/\"]}]},{\"@type\":\"ImageObject\",\"inLanguage\":\"sv-SE\",\"@id\":\"https:\\\/\\\/www.jt-line.fi\\\/sve\\\/vesibussi-tilausristeilyt\\\/tilausristeilyt-alukset-hinnat\\\/vesibussi-amiraali\\\/#primaryimage\",\"url\":\"https:\\\/\\\/www.jt-line.fi\\\/sve\\\/wp-content\\\/uploads\\\/sites\\\/8\\\/amiraalikuva1.jpg\",\"contentUrl\":\"https:\\\/\\\/www.jt-line.fi\\\/sve\\\/wp-content\\\/uploads\\\/sites\\\/8\\\/amiraalikuva1.jpg\",\"width\":284,\"height\":182,\"caption\":\"amiraalikuva1\"},{\"@type\":\"BreadcrumbList\",\"@id\":\"https:\\\/\\\/www.jt-line.fi\\\/sve\\\/vesibussi-tilausristeilyt\\\/tilausristeilyt-alukset-hinnat\\\/vesibussi-amiraali\\\/#breadcrumb\",\"itemListElement\":[{\"@type\":\"ListItem\",\"position\":1,\"name\":\"Home\",\"item\":\"https:\\\/\\\/www.jt-line.fi\\\/sve\\\/\"},{\"@type\":\"ListItem\",\"position\":2,\"name\":\"TILAUSRISTEILYT\",\"item\":\"https:\\\/\\\/www.jt-line.fi\\\/sve\\\/vesibussi-tilausristeilyt\\\/\"},{\"@type\":\"ListItem\",\"position\":3,\"name\":\"ALUKSET &#038; HINNAT\",\"item\":\"https:\\\/\\\/www.jt-line.fi\\\/sve\\\/vesibussi-tilausristeilyt\\\/tilausristeilyt-alukset-hinnat\\\/\"},{\"@type\":\"ListItem\",\"position\":4,\"name\":\"M\\\/s Amiraali\"}]},{\"@type\":\"WebSite\",\"@id\":\"https:\\\/\\\/www.jt-line.fi\\\/sve\\\/#website\",\"url\":\"https:\\\/\\\/www.jt-line.fi\\\/sve\\\/\",\"name\":\"JT-line - Viapori - R\u00f6nnsk\u00e4r - charter kryssningar\",\"description\":\"| vesibussi - risteily - Helsingin saaristo - Suomenlinna - Pihlajasaari - Vallisaari\",\"potentialAction\":[{\"@type\":\"SearchAction\",\"target\":{\"@type\":\"EntryPoint\",\"urlTemplate\":\"https:\\\/\\\/www.jt-line.fi\\\/sve\\\/?s={search_term_string}\"},\"query-input\":{\"@type\":\"PropertyValueSpecification\",\"valueRequired\":true,\"valueName\":\"search_term_string\"}}],\"inLanguage\":\"sv-SE\"}]}<\/script>\n<!-- \/ Yoast SEO plugin. -->","yoast_head_json":{"title":"M\/s Amiraali - JT-line - Viapori - R\u00f6nnsk\u00e4r - charter kryssningar","robots":{"index":"index","follow":"follow","max-snippet":"max-snippet:-1","max-image-preview":"max-image-preview:large","max-video-preview":"max-video-preview:-1"},"canonical":"https:\/\/www.jt-line.fi\/sve\/vesibussi-tilausristeilyt\/tilausristeilyt-alukset-hinnat\/vesibussi-amiraali\/","og_locale":"sv_SE","og_type":"article","og_title":"M\/s Amiraali - JT-line - Viapori - R\u00f6nnsk\u00e4r - charter kryssningar","og_url":"https:\/\/www.jt-line.fi\/sve\/vesibussi-tilausristeilyt\/tilausristeilyt-alukset-hinnat\/vesibussi-amiraali\/","og_site_name":"JT-line - Viapori - R\u00f6nnsk\u00e4r - charter kryssningar","article_modified_time":"2021-02-08T07:03:07+00:00","og_image":[{"url":"https:\/\/www.jt-line.fi\/sve\/wp-content\/uploads\/sites\/8\/amiraalikuva1.jpg","type":"","width":"","height":""}],"twitter_card":"summary_large_image","twitter_misc":{"Ber\u00e4knad l\u00e4stid":"2 minuter"},"schema":{"@context":"https:\/\/schema.org","@graph":[{"@type":"WebPage","@id":"https:\/\/www.jt-line.fi\/sve\/vesibussi-tilausristeilyt\/tilausristeilyt-alukset-hinnat\/vesibussi-amiraali\/","url":"https:\/\/www.jt-line.fi\/sve\/vesibussi-tilausristeilyt\/tilausristeilyt-alukset-hinnat\/vesibussi-amiraali\/","name":"M\/s Amiraali - JT-line - Viapori - R\u00f6nnsk\u00e4r - charter kryssningar","isPartOf":{"@id":"https:\/\/www.jt-line.fi\/sve\/#website"},"primaryImageOfPage":{"@id":"https:\/\/www.jt-line.fi\/sve\/vesibussi-tilausristeilyt\/tilausristeilyt-alukset-hinnat\/vesibussi-amiraali\/#primaryimage"},"image":{"@id":"https:\/\/www.jt-line.fi\/sve\/vesibussi-tilausristeilyt\/tilausristeilyt-alukset-hinnat\/vesibussi-amiraali\/#primaryimage"},"thumbnailUrl":"https:\/\/www.jt-line.fi\/sve\/wp-content\/uploads\/sites\/8\/amiraalikuva1.jpg","datePublished":"2017-12-12T09:08:32+00:00","dateModified":"2021-02-08T07:03:07+00:00","breadcrumb":{"@id":"https:\/\/www.jt-line.fi\/sve\/vesibussi-tilausristeilyt\/tilausristeilyt-alukset-hinnat\/vesibussi-amiraali\/#breadcrumb"},"inLanguage":"sv-SE","potentialAction":[{"@type":"ReadAction","target":["https:\/\/www.jt-line.fi\/sve\/vesibussi-tilausristeilyt\/tilausristeilyt-alukset-hinnat\/vesibussi-amiraali\/"]}]},{"@type":"ImageObject","inLanguage":"sv-SE","@id":"https:\/\/www.jt-line.fi\/sve\/vesibussi-tilausristeilyt\/tilausristeilyt-alukset-hinnat\/vesibussi-amiraali\/#primaryimage","url":"https:\/\/www.jt-line.fi\/sve\/wp-content\/uploads\/sites\/8\/amiraalikuva1.jpg","contentUrl":"https:\/\/www.jt-line.fi\/sve\/wp-content\/uploads\/sites\/8\/amiraalikuva1.jpg","width":284,"height":182,"caption":"amiraalikuva1"},{"@type":"BreadcrumbList","@id":"https:\/\/www.jt-line.fi\/sve\/vesibussi-tilausristeilyt\/tilausristeilyt-alukset-hinnat\/vesibussi-amiraali\/#breadcrumb","itemListElement":[{"@type":"ListItem","position":1,"name":"Home","item":"https:\/\/www.jt-line.fi\/sve\/"},{"@type":"ListItem","position":2,"name":"TILAUSRISTEILYT","item":"https:\/\/www.jt-line.fi\/sve\/vesibussi-tilausristeilyt\/"},{"@type":"ListItem","position":3,"name":"ALUKSET &#038; HINNAT","item":"https:\/\/www.jt-line.fi\/sve\/vesibussi-tilausristeilyt\/tilausristeilyt-alukset-hinnat\/"},{"@type":"ListItem","position":4,"name":"M\/s Amiraali"}]},{"@type":"WebSite","@id":"https:\/\/www.jt-line.fi\/sve\/#website","url":"https:\/\/www.jt-line.fi\/sve\/","name":"JT-line - Viapori - R\u00f6nnsk\u00e4r - charter kryssningar","description":"| vesibussi - risteily - Helsingin saaristo - Suomenlinna - Pihlajasaari - Vallisaari","potentialAction":[{"@type":"SearchAction","target":{"@type":"EntryPoint","urlTemplate":"https:\/\/www.jt-line.fi\/sve\/?s={search_term_string}"},"query-input":{"@type":"PropertyValueSpecification","valueRequired":true,"valueName":"search_term_string"}}],"inLanguage":"sv-SE"}]}},"_links":{"self":[{"href":"https:\/\/www.jt-line.fi\/sve\/wp-json\/wp\/v2\/pages\/173","targetHints":{"allow":["GET"]}}],"collection":[{"href":"https:\/\/www.jt-line.fi\/sve\/wp-json\/wp\/v2\/pages"}],"about":[{"href":"https:\/\/www.jt-line.fi\/sve\/wp-json\/wp\/v2\/types\/page"}],"author":[{"embeddable":true,"href":"https:\/\/www.jt-line.fi\/sve\/wp-json\/wp\/v2\/users\/1"}],"replies":[{"embeddable":true,"href":"https:\/\/www.jt-line.fi\/sve\/wp-json\/wp\/v2\/comments?post=173"}],"version-history":[{"count":0,"href":"https:\/\/www.jt-line.fi\/sve\/wp-json\/wp\/v2\/pages\/173\/revisions"}],"up":[{"embeddable":true,"href":"https:\/\/www.jt-line.fi\/sve\/wp-json\/wp\/v2\/pages\/158"}],"wp:attachment":[{"href":"https:\/\/www.jt-line.fi\/sve\/wp-json\/wp\/v2\/media?parent=173"}],"curies":[{"name":"wp","href":"https:\/\/api.w.org\/{rel}","templated":true}]}}