{"id":208,"date":"2017-12-12T11:52:53","date_gmt":"2017-12-12T09:52:53","guid":{"rendered":"https:\/\/www.jt-line.fi\/sve\/fin\/?page_id=208"},"modified":"2021-02-08T09:05:30","modified_gmt":"2021-02-08T07:05:30","slug":"vesibussi-meritahti","status":"publish","type":"page","link":"https:\/\/www.jt-line.fi\/sve\/vesibussi-tilausristeilyt\/tilausristeilyt-alukset-hinnat\/vesibussi-meritahti\/","title":{"rendered":"M\/s Merit\u00e4hti"},"content":{"rendered":"<div class='content-column one_half'><h1>M\/s Merit\u00e4hti<\/h1>\n<p>M\/s Merit\u00e4hti liikenn\u00f6i p\u00e4\u00e4s\u00e4\u00e4nt\u00f6isesti Pihlajasaaren reittiliikenteess\u00e4, mutta on vuokrattavissa my\u00f6s yksityiseen k\u00e4ytt\u00f6\u00f6n. Suosittelemme alusta lyhyisiin kuljetuksiin tai risteilyille, joilla tarjoillaan ainoastaan pient\u00e4 sy\u00f6t\u00e4v\u00e4\u00e4 (matkustamossa ei ole p\u00f6yti\u00e4).<\/p>\n<p><strong>Hinta 2021:<\/strong><\/p>\n<ul>\n<li>1. tunti 440 \u20ac<\/li>\n<li>Seuraavat tunnit 220 \u20ac<\/li>\n<li>Hinnat sis\u00e4lt\u00e4v\u00e4t arvonlis\u00e4veroa 10 %<\/li>\n<\/ul>\n<p><strong>Tekniset tiedot:<\/strong><\/p>\n<ul>\n<li>Perinteinen mahonkinen alus<\/li>\n<li>Rakennettu vuonna 1967<\/li>\n<li>Pituus 13,64 metri\u00e4, leveys 4,03 metri\u00e4<\/li>\n<li>Suurin sallittu matkustajam\u00e4\u00e4r\u00e4 98 henkil\u00f6\u00e4<\/li>\n<li>Sis\u00e4ll\u00e4 istumapaikkoja noin 50 henkil\u00f6lle<\/li>\n<li>Aurinkokannella istumapaikkoja 20 henkil\u00f6lle<\/li>\n<\/ul>\n<p><strong>Varustus:<\/strong><\/p>\n<ul>\n<li>WC<\/li>\n<li>kaiuttimet kaikkiin tiloihin<\/li>\n<li>mikrofoni<\/li>\n<li>CD-soitin<\/li>\n<\/ul>\n<p>Pid\u00e4mme oikeuden hinnankorotukseen arvonlis\u00e4veron osalta, mik\u00e4li alv-% muuttuu.<br \/><\/div><br \/>\n<div class='content-column one_half last_column'><img loading=\"lazy\" decoding=\"async\" class=\"alignnone size-full wp-image-211\" src=\"https:\/\/www.jt-line.fi\/sve\/wp-content\/uploads\/sites\/8\/meritahtikuva1.jpg\" alt=\"meritahtikuva1\" width=\"284\" height=\"182\" \/><\/p>\n<p><img loading=\"lazy\" decoding=\"async\" class=\"alignnone size-full wp-image-212\" src=\"https:\/\/www.jt-line.fi\/sve\/wp-content\/uploads\/sites\/8\/meritahtikuva2.jpg\" alt=\"meritahtikuva2\" width=\"284\" height=\"182\" \/><\/p>\n<p><img loading=\"lazy\" decoding=\"async\" class=\"alignnone size-full wp-image-213\" src=\"https:\/\/www.jt-line.fi\/sve\/wp-content\/uploads\/sites\/8\/meritahtikuva3.jpg\" alt=\"meritahtikuva3\" width=\"284\" height=\"182\" \/><br \/><\/div><div class='clear_column'><\/div><\/p>\n","protected":false},"excerpt":{"rendered":"","protected":false},"author":1,"featured_media":0,"parent":158,"menu_order":6,"comment_status":"closed","ping_status":"closed","template":"","meta":{"footnotes":""},"class_list":["post-208","page","type-page","status-publish","hentry"],"yoast_head":"<!-- This site is optimized with the Yoast SEO plugin v27.4 - https:\/\/yoast.com\/product\/yoast-seo-wordpress\/ -->\n<title>M\/s Merit\u00e4hti - JT-line - Viapori - R\u00f6nnsk\u00e4r - charter kryssningar<\/title>\n<meta name=\"robots\" content=\"index, follow, max-snippet:-1, max-image-preview:large, max-video-preview:-1\" \/>\n<link rel=\"canonical\" href=\"https:\/\/www.jt-line.fi\/sve\/vesibussi-tilausristeilyt\/tilausristeilyt-alukset-hinnat\/vesibussi-meritahti\/\" \/>\n<meta property=\"og:locale\" content=\"sv_SE\" \/>\n<meta property=\"og:type\" content=\"article\" \/>\n<meta property=\"og:title\" content=\"M\/s Merit\u00e4hti - JT-line - Viapori - R\u00f6nnsk\u00e4r - charter kryssningar\" \/>\n<meta property=\"og:url\" content=\"https:\/\/www.jt-line.fi\/sve\/vesibussi-tilausristeilyt\/tilausristeilyt-alukset-hinnat\/vesibussi-meritahti\/\" \/>\n<meta property=\"og:site_name\" content=\"JT-line - Viapori - R\u00f6nnsk\u00e4r - charter kryssningar\" \/>\n<meta property=\"article:modified_time\" content=\"2021-02-08T07:05:30+00:00\" \/>\n<meta property=\"og:image\" content=\"https:\/\/www.jt-line.fi\/sve\/wp-content\/uploads\/sites\/8\/meritahtikuva1.jpg\" \/>\n<meta name=\"twitter:card\" content=\"summary_large_image\" \/>\n<meta name=\"twitter:label1\" content=\"Ber\u00e4knad l\u00e4stid\" \/>\n\t<meta name=\"twitter:data1\" content=\"1 minut\" \/>\n<script type=\"application\/ld+json\" class=\"yoast-schema-graph\">{\"@context\":\"https:\\\/\\\/schema.org\",\"@graph\":[{\"@type\":\"WebPage\",\"@id\":\"https:\\\/\\\/www.jt-line.fi\\\/sve\\\/vesibussi-tilausristeilyt\\\/tilausristeilyt-alukset-hinnat\\\/vesibussi-meritahti\\\/\",\"url\":\"https:\\\/\\\/www.jt-line.fi\\\/sve\\\/vesibussi-tilausristeilyt\\\/tilausristeilyt-alukset-hinnat\\\/vesibussi-meritahti\\\/\",\"name\":\"M\\\/s Merit\u00e4hti - JT-line - Viapori - R\u00f6nnsk\u00e4r - charter kryssningar\",\"isPartOf\":{\"@id\":\"https:\\\/\\\/www.jt-line.fi\\\/sve\\\/#website\"},\"primaryImageOfPage\":{\"@id\":\"https:\\\/\\\/www.jt-line.fi\\\/sve\\\/vesibussi-tilausristeilyt\\\/tilausristeilyt-alukset-hinnat\\\/vesibussi-meritahti\\\/#primaryimage\"},\"image\":{\"@id\":\"https:\\\/\\\/www.jt-line.fi\\\/sve\\\/vesibussi-tilausristeilyt\\\/tilausristeilyt-alukset-hinnat\\\/vesibussi-meritahti\\\/#primaryimage\"},\"thumbnailUrl\":\"https:\\\/\\\/www.jt-line.fi\\\/sve\\\/wp-content\\\/uploads\\\/sites\\\/8\\\/meritahtikuva1.jpg\",\"datePublished\":\"2017-12-12T09:52:53+00:00\",\"dateModified\":\"2021-02-08T07:05:30+00:00\",\"breadcrumb\":{\"@id\":\"https:\\\/\\\/www.jt-line.fi\\\/sve\\\/vesibussi-tilausristeilyt\\\/tilausristeilyt-alukset-hinnat\\\/vesibussi-meritahti\\\/#breadcrumb\"},\"inLanguage\":\"sv-SE\",\"potentialAction\":[{\"@type\":\"ReadAction\",\"target\":[\"https:\\\/\\\/www.jt-line.fi\\\/sve\\\/vesibussi-tilausristeilyt\\\/tilausristeilyt-alukset-hinnat\\\/vesibussi-meritahti\\\/\"]}]},{\"@type\":\"ImageObject\",\"inLanguage\":\"sv-SE\",\"@id\":\"https:\\\/\\\/www.jt-line.fi\\\/sve\\\/vesibussi-tilausristeilyt\\\/tilausristeilyt-alukset-hinnat\\\/vesibussi-meritahti\\\/#primaryimage\",\"url\":\"https:\\\/\\\/www.jt-line.fi\\\/sve\\\/wp-content\\\/uploads\\\/sites\\\/8\\\/meritahtikuva1.jpg\",\"contentUrl\":\"https:\\\/\\\/www.jt-line.fi\\\/sve\\\/wp-content\\\/uploads\\\/sites\\\/8\\\/meritahtikuva1.jpg\",\"width\":284,\"height\":182,\"caption\":\"meritahtikuva1\"},{\"@type\":\"BreadcrumbList\",\"@id\":\"https:\\\/\\\/www.jt-line.fi\\\/sve\\\/vesibussi-tilausristeilyt\\\/tilausristeilyt-alukset-hinnat\\\/vesibussi-meritahti\\\/#breadcrumb\",\"itemListElement\":[{\"@type\":\"ListItem\",\"position\":1,\"name\":\"Home\",\"item\":\"https:\\\/\\\/www.jt-line.fi\\\/sve\\\/\"},{\"@type\":\"ListItem\",\"position\":2,\"name\":\"TILAUSRISTEILYT\",\"item\":\"https:\\\/\\\/www.jt-line.fi\\\/sve\\\/vesibussi-tilausristeilyt\\\/\"},{\"@type\":\"ListItem\",\"position\":3,\"name\":\"ALUKSET &#038; HINNAT\",\"item\":\"https:\\\/\\\/www.jt-line.fi\\\/sve\\\/vesibussi-tilausristeilyt\\\/tilausristeilyt-alukset-hinnat\\\/\"},{\"@type\":\"ListItem\",\"position\":4,\"name\":\"M\\\/s Merit\u00e4hti\"}]},{\"@type\":\"WebSite\",\"@id\":\"https:\\\/\\\/www.jt-line.fi\\\/sve\\\/#website\",\"url\":\"https:\\\/\\\/www.jt-line.fi\\\/sve\\\/\",\"name\":\"JT-line - Viapori - R\u00f6nnsk\u00e4r - charter kryssningar\",\"description\":\"| vesibussi - risteily - Helsingin saaristo - Suomenlinna - Pihlajasaari - Vallisaari\",\"potentialAction\":[{\"@type\":\"SearchAction\",\"target\":{\"@type\":\"EntryPoint\",\"urlTemplate\":\"https:\\\/\\\/www.jt-line.fi\\\/sve\\\/?s={search_term_string}\"},\"query-input\":{\"@type\":\"PropertyValueSpecification\",\"valueRequired\":true,\"valueName\":\"search_term_string\"}}],\"inLanguage\":\"sv-SE\"}]}<\/script>\n<!-- \/ Yoast SEO plugin. -->","yoast_head_json":{"title":"M\/s Merit\u00e4hti - JT-line - Viapori - R\u00f6nnsk\u00e4r - charter kryssningar","robots":{"index":"index","follow":"follow","max-snippet":"max-snippet:-1","max-image-preview":"max-image-preview:large","max-video-preview":"max-video-preview:-1"},"canonical":"https:\/\/www.jt-line.fi\/sve\/vesibussi-tilausristeilyt\/tilausristeilyt-alukset-hinnat\/vesibussi-meritahti\/","og_locale":"sv_SE","og_type":"article","og_title":"M\/s Merit\u00e4hti - JT-line - Viapori - R\u00f6nnsk\u00e4r - charter kryssningar","og_url":"https:\/\/www.jt-line.fi\/sve\/vesibussi-tilausristeilyt\/tilausristeilyt-alukset-hinnat\/vesibussi-meritahti\/","og_site_name":"JT-line - Viapori - R\u00f6nnsk\u00e4r - charter kryssningar","article_modified_time":"2021-02-08T07:05:30+00:00","og_image":[{"url":"https:\/\/www.jt-line.fi\/sve\/wp-content\/uploads\/sites\/8\/meritahtikuva1.jpg","type":"","width":"","height":""}],"twitter_card":"summary_large_image","twitter_misc":{"Ber\u00e4knad l\u00e4stid":"1 minut"},"schema":{"@context":"https:\/\/schema.org","@graph":[{"@type":"WebPage","@id":"https:\/\/www.jt-line.fi\/sve\/vesibussi-tilausristeilyt\/tilausristeilyt-alukset-hinnat\/vesibussi-meritahti\/","url":"https:\/\/www.jt-line.fi\/sve\/vesibussi-tilausristeilyt\/tilausristeilyt-alukset-hinnat\/vesibussi-meritahti\/","name":"M\/s Merit\u00e4hti - JT-line - Viapori - R\u00f6nnsk\u00e4r - charter kryssningar","isPartOf":{"@id":"https:\/\/www.jt-line.fi\/sve\/#website"},"primaryImageOfPage":{"@id":"https:\/\/www.jt-line.fi\/sve\/vesibussi-tilausristeilyt\/tilausristeilyt-alukset-hinnat\/vesibussi-meritahti\/#primaryimage"},"image":{"@id":"https:\/\/www.jt-line.fi\/sve\/vesibussi-tilausristeilyt\/tilausristeilyt-alukset-hinnat\/vesibussi-meritahti\/#primaryimage"},"thumbnailUrl":"https:\/\/www.jt-line.fi\/sve\/wp-content\/uploads\/sites\/8\/meritahtikuva1.jpg","datePublished":"2017-12-12T09:52:53+00:00","dateModified":"2021-02-08T07:05:30+00:00","breadcrumb":{"@id":"https:\/\/www.jt-line.fi\/sve\/vesibussi-tilausristeilyt\/tilausristeilyt-alukset-hinnat\/vesibussi-meritahti\/#breadcrumb"},"inLanguage":"sv-SE","potentialAction":[{"@type":"ReadAction","target":["https:\/\/www.jt-line.fi\/sve\/vesibussi-tilausristeilyt\/tilausristeilyt-alukset-hinnat\/vesibussi-meritahti\/"]}]},{"@type":"ImageObject","inLanguage":"sv-SE","@id":"https:\/\/www.jt-line.fi\/sve\/vesibussi-tilausristeilyt\/tilausristeilyt-alukset-hinnat\/vesibussi-meritahti\/#primaryimage","url":"https:\/\/www.jt-line.fi\/sve\/wp-content\/uploads\/sites\/8\/meritahtikuva1.jpg","contentUrl":"https:\/\/www.jt-line.fi\/sve\/wp-content\/uploads\/sites\/8\/meritahtikuva1.jpg","width":284,"height":182,"caption":"meritahtikuva1"},{"@type":"BreadcrumbList","@id":"https:\/\/www.jt-line.fi\/sve\/vesibussi-tilausristeilyt\/tilausristeilyt-alukset-hinnat\/vesibussi-meritahti\/#breadcrumb","itemListElement":[{"@type":"ListItem","position":1,"name":"Home","item":"https:\/\/www.jt-line.fi\/sve\/"},{"@type":"ListItem","position":2,"name":"TILAUSRISTEILYT","item":"https:\/\/www.jt-line.fi\/sve\/vesibussi-tilausristeilyt\/"},{"@type":"ListItem","position":3,"name":"ALUKSET &#038; HINNAT","item":"https:\/\/www.jt-line.fi\/sve\/vesibussi-tilausristeilyt\/tilausristeilyt-alukset-hinnat\/"},{"@type":"ListItem","position":4,"name":"M\/s Merit\u00e4hti"}]},{"@type":"WebSite","@id":"https:\/\/www.jt-line.fi\/sve\/#website","url":"https:\/\/www.jt-line.fi\/sve\/","name":"JT-line - Viapori - R\u00f6nnsk\u00e4r - charter kryssningar","description":"| vesibussi - risteily - Helsingin saaristo - Suomenlinna - Pihlajasaari - Vallisaari","potentialAction":[{"@type":"SearchAction","target":{"@type":"EntryPoint","urlTemplate":"https:\/\/www.jt-line.fi\/sve\/?s={search_term_string}"},"query-input":{"@type":"PropertyValueSpecification","valueRequired":true,"valueName":"search_term_string"}}],"inLanguage":"sv-SE"}]}},"_links":{"self":[{"href":"https:\/\/www.jt-line.fi\/sve\/wp-json\/wp\/v2\/pages\/208","targetHints":{"allow":["GET"]}}],"collection":[{"href":"https:\/\/www.jt-line.fi\/sve\/wp-json\/wp\/v2\/pages"}],"about":[{"href":"https:\/\/www.jt-line.fi\/sve\/wp-json\/wp\/v2\/types\/page"}],"author":[{"embeddable":true,"href":"https:\/\/www.jt-line.fi\/sve\/wp-json\/wp\/v2\/users\/1"}],"replies":[{"embeddable":true,"href":"https:\/\/www.jt-line.fi\/sve\/wp-json\/wp\/v2\/comments?post=208"}],"version-history":[{"count":8,"href":"https:\/\/www.jt-line.fi\/sve\/wp-json\/wp\/v2\/pages\/208\/revisions"}],"predecessor-version":[{"id":2263,"href":"https:\/\/www.jt-line.fi\/sve\/wp-json\/wp\/v2\/pages\/208\/revisions\/2263"}],"up":[{"embeddable":true,"href":"https:\/\/www.jt-line.fi\/sve\/wp-json\/wp\/v2\/pages\/158"}],"wp:attachment":[{"href":"https:\/\/www.jt-line.fi\/sve\/wp-json\/wp\/v2\/media?parent=208"}],"curies":[{"name":"wp","href":"https:\/\/api.w.org\/{rel}","templated":true}]}}