{"id":2097,"date":"2020-08-05T10:47:12","date_gmt":"2020-08-05T07:47:12","guid":{"rendered":"https:\/\/www.jt-line.fi\/sve\/?page_id=2097"},"modified":"2020-08-11T14:25:49","modified_gmt":"2020-08-11T11:25:49","slug":"whim-kayttoehdot","status":"publish","type":"page","link":"https:\/\/www.jt-line.fi\/sve\/whim-kayttoehdot\/","title":{"rendered":"JT-Line Oy:n lipputuotteen k\u00e4ytt\u00f6ehdot Whim-sovelluksessa"},"content":{"rendered":"<h1>JT-Line Oy:n lipputuotteen k\u00e4ytt\u00f6ehdot Whim-sovelluksessa<\/h1>\n<p>MaaS Global Oy:n Whim-sovelluksessa on kes\u00e4ll\u00e4 2020 myynniss\u00e4 liikenn\u00f6itsij\u00e4 JT-Line Oy:n Island hopping -lipputuote. Kyseess\u00e4 on lipputuotteen rajattu pilottik\u00e4ytt\u00f6 Whim-sovelluksessa. Alla on kerrottu Whim-sovelluksessa myynniss\u00e4 olevan Island hopping -lipputuotteen k\u00e4ytt\u00f6ehdot.<\/p>\n<p><strong>Island hopping -lipputuote Whim-sovelluksessa<\/strong><\/p>\n<p>JT-Line Oy:n Island hopping -lipputuote on ostettavissa ajalla 10.8.2020 &#8211; 27.9.2020 MaaS Global Oy:n Whim-sovelluksessa.<\/p>\n<p>Island hopping -lipputuotteesta on myyntiaikana saatavissa aikuisten lippu. Aikuisten lipun hinta Whim-sovelluksesta ostettaessa on 12 euroa.<\/p>\n<p>Alle 7-vuotias lapsi matkustaa huoltajansa seurassa ilmaiseksi. 7-16-vuotiaalle lapselle voi ostaa lipun suoraan liikenn\u00f6itsij\u00e4lt\u00e4\/alukselta, samoin alennusryhm\u00e4liput (el\u00e4kel\u00e4iset, opiskelijat, varus- ja siviilipalvelusmiehet) ovat ostettavissa liikenn\u00f6itsij\u00e4lt\u00e4\/alukselta.<\/p>\n<p>Asiakas voi ostaa sovelluksen kautta useamman Island hopping -lipun. Jokainen lippu ostetaan erikseen ja ne n\u00e4kyv\u00e4t erikseen, yksil\u00f6llisell\u00e4 QR-koodilla Whim-sovelluksen kohdassa: Liput.<\/p>\n<p>Whim-sovelluksesta ostettu aikuisten Island hopping -lipun voimassaoloaika alkaa heti lipun oston yhteydess\u00e4 ja lippu on voimassa ostohetkest\u00e4 seuraavan vuorokauden aamuy\u00f6h\u00f6n kello 03.00 asti.<\/p>\n<p>Island hopping -lippu oikeuttaa voimassaoloaikanaan rajattomaan matkustamiseen Kauppatorin, Suomenlinnan, Lonnan ja Vallisaaren v\u00e4lill\u00e4 JT-Linen vesibussivuoroilla. Asiakas voi tarkistaa vesibussien aikataulut Whim-sovelluksen kautta tai vierailemalla JT-Line Oy:n verkkosivuilla (ohjaa JT-Linen verkkosivuille).<\/p>\n<p>Whim-sovelluksesta ostetulla Island hopping -lipputuotteella ei ole siirto- tai palautusoikeutta.<br \/>\nJT-Line Oy ei ole korvausvelvollinen force majeure-luonteisten syiden aiheuttamista seuraamuksista. N\u00e4ill\u00e4 tarkoitetaan esimerkiksi, mutta ei muita poissulkien, teknisi\u00e4 vikoja, s\u00e4\u00e4olosuhteita ja liikenteellisi\u00e4 esteit\u00e4.<\/p>\n<p><strong>Lipun k\u00e4ytt\u00f6<\/strong><\/p>\n<p>Whim-sovelluksesta ostettu lippu veloitetaan asiakkaan Whim-sovellukseen liitt\u00e4m\u00e4lt\u00e4 luottokortilta.<\/p>\n<p>Ostettu Island hopping -lippu n\u00e4kyy Whim-sovelluksessa kohdassa: Liput.<br \/>\nJokaisella ostetulla Island hopping -lipulla on oma yksil\u00f6llinen QR-koodinsa.<\/p>\n<p>Ostettu Island hopping -lippu n\u00e4ytet\u00e4\u00e4n asiakkaan mobiililaitteesta JT-Line Oy:n vesibussissa lipuntarkastajalle, joka lukee lipun QR-koodin. Lippu tulee n\u00e4ytt\u00e4\u00e4\u00e4 tarkastajalle alkuper\u00e4isen\u00e4 Whim-sovelluksesta: lipusta otettu screenshot-kuvakaappaus ei kelpaa.<\/p>\n<p>QR-koodi kertoo tarkastajalle lipputuotteen, t\u00e4ss\u00e4: Island hopping -lippu, hintaryhm\u00e4n, t\u00e4ss\u00e4: aikuinen sek\u00e4 lipun voimassaolon.<\/p>\n<p>Asiakkaalla tulee olla voimassa oleva lippu vesibussiin astuttaessa. Lippu n\u00e4ytet\u00e4\u00e4n vesibussissa lipuntarkastajalle aina vesibussiin noustessa tai pyynn\u00f6st\u00e4. Asiakkaan tulee huolehtia, ett\u00e4 mobiililaitteessa on riitt\u00e4v\u00e4sti virtaa lipun n\u00e4ytt\u00e4miseen koko matkan ajan.<\/p>\n<p>Mik\u00e4li sovelluksen kautta ostettu lippu ei avaudu, tai voimassa olevan lipun osoittaminen sovelluksen kautta on muusta syyst\u00e4 mahdotonta, tulee asiakkaan ostaa itselleen lippu muulla tavoin ennen matkan aloittamista.<\/p>\n<p><strong>Ongelmatilanteet<\/strong><\/p>\n<p>MaaS Global Oy:n Whim-sovelluksen kautta ostetun Island hopping -lipputuotteen maksamiseen tai k\u00e4ytt\u00f6\u00f6n liittyviss\u00e4 selvityst\u00e4 vaativissa tilanteissa pyyd\u00e4mme k\u00e4\u00e4ntym\u00e4\u00e4n <strong><a href=\"https:\/\/helpcenter.whimapp.com\/hc\/fi\" target=\"_blank\" rel=\"noopener noreferrer\">palveluntarjoajan puoleen &gt;&gt;<\/a><\/strong><\/p>\n<p>JT-Line Oy:n asiakaspalvelu auttaa liikenn\u00f6inti\u00e4 koskeviin yleisiin tiedusteluihin sek\u00e4 JT-Linen muihin lipputuotteisiin liittyviss\u00e4 kysymyksiss\u00e4:<br \/>\nJT-Line Oyn:n toimisto (avoinna arkisin klo 9-16)<br \/>\nPuhelin: 010 205 1880<br \/>\nS\u00e4hk\u00f6posti: info@jt-line.fi<\/p>\n<p>JT-Linen vesibussien henkil\u00f6kunta opastaa lipputuotteiden sis\u00e4ll\u00f6n osalta my\u00f6s aluksilla.<\/p>\n<p><strong>JT-Line Oy:n tietosuoja<\/strong><\/p>\n<p>JT-Line Oy ei ker\u00e4\u00e4 MaaS Global Oy:n Whim-sovelluksessa tarjottavan Island hopping -lipputuotteen osalta asiakkaan henkil\u00f6tietoja.<\/p>\n<p>Henkil\u00f6tietojen ker\u00e4\u00e4misest\u00e4 ja k\u00e4sittelyst\u00e4 Whim-sovelluksessa kerrotaan MaaS Global Oy:n Whim-sovelluksen asiakasrekisterin <strong><a href=\"https:\/\/whimapp.com\/fi\/privacy\/\" target=\"_blank\" rel=\"noopener noreferrer\">tietosuojaselosteessa &gt;&gt;<\/a><\/strong><\/p>\n<p><strong>Matkustajan velvollisuuksista JT-Line Oy:n aluksilla<\/strong><\/p>\n<p>Matkustaja on velvollinen matkan aikana noudattamaan aluksen turvallisuus- ja j\u00e4rjestysm\u00e4\u00e4r\u00e4yksi\u00e4. Aluksen p\u00e4\u00e4llikk\u00f6 ja kansimies valvovat yll\u00e4mainittujen m\u00e4\u00e4r\u00e4ysten noudattamista. JT-Line Oy varaa itselleen oikeuden kielt\u00e4yty\u00e4 kuljettamasta matkustajaa, joka voi aiheuttaa rahdinottajalle kustannuksia tai joka voi vaarantaa muiden ihmisten terveyden tai muutoin rajoittaa muiden matkustajien oikeuksia. Aluksen edustaja voi kielt\u00e4yty\u00e4 kuljettamasta tai poistaa aluksesta p\u00e4ihtyneit\u00e4 tai h\u00e4iritsev\u00e4sti k\u00e4ytt\u00e4ytyvi\u00e4 matkustajia, matkustajan kustannuksella ja ilman omaa vastuuta.<\/p>\n","protected":false},"excerpt":{"rendered":"<p>JT-Line Oy:n lipputuotteen k\u00e4ytt\u00f6ehdot Whim-sovelluksessa MaaS Global Oy:n Whim-sovelluksessa on kes\u00e4ll\u00e4 2020 myynniss\u00e4 liikenn\u00f6itsij\u00e4 JT-Line Oy:n Island hopping -lipputuote. Kyseess\u00e4 on lipputuotteen rajattu pilottik\u00e4ytt\u00f6 Whim-sovelluksessa. Alla on kerrottu Whim-sovelluksessa myynniss\u00e4 olevan Island hopping -lipputuotteen k\u00e4ytt\u00f6ehdot. Island hopping -lipputuote Whim-sovelluksessa JT-Line Oy:n Island hopping -lipputuote on ostettavissa ajalla 10.8.2020 &#8211; 27.9.2020 MaaS Global Oy:n Whim-sovelluksessa. Island&#8230;<\/p>\n","protected":false},"author":2,"featured_media":0,"parent":0,"menu_order":0,"comment_status":"closed","ping_status":"closed","template":"","meta":{"footnotes":""},"class_list":["post-2097","page","type-page","status-publish","hentry"],"yoast_head":"<!-- This site is optimized with the Yoast SEO plugin v27.4 - https:\/\/yoast.com\/product\/yoast-seo-wordpress\/ -->\n<title>JT-Line Oy:n lipputuotteen k\u00e4ytt\u00f6ehdot Whim-sovelluksessa - JT-line - Viapori - R\u00f6nnsk\u00e4r - charter kryssningar<\/title>\n<meta name=\"robots\" content=\"index, follow, max-snippet:-1, max-image-preview:large, max-video-preview:-1\" \/>\n<link rel=\"canonical\" href=\"https:\/\/www.jt-line.fi\/sve\/whim-kayttoehdot\/\" \/>\n<meta property=\"og:locale\" content=\"sv_SE\" \/>\n<meta property=\"og:type\" content=\"article\" \/>\n<meta property=\"og:title\" content=\"JT-Line Oy:n lipputuotteen k\u00e4ytt\u00f6ehdot Whim-sovelluksessa - JT-line - Viapori - R\u00f6nnsk\u00e4r - charter kryssningar\" \/>\n<meta property=\"og:description\" content=\"JT-Line Oy:n lipputuotteen k\u00e4ytt\u00f6ehdot Whim-sovelluksessa MaaS Global Oy:n Whim-sovelluksessa on kes\u00e4ll\u00e4 2020 myynniss\u00e4 liikenn\u00f6itsij\u00e4 JT-Line Oy:n Island hopping -lipputuote. Kyseess\u00e4 on lipputuotteen rajattu pilottik\u00e4ytt\u00f6 Whim-sovelluksessa. Alla on kerrottu Whim-sovelluksessa myynniss\u00e4 olevan Island hopping -lipputuotteen k\u00e4ytt\u00f6ehdot. Island hopping -lipputuote Whim-sovelluksessa JT-Line Oy:n Island hopping -lipputuote on ostettavissa ajalla 10.8.2020 &#8211; 27.9.2020 MaaS Global Oy:n Whim-sovelluksessa. Island...\" \/>\n<meta property=\"og:url\" content=\"https:\/\/www.jt-line.fi\/sve\/whim-kayttoehdot\/\" \/>\n<meta property=\"og:site_name\" content=\"JT-line - Viapori - R\u00f6nnsk\u00e4r - charter kryssningar\" \/>\n<meta property=\"article:modified_time\" content=\"2020-08-11T11:25:49+00:00\" \/>\n<meta name=\"twitter:card\" content=\"summary_large_image\" \/>\n<meta name=\"twitter:label1\" content=\"Ber\u00e4knad l\u00e4stid\" \/>\n\t<meta name=\"twitter:data1\" content=\"3 minuter\" \/>\n<script type=\"application\/ld+json\" class=\"yoast-schema-graph\">{\"@context\":\"https:\\\/\\\/schema.org\",\"@graph\":[{\"@type\":\"WebPage\",\"@id\":\"https:\\\/\\\/www.jt-line.fi\\\/sve\\\/whim-kayttoehdot\\\/\",\"url\":\"https:\\\/\\\/www.jt-line.fi\\\/sve\\\/whim-kayttoehdot\\\/\",\"name\":\"JT-Line Oy:n lipputuotteen k\u00e4ytt\u00f6ehdot Whim-sovelluksessa - JT-line - Viapori - R\u00f6nnsk\u00e4r - charter kryssningar\",\"isPartOf\":{\"@id\":\"https:\\\/\\\/www.jt-line.fi\\\/sve\\\/#website\"},\"datePublished\":\"2020-08-05T07:47:12+00:00\",\"dateModified\":\"2020-08-11T11:25:49+00:00\",\"breadcrumb\":{\"@id\":\"https:\\\/\\\/www.jt-line.fi\\\/sve\\\/whim-kayttoehdot\\\/#breadcrumb\"},\"inLanguage\":\"sv-SE\",\"potentialAction\":[{\"@type\":\"ReadAction\",\"target\":[\"https:\\\/\\\/www.jt-line.fi\\\/sve\\\/whim-kayttoehdot\\\/\"]}]},{\"@type\":\"BreadcrumbList\",\"@id\":\"https:\\\/\\\/www.jt-line.fi\\\/sve\\\/whim-kayttoehdot\\\/#breadcrumb\",\"itemListElement\":[{\"@type\":\"ListItem\",\"position\":1,\"name\":\"Home\",\"item\":\"https:\\\/\\\/www.jt-line.fi\\\/sve\\\/\"},{\"@type\":\"ListItem\",\"position\":2,\"name\":\"JT-Line Oy:n lipputuotteen k\u00e4ytt\u00f6ehdot Whim-sovelluksessa\"}]},{\"@type\":\"WebSite\",\"@id\":\"https:\\\/\\\/www.jt-line.fi\\\/sve\\\/#website\",\"url\":\"https:\\\/\\\/www.jt-line.fi\\\/sve\\\/\",\"name\":\"JT-line - Viapori - R\u00f6nnsk\u00e4r - charter kryssningar\",\"description\":\"| vesibussi - risteily - Helsingin saaristo - Suomenlinna - Pihlajasaari - Vallisaari\",\"potentialAction\":[{\"@type\":\"SearchAction\",\"target\":{\"@type\":\"EntryPoint\",\"urlTemplate\":\"https:\\\/\\\/www.jt-line.fi\\\/sve\\\/?s={search_term_string}\"},\"query-input\":{\"@type\":\"PropertyValueSpecification\",\"valueRequired\":true,\"valueName\":\"search_term_string\"}}],\"inLanguage\":\"sv-SE\"}]}<\/script>\n<!-- \/ Yoast SEO plugin. -->","yoast_head_json":{"title":"JT-Line Oy:n lipputuotteen k\u00e4ytt\u00f6ehdot Whim-sovelluksessa - JT-line - Viapori - R\u00f6nnsk\u00e4r - charter kryssningar","robots":{"index":"index","follow":"follow","max-snippet":"max-snippet:-1","max-image-preview":"max-image-preview:large","max-video-preview":"max-video-preview:-1"},"canonical":"https:\/\/www.jt-line.fi\/sve\/whim-kayttoehdot\/","og_locale":"sv_SE","og_type":"article","og_title":"JT-Line Oy:n lipputuotteen k\u00e4ytt\u00f6ehdot Whim-sovelluksessa - JT-line - Viapori - R\u00f6nnsk\u00e4r - charter kryssningar","og_description":"JT-Line Oy:n lipputuotteen k\u00e4ytt\u00f6ehdot Whim-sovelluksessa MaaS Global Oy:n Whim-sovelluksessa on kes\u00e4ll\u00e4 2020 myynniss\u00e4 liikenn\u00f6itsij\u00e4 JT-Line Oy:n Island hopping -lipputuote. Kyseess\u00e4 on lipputuotteen rajattu pilottik\u00e4ytt\u00f6 Whim-sovelluksessa. Alla on kerrottu Whim-sovelluksessa myynniss\u00e4 olevan Island hopping -lipputuotteen k\u00e4ytt\u00f6ehdot. Island hopping -lipputuote Whim-sovelluksessa JT-Line Oy:n Island hopping -lipputuote on ostettavissa ajalla 10.8.2020 &#8211; 27.9.2020 MaaS Global Oy:n Whim-sovelluksessa. Island...","og_url":"https:\/\/www.jt-line.fi\/sve\/whim-kayttoehdot\/","og_site_name":"JT-line - Viapori - R\u00f6nnsk\u00e4r - charter kryssningar","article_modified_time":"2020-08-11T11:25:49+00:00","twitter_card":"summary_large_image","twitter_misc":{"Ber\u00e4knad l\u00e4stid":"3 minuter"},"schema":{"@context":"https:\/\/schema.org","@graph":[{"@type":"WebPage","@id":"https:\/\/www.jt-line.fi\/sve\/whim-kayttoehdot\/","url":"https:\/\/www.jt-line.fi\/sve\/whim-kayttoehdot\/","name":"JT-Line Oy:n lipputuotteen k\u00e4ytt\u00f6ehdot Whim-sovelluksessa - JT-line - Viapori - R\u00f6nnsk\u00e4r - charter kryssningar","isPartOf":{"@id":"https:\/\/www.jt-line.fi\/sve\/#website"},"datePublished":"2020-08-05T07:47:12+00:00","dateModified":"2020-08-11T11:25:49+00:00","breadcrumb":{"@id":"https:\/\/www.jt-line.fi\/sve\/whim-kayttoehdot\/#breadcrumb"},"inLanguage":"sv-SE","potentialAction":[{"@type":"ReadAction","target":["https:\/\/www.jt-line.fi\/sve\/whim-kayttoehdot\/"]}]},{"@type":"BreadcrumbList","@id":"https:\/\/www.jt-line.fi\/sve\/whim-kayttoehdot\/#breadcrumb","itemListElement":[{"@type":"ListItem","position":1,"name":"Home","item":"https:\/\/www.jt-line.fi\/sve\/"},{"@type":"ListItem","position":2,"name":"JT-Line Oy:n lipputuotteen k\u00e4ytt\u00f6ehdot Whim-sovelluksessa"}]},{"@type":"WebSite","@id":"https:\/\/www.jt-line.fi\/sve\/#website","url":"https:\/\/www.jt-line.fi\/sve\/","name":"JT-line - Viapori - R\u00f6nnsk\u00e4r - charter kryssningar","description":"| vesibussi - risteily - Helsingin saaristo - Suomenlinna - Pihlajasaari - Vallisaari","potentialAction":[{"@type":"SearchAction","target":{"@type":"EntryPoint","urlTemplate":"https:\/\/www.jt-line.fi\/sve\/?s={search_term_string}"},"query-input":{"@type":"PropertyValueSpecification","valueRequired":true,"valueName":"search_term_string"}}],"inLanguage":"sv-SE"}]}},"_links":{"self":[{"href":"https:\/\/www.jt-line.fi\/sve\/wp-json\/wp\/v2\/pages\/2097","targetHints":{"allow":["GET"]}}],"collection":[{"href":"https:\/\/www.jt-line.fi\/sve\/wp-json\/wp\/v2\/pages"}],"about":[{"href":"https:\/\/www.jt-line.fi\/sve\/wp-json\/wp\/v2\/types\/page"}],"author":[{"embeddable":true,"href":"https:\/\/www.jt-line.fi\/sve\/wp-json\/wp\/v2\/users\/2"}],"replies":[{"embeddable":true,"href":"https:\/\/www.jt-line.fi\/sve\/wp-json\/wp\/v2\/comments?post=2097"}],"version-history":[{"count":3,"href":"https:\/\/www.jt-line.fi\/sve\/wp-json\/wp\/v2\/pages\/2097\/revisions"}],"predecessor-version":[{"id":2113,"href":"https:\/\/www.jt-line.fi\/sve\/wp-json\/wp\/v2\/pages\/2097\/revisions\/2113"}],"wp:attachment":[{"href":"https:\/\/www.jt-line.fi\/sve\/wp-json\/wp\/v2\/media?parent=2097"}],"curies":[{"name":"wp","href":"https:\/\/api.w.org\/{rel}","templated":true}]}}