{"id":2316,"date":"2021-03-17T10:01:26","date_gmt":"2021-03-17T08:01:26","guid":{"rendered":"https:\/\/www.jt-line.fi\/sve\/?page_id=2316"},"modified":"2024-05-30T18:09:50","modified_gmt":"2024-05-30T15:09:50","slug":"vastuullisuus","status":"publish","type":"page","link":"https:\/\/www.jt-line.fi\/sve\/ota-yhteytta\/vastuullisuus\/","title":{"rendered":"Ansvarsfullhet"},"content":{"rendered":"<h1>Ansvarsfullhet<\/h1>\n<p><strong>Vi har f\u00f6rbundit oss till att utveckla v\u00e5r aff\u00e4rsverksamhet i riktning med principerna om h\u00e5llbart resande.<\/strong><\/p>\n<p>Avsikten med h\u00e5llbart resande \u00e4r att ta i beaktande den nuvarande och framtida effekten som verksamheten har socialt och ekonomiskt, samt p\u00e5 milj\u00f6n. I h\u00e5llbart resande beaktas likv\u00e4l resen\u00e4rers, resebolags, resm\u00e5ls, milj\u00f6ns, samt lokalbefolkningens behov. F\u00f6r oss p\u00e5 JT-Line \u00e4r det viktigt att resandet i sk\u00e4rg\u00e5rden forts\u00e4ttningsvis \u00e4r upplevelserikt i framtiden. D\u00e4rf\u00f6r vill vi vara med att verkst\u00e4lla ansvarsfulla och h\u00e5llbara principer, och f\u00f6rb\u00e4ttra de f\u00f6ruts\u00e4ttningar som kr\u00e4vs f\u00f6r ett h\u00e5llbart sk\u00e4rg\u00e5rdsresande i framtiden. Vi vill \u00f6ka sk\u00e4rg\u00e5rdens tillg\u00e4nglighet f\u00f6r alla, samt v\u00e5rda sk\u00e4rg\u00e5rdens kulturhistoria och natur.<\/p>\n<p>Ekonomisk h\u00e5llbarhet \u00e4r ett av v\u00e5ra livsvillkor och vi str\u00e4var f\u00f6r en uth\u00e5llig verksamhet. D\u00e4rf\u00f6r har vi utvecklat v\u00e5r verksamhet s\u00e5, att vi genom v\u00e5ra investeringar och ink\u00f6p kan genomf\u00f6ra principerna om h\u00e5llbar turism i riktning med v\u00e5r aff\u00e4rsstrategi och v\u00e5ra v\u00e4rden.<\/p>\n<p><strong>F\u00f6r JT-Line \u00e4r varje kund lika viktig! <\/strong><\/p>\n<p>Det \u00e4r viktigt f\u00f6r oss att beakta v\u00e5ra kunder j\u00e4mlikt, och att erbjuda alla en h\u00f6g kvalitet av kundbetj\u00e4ning.<br \/>\nVi str\u00e4var till att \u00f6ka tillg\u00e4ngligheten av v\u00e5ra tj\u00e4nster f\u00f6r personer med funktionsneds\u00e4ttningar, och att b\u00e4ttre beakta hj\u00e4lpmedel ombord v\u00e5ra b\u00e5tar, och p\u00e5 v\u00e5ra bryggor. F\u00f6r att s\u00e4kerst\u00e4lla kvaliteten av v\u00e5r service skolar vi v\u00e5ra anst\u00e4llda samt tar hand om deras v\u00e4lm\u00e5ende p\u00e5 arbetet. Vi utvecklar v\u00e5ra tj\u00e4nster ocks\u00e5 p\u00e5 basis av feedback fr\u00e5n v\u00e5ra kunder, och har f\u00f6r det \u00e4ndam\u00e5let gjort ett kundfeedbacksystem som vi aktivt f\u00f6ljer med och utnyttjar d\u00e5 vi f\u00f6rb\u00e4ttrar p\u00e5 v\u00e5ra tj\u00e4nster.<\/p>\n<p><strong>Ett t\u00e4tt samarbete med andra lokala f\u00f6retag \u00e4r till nytta f\u00f6r b\u00e5de oss och v\u00e5ra kunder.<\/strong><\/p>\n<p>Vi samarbetar t\u00e4tt med andra f\u00f6retag p\u00e5 v\u00e5ra \u00f6-destinationer (Lonnan, Sveaborg och R\u00f6nnsk\u00e4r). Vi vill ocks\u00e5 alltmer fr\u00e4mja lokala produkter och tj\u00e4nster. D\u00e4rf\u00f6r s\u00f6ker vi alltid ocks\u00e5 efter nya samarbetsm\u00f6jligheter med lokala f\u00f6retag, ut\u00f6ver de samarbetspartner vi redan har. Dessutom deltar vi, samt involverar vi v\u00e5ra kunder, i arbetet f\u00f6r ansvarsfullhet genom att donera till v\u00e4lg\u00f6renhet v\u00e5ra produkter och pengaresurser i direkt korrelation till den f\u00f6rverkligade f\u00f6rs\u00e4ljningen. Den kommande s\u00e4songen har vi valt att st\u00f6dja Hope Ry och John Nurminens Stiftelse.<\/p>\n<p>Vi har \u00e4gnat en egen sida \u00e5t milj\u00f6ansvarsfullhet, och du kan l\u00e4sa mer om v\u00e5r milj\u00f6policy <a href=\"https:\/\/www.jt-line.fi\/sve\/ota-yhteytta\/ymparisto-vastuullisuus-ymparistopolitiikka\/\">h\u00e4r &gt;&gt;<\/a><\/p>\n<p><strong>JT-Line har blivit tilldelad Sustainable Travel Finland \u2013m\u00e4rket i mars 2021 som bevis av f\u00f6retagets v\u00e4rdefulla och l\u00e5ngvariga arbete f\u00f6r h\u00e5llbart resande.<\/strong><\/p>\n<hr \/>\n<p><a href=\"https:\/\/www.visitfinland.com\/sustainable-finland\/sustainable-travel-destinations\/\" target=\"_blank\" rel=\"noopener noreferrer\"><img decoding=\"async\" class=\"alignnone size-medium wp-image-2450\" src=\"https:\/\/www.jt-line.fi\/wp-content\/uploads\/STF_web_JT-Line.jpg\" alt=\"Sustainable-Travel-Finland-logo\" width=\"230\" height=\"*\" srcset=\"https:\/\/www.jt-line.fi\/sve\/wp-content\/uploads\/sites\/8\/STF_web_JT-Line.jpg 689w, https:\/\/www.jt-line.fi\/sve\/wp-content\/uploads\/sites\/8\/STF_web_JT-Line-300x103.jpg 300w\" sizes=\"(max-width: 689px) 100vw, 689px\" \/><\/a>\u00a0 \u00a0 <a href=\"https:\/\/ekokompassi.fi\/briefly-in-english\/\" target=\"_blank\" rel=\"noopener noreferrer\"><img decoding=\"async\" class=\"alignnone size-medium wp-image-1600\" src=\"https:\/\/www.jt-line.fi\/eng\/wp-content\/uploads\/sites\/4\/Ekokompassi_web_JT-Line_en.png\" alt=\"Eco-Compass-logo\" width=\"250\" height=\"*\" \/><\/a>\u00a0 \u00a0 <img decoding=\"async\" class=\"alignnone size-full wp-image-4029\" src=\"https:\/\/www.jt-line.fi\/wp-content\/uploads\/POWERED-BY-JT-LINE.png\" alt=\"\" width=\"200\" height=\"*\" \/>\u00a0 <a href=\"https:\/\/www.wespeakgay.com\/sateenkaarimatkailu\" target=\"_blank\" rel=\"noopener\"><img loading=\"lazy\" decoding=\"async\" class=\"alignnone size-full wp-image-3996\" src=\"https:\/\/www.jt-line.fi\/wp-content\/uploads\/we_speak_gay_black.jpg\" alt=\"\" width=\"90\" height=\"90\" \/><\/a><\/p>\n","protected":false},"excerpt":{"rendered":"<p>Ansvarsfullhet Vi har f\u00f6rbundit oss till att utveckla v\u00e5r aff\u00e4rsverksamhet i riktning med principerna om h\u00e5llbart resande. Avsikten med h\u00e5llbart resande \u00e4r att ta i beaktande den nuvarande och framtida effekten som verksamheten har socialt och ekonomiskt, samt p\u00e5 milj\u00f6n. I h\u00e5llbart resande beaktas likv\u00e4l resen\u00e4rers, resebolags, resm\u00e5ls, milj\u00f6ns, samt lokalbefolkningens behov. F\u00f6r oss p\u00e5&#8230;<\/p>\n","protected":false},"author":2,"featured_media":0,"parent":415,"menu_order":3,"comment_status":"closed","ping_status":"closed","template":"","meta":{"footnotes":""},"class_list":["post-2316","page","type-page","status-publish","hentry"],"yoast_head":"<!-- This site is optimized with the Yoast SEO plugin v27.4 - https:\/\/yoast.com\/product\/yoast-seo-wordpress\/ -->\n<title>Ansvarsfullhet | Sustainable Travel Finland | JT-Line<\/title>\n<meta name=\"description\" content=\"Familjef\u00f6retaget JT-Lines ansvarsfullhet enligt principerna om h\u00e5llbar turism. En milj\u00f6beaktande och j\u00e4mst\u00e4lld lokalitet.\" \/>\n<meta name=\"robots\" content=\"index, follow, max-snippet:-1, max-image-preview:large, max-video-preview:-1\" \/>\n<link rel=\"canonical\" href=\"https:\/\/www.jt-line.fi\/sve\/ota-yhteytta\/vastuullisuus\/\" \/>\n<meta property=\"og:locale\" content=\"sv_SE\" \/>\n<meta property=\"og:type\" content=\"article\" \/>\n<meta property=\"og:title\" content=\"Ansvarsfullhet | Sustainable Travel Finland | JT-Line\" \/>\n<meta property=\"og:description\" content=\"Familjef\u00f6retaget JT-Lines ansvarsfullhet enligt principerna om h\u00e5llbar turism. En milj\u00f6beaktande och j\u00e4mst\u00e4lld lokalitet.\" \/>\n<meta property=\"og:url\" content=\"https:\/\/www.jt-line.fi\/sve\/ota-yhteytta\/vastuullisuus\/\" \/>\n<meta property=\"og:site_name\" content=\"JT-line - Viapori - R\u00f6nnsk\u00e4r - charter kryssningar\" \/>\n<meta property=\"article:modified_time\" content=\"2024-05-30T15:09:50+00:00\" \/>\n<meta property=\"og:image\" content=\"https:\/\/www.jt-line.fi\/wp-content\/uploads\/STF_web_JT-Line.jpg\" \/>\n<meta name=\"twitter:card\" content=\"summary_large_image\" \/>\n<meta name=\"twitter:label1\" content=\"Ber\u00e4knad l\u00e4stid\" \/>\n\t<meta name=\"twitter:data1\" content=\"3 minuter\" \/>\n<script type=\"application\/ld+json\" class=\"yoast-schema-graph\">{\"@context\":\"https:\\\/\\\/schema.org\",\"@graph\":[{\"@type\":\"WebPage\",\"@id\":\"https:\\\/\\\/www.jt-line.fi\\\/sve\\\/ota-yhteytta\\\/vastuullisuus\\\/\",\"url\":\"https:\\\/\\\/www.jt-line.fi\\\/sve\\\/ota-yhteytta\\\/vastuullisuus\\\/\",\"name\":\"Ansvarsfullhet | Sustainable Travel Finland | JT-Line\",\"isPartOf\":{\"@id\":\"https:\\\/\\\/www.jt-line.fi\\\/sve\\\/#website\"},\"primaryImageOfPage\":{\"@id\":\"https:\\\/\\\/www.jt-line.fi\\\/sve\\\/ota-yhteytta\\\/vastuullisuus\\\/#primaryimage\"},\"image\":{\"@id\":\"https:\\\/\\\/www.jt-line.fi\\\/sve\\\/ota-yhteytta\\\/vastuullisuus\\\/#primaryimage\"},\"thumbnailUrl\":\"https:\\\/\\\/www.jt-line.fi\\\/wp-content\\\/uploads\\\/STF_web_JT-Line.jpg\",\"datePublished\":\"2021-03-17T08:01:26+00:00\",\"dateModified\":\"2024-05-30T15:09:50+00:00\",\"description\":\"Familjef\u00f6retaget JT-Lines ansvarsfullhet enligt principerna om h\u00e5llbar turism. En milj\u00f6beaktande och j\u00e4mst\u00e4lld lokalitet.\",\"breadcrumb\":{\"@id\":\"https:\\\/\\\/www.jt-line.fi\\\/sve\\\/ota-yhteytta\\\/vastuullisuus\\\/#breadcrumb\"},\"inLanguage\":\"sv-SE\",\"potentialAction\":[{\"@type\":\"ReadAction\",\"target\":[\"https:\\\/\\\/www.jt-line.fi\\\/sve\\\/ota-yhteytta\\\/vastuullisuus\\\/\"]}]},{\"@type\":\"ImageObject\",\"inLanguage\":\"sv-SE\",\"@id\":\"https:\\\/\\\/www.jt-line.fi\\\/sve\\\/ota-yhteytta\\\/vastuullisuus\\\/#primaryimage\",\"url\":\"https:\\\/\\\/www.jt-line.fi\\\/wp-content\\\/uploads\\\/STF_web_JT-Line.jpg\",\"contentUrl\":\"https:\\\/\\\/www.jt-line.fi\\\/wp-content\\\/uploads\\\/STF_web_JT-Line.jpg\"},{\"@type\":\"BreadcrumbList\",\"@id\":\"https:\\\/\\\/www.jt-line.fi\\\/sve\\\/ota-yhteytta\\\/vastuullisuus\\\/#breadcrumb\",\"itemListElement\":[{\"@type\":\"ListItem\",\"position\":1,\"name\":\"Home\",\"item\":\"https:\\\/\\\/www.jt-line.fi\\\/sve\\\/\"},{\"@type\":\"ListItem\",\"position\":2,\"name\":\"Kontaktinformation\",\"item\":\"https:\\\/\\\/www.jt-line.fi\\\/sve\\\/ota-yhteytta\\\/\"},{\"@type\":\"ListItem\",\"position\":3,\"name\":\"Ansvarsfullhet\"}]},{\"@type\":\"WebSite\",\"@id\":\"https:\\\/\\\/www.jt-line.fi\\\/sve\\\/#website\",\"url\":\"https:\\\/\\\/www.jt-line.fi\\\/sve\\\/\",\"name\":\"JT-line - Viapori - R\u00f6nnsk\u00e4r - charter kryssningar\",\"description\":\"| vesibussi - risteily - Helsingin saaristo - Suomenlinna - Pihlajasaari - Vallisaari\",\"potentialAction\":[{\"@type\":\"SearchAction\",\"target\":{\"@type\":\"EntryPoint\",\"urlTemplate\":\"https:\\\/\\\/www.jt-line.fi\\\/sve\\\/?s={search_term_string}\"},\"query-input\":{\"@type\":\"PropertyValueSpecification\",\"valueRequired\":true,\"valueName\":\"search_term_string\"}}],\"inLanguage\":\"sv-SE\"}]}<\/script>\n<!-- \/ Yoast SEO plugin. -->","yoast_head_json":{"title":"Ansvarsfullhet | Sustainable Travel Finland | JT-Line","description":"Familjef\u00f6retaget JT-Lines ansvarsfullhet enligt principerna om h\u00e5llbar turism. En milj\u00f6beaktande och j\u00e4mst\u00e4lld lokalitet.","robots":{"index":"index","follow":"follow","max-snippet":"max-snippet:-1","max-image-preview":"max-image-preview:large","max-video-preview":"max-video-preview:-1"},"canonical":"https:\/\/www.jt-line.fi\/sve\/ota-yhteytta\/vastuullisuus\/","og_locale":"sv_SE","og_type":"article","og_title":"Ansvarsfullhet | Sustainable Travel Finland | JT-Line","og_description":"Familjef\u00f6retaget JT-Lines ansvarsfullhet enligt principerna om h\u00e5llbar turism. En milj\u00f6beaktande och j\u00e4mst\u00e4lld lokalitet.","og_url":"https:\/\/www.jt-line.fi\/sve\/ota-yhteytta\/vastuullisuus\/","og_site_name":"JT-line - Viapori - R\u00f6nnsk\u00e4r - charter kryssningar","article_modified_time":"2024-05-30T15:09:50+00:00","og_image":[{"url":"https:\/\/www.jt-line.fi\/wp-content\/uploads\/STF_web_JT-Line.jpg","type":"","width":"","height":""}],"twitter_card":"summary_large_image","twitter_misc":{"Ber\u00e4knad l\u00e4stid":"3 minuter"},"schema":{"@context":"https:\/\/schema.org","@graph":[{"@type":"WebPage","@id":"https:\/\/www.jt-line.fi\/sve\/ota-yhteytta\/vastuullisuus\/","url":"https:\/\/www.jt-line.fi\/sve\/ota-yhteytta\/vastuullisuus\/","name":"Ansvarsfullhet | Sustainable Travel Finland | JT-Line","isPartOf":{"@id":"https:\/\/www.jt-line.fi\/sve\/#website"},"primaryImageOfPage":{"@id":"https:\/\/www.jt-line.fi\/sve\/ota-yhteytta\/vastuullisuus\/#primaryimage"},"image":{"@id":"https:\/\/www.jt-line.fi\/sve\/ota-yhteytta\/vastuullisuus\/#primaryimage"},"thumbnailUrl":"https:\/\/www.jt-line.fi\/wp-content\/uploads\/STF_web_JT-Line.jpg","datePublished":"2021-03-17T08:01:26+00:00","dateModified":"2024-05-30T15:09:50+00:00","description":"Familjef\u00f6retaget JT-Lines ansvarsfullhet enligt principerna om h\u00e5llbar turism. En milj\u00f6beaktande och j\u00e4mst\u00e4lld lokalitet.","breadcrumb":{"@id":"https:\/\/www.jt-line.fi\/sve\/ota-yhteytta\/vastuullisuus\/#breadcrumb"},"inLanguage":"sv-SE","potentialAction":[{"@type":"ReadAction","target":["https:\/\/www.jt-line.fi\/sve\/ota-yhteytta\/vastuullisuus\/"]}]},{"@type":"ImageObject","inLanguage":"sv-SE","@id":"https:\/\/www.jt-line.fi\/sve\/ota-yhteytta\/vastuullisuus\/#primaryimage","url":"https:\/\/www.jt-line.fi\/wp-content\/uploads\/STF_web_JT-Line.jpg","contentUrl":"https:\/\/www.jt-line.fi\/wp-content\/uploads\/STF_web_JT-Line.jpg"},{"@type":"BreadcrumbList","@id":"https:\/\/www.jt-line.fi\/sve\/ota-yhteytta\/vastuullisuus\/#breadcrumb","itemListElement":[{"@type":"ListItem","position":1,"name":"Home","item":"https:\/\/www.jt-line.fi\/sve\/"},{"@type":"ListItem","position":2,"name":"Kontaktinformation","item":"https:\/\/www.jt-line.fi\/sve\/ota-yhteytta\/"},{"@type":"ListItem","position":3,"name":"Ansvarsfullhet"}]},{"@type":"WebSite","@id":"https:\/\/www.jt-line.fi\/sve\/#website","url":"https:\/\/www.jt-line.fi\/sve\/","name":"JT-line - Viapori - R\u00f6nnsk\u00e4r - charter kryssningar","description":"| vesibussi - risteily - Helsingin saaristo - Suomenlinna - Pihlajasaari - Vallisaari","potentialAction":[{"@type":"SearchAction","target":{"@type":"EntryPoint","urlTemplate":"https:\/\/www.jt-line.fi\/sve\/?s={search_term_string}"},"query-input":{"@type":"PropertyValueSpecification","valueRequired":true,"valueName":"search_term_string"}}],"inLanguage":"sv-SE"}]}},"_links":{"self":[{"href":"https:\/\/www.jt-line.fi\/sve\/wp-json\/wp\/v2\/pages\/2316","targetHints":{"allow":["GET"]}}],"collection":[{"href":"https:\/\/www.jt-line.fi\/sve\/wp-json\/wp\/v2\/pages"}],"about":[{"href":"https:\/\/www.jt-line.fi\/sve\/wp-json\/wp\/v2\/types\/page"}],"author":[{"embeddable":true,"href":"https:\/\/www.jt-line.fi\/sve\/wp-json\/wp\/v2\/users\/2"}],"replies":[{"embeddable":true,"href":"https:\/\/www.jt-line.fi\/sve\/wp-json\/wp\/v2\/comments?post=2316"}],"version-history":[{"count":9,"href":"https:\/\/www.jt-line.fi\/sve\/wp-json\/wp\/v2\/pages\/2316\/revisions"}],"predecessor-version":[{"id":2781,"href":"https:\/\/www.jt-line.fi\/sve\/wp-json\/wp\/v2\/pages\/2316\/revisions\/2781"}],"up":[{"embeddable":true,"href":"https:\/\/www.jt-line.fi\/sve\/wp-json\/wp\/v2\/pages\/415"}],"wp:attachment":[{"href":"https:\/\/www.jt-line.fi\/sve\/wp-json\/wp\/v2\/media?parent=2316"}],"curies":[{"name":"wp","href":"https:\/\/api.w.org\/{rel}","templated":true}]}}