{"id":2610,"date":"2021-04-22T10:19:18","date_gmt":"2021-04-22T07:19:18","guid":{"rendered":"https:\/\/www.jt-line.fi\/sve\/?page_id=2610"},"modified":"2021-04-22T10:19:56","modified_gmt":"2021-04-22T07:19:56","slug":"kirjaudu","status":"publish","type":"page","link":"https:\/\/www.jt-line.fi\/sve\/kirjaudu\/","title":{"rendered":"kirjaudu"},"content":{"rendered":"<p>\u00a0<\/p>\n<p>Hei!<\/p>\n<p>T\u00e4\u00e4lt\u00e4 et p\u00e4\u00e4sen kirjautumaan sivustolle. Jos et tied\u00e4 kirjautumisosoiteta, ota yhteytt\u00e4\u00a0 sivuston tekij\u00e4\u00e4n.<\/p>\n","protected":false},"excerpt":{"rendered":"<p>\u00a0 Hei! T\u00e4\u00e4lt\u00e4 et p\u00e4\u00e4sen kirjautumaan sivustolle. Jos et tied\u00e4 kirjautumisosoiteta, ota yhteytt\u00e4\u00a0 sivuston tekij\u00e4\u00e4n.<\/p>\n","protected":false},"author":5,"featured_media":0,"parent":0,"menu_order":0,"comment_status":"closed","ping_status":"closed","template":"","meta":{"footnotes":""},"class_list":["post-2610","page","type-page","status-publish","hentry"],"yoast_head":"<!-- This site is optimized with the Yoast SEO plugin v27.5 - https:\/\/yoast.com\/product\/yoast-seo-wordpress\/ -->\n<title>kirjaudu - JT-line - Viapori - R\u00f6nnsk\u00e4r - charter kryssningar<\/title>\n<meta name=\"robots\" content=\"index, follow, max-snippet:-1, max-image-preview:large, max-video-preview:-1\" \/>\n<link rel=\"canonical\" href=\"https:\/\/www.jt-line.fi\/sve\/kirjaudu\/\" \/>\n<meta property=\"og:locale\" content=\"sv_SE\" \/>\n<meta property=\"og:type\" content=\"article\" \/>\n<meta property=\"og:title\" content=\"kirjaudu - JT-line - Viapori - R\u00f6nnsk\u00e4r - charter kryssningar\" \/>\n<meta property=\"og:description\" content=\"\u00a0 Hei! T\u00e4\u00e4lt\u00e4 et p\u00e4\u00e4sen kirjautumaan sivustolle. Jos et tied\u00e4 kirjautumisosoiteta, ota yhteytt\u00e4\u00a0 sivuston tekij\u00e4\u00e4n.\" \/>\n<meta property=\"og:url\" content=\"https:\/\/www.jt-line.fi\/sve\/kirjaudu\/\" \/>\n<meta property=\"og:site_name\" content=\"JT-line - Viapori - R\u00f6nnsk\u00e4r - charter kryssningar\" \/>\n<meta property=\"article:modified_time\" content=\"2021-04-22T07:19:56+00:00\" \/>\n<meta name=\"twitter:card\" content=\"summary_large_image\" \/>\n<meta name=\"twitter:label1\" content=\"Ber\u00e4knad l\u00e4stid\" \/>\n\t<meta name=\"twitter:data1\" content=\"1 minut\" \/>\n<script type=\"application\/ld+json\" class=\"yoast-schema-graph\">{\"@context\":\"https:\\\/\\\/schema.org\",\"@graph\":[{\"@type\":\"WebPage\",\"@id\":\"https:\\\/\\\/www.jt-line.fi\\\/sve\\\/kirjaudu\\\/\",\"url\":\"https:\\\/\\\/www.jt-line.fi\\\/sve\\\/kirjaudu\\\/\",\"name\":\"kirjaudu - JT-line - Viapori - R\u00f6nnsk\u00e4r - charter kryssningar\",\"isPartOf\":{\"@id\":\"https:\\\/\\\/www.jt-line.fi\\\/sve\\\/#website\"},\"datePublished\":\"2021-04-22T07:19:18+00:00\",\"dateModified\":\"2021-04-22T07:19:56+00:00\",\"breadcrumb\":{\"@id\":\"https:\\\/\\\/www.jt-line.fi\\\/sve\\\/kirjaudu\\\/#breadcrumb\"},\"inLanguage\":\"sv-SE\",\"potentialAction\":[{\"@type\":\"ReadAction\",\"target\":[\"https:\\\/\\\/www.jt-line.fi\\\/sve\\\/kirjaudu\\\/\"]}]},{\"@type\":\"BreadcrumbList\",\"@id\":\"https:\\\/\\\/www.jt-line.fi\\\/sve\\\/kirjaudu\\\/#breadcrumb\",\"itemListElement\":[{\"@type\":\"ListItem\",\"position\":1,\"name\":\"Home\",\"item\":\"https:\\\/\\\/www.jt-line.fi\\\/sve\\\/\"},{\"@type\":\"ListItem\",\"position\":2,\"name\":\"kirjaudu\"}]},{\"@type\":\"WebSite\",\"@id\":\"https:\\\/\\\/www.jt-line.fi\\\/sve\\\/#website\",\"url\":\"https:\\\/\\\/www.jt-line.fi\\\/sve\\\/\",\"name\":\"JT-line - Viapori - R\u00f6nnsk\u00e4r - charter kryssningar\",\"description\":\"| vesibussi - risteily - Helsingin saaristo - Suomenlinna - Pihlajasaari - Vallisaari\",\"potentialAction\":[{\"@type\":\"SearchAction\",\"target\":{\"@type\":\"EntryPoint\",\"urlTemplate\":\"https:\\\/\\\/www.jt-line.fi\\\/sve\\\/?s={search_term_string}\"},\"query-input\":{\"@type\":\"PropertyValueSpecification\",\"valueRequired\":true,\"valueName\":\"search_term_string\"}}],\"inLanguage\":\"sv-SE\"}]}<\/script>\n<!-- \/ Yoast SEO plugin. -->","yoast_head_json":{"title":"kirjaudu - JT-line - Viapori - R\u00f6nnsk\u00e4r - charter kryssningar","robots":{"index":"index","follow":"follow","max-snippet":"max-snippet:-1","max-image-preview":"max-image-preview:large","max-video-preview":"max-video-preview:-1"},"canonical":"https:\/\/www.jt-line.fi\/sve\/kirjaudu\/","og_locale":"sv_SE","og_type":"article","og_title":"kirjaudu - JT-line - Viapori - R\u00f6nnsk\u00e4r - charter kryssningar","og_description":"\u00a0 Hei! T\u00e4\u00e4lt\u00e4 et p\u00e4\u00e4sen kirjautumaan sivustolle. Jos et tied\u00e4 kirjautumisosoiteta, ota yhteytt\u00e4\u00a0 sivuston tekij\u00e4\u00e4n.","og_url":"https:\/\/www.jt-line.fi\/sve\/kirjaudu\/","og_site_name":"JT-line - Viapori - R\u00f6nnsk\u00e4r - charter kryssningar","article_modified_time":"2021-04-22T07:19:56+00:00","twitter_card":"summary_large_image","twitter_misc":{"Ber\u00e4knad l\u00e4stid":"1 minut"},"schema":{"@context":"https:\/\/schema.org","@graph":[{"@type":"WebPage","@id":"https:\/\/www.jt-line.fi\/sve\/kirjaudu\/","url":"https:\/\/www.jt-line.fi\/sve\/kirjaudu\/","name":"kirjaudu - JT-line - Viapori - R\u00f6nnsk\u00e4r - charter kryssningar","isPartOf":{"@id":"https:\/\/www.jt-line.fi\/sve\/#website"},"datePublished":"2021-04-22T07:19:18+00:00","dateModified":"2021-04-22T07:19:56+00:00","breadcrumb":{"@id":"https:\/\/www.jt-line.fi\/sve\/kirjaudu\/#breadcrumb"},"inLanguage":"sv-SE","potentialAction":[{"@type":"ReadAction","target":["https:\/\/www.jt-line.fi\/sve\/kirjaudu\/"]}]},{"@type":"BreadcrumbList","@id":"https:\/\/www.jt-line.fi\/sve\/kirjaudu\/#breadcrumb","itemListElement":[{"@type":"ListItem","position":1,"name":"Home","item":"https:\/\/www.jt-line.fi\/sve\/"},{"@type":"ListItem","position":2,"name":"kirjaudu"}]},{"@type":"WebSite","@id":"https:\/\/www.jt-line.fi\/sve\/#website","url":"https:\/\/www.jt-line.fi\/sve\/","name":"JT-line - Viapori - R\u00f6nnsk\u00e4r - charter kryssningar","description":"| vesibussi - risteily - Helsingin saaristo - Suomenlinna - Pihlajasaari - Vallisaari","potentialAction":[{"@type":"SearchAction","target":{"@type":"EntryPoint","urlTemplate":"https:\/\/www.jt-line.fi\/sve\/?s={search_term_string}"},"query-input":{"@type":"PropertyValueSpecification","valueRequired":true,"valueName":"search_term_string"}}],"inLanguage":"sv-SE"}]}},"_links":{"self":[{"href":"https:\/\/www.jt-line.fi\/sve\/wp-json\/wp\/v2\/pages\/2610","targetHints":{"allow":["GET"]}}],"collection":[{"href":"https:\/\/www.jt-line.fi\/sve\/wp-json\/wp\/v2\/pages"}],"about":[{"href":"https:\/\/www.jt-line.fi\/sve\/wp-json\/wp\/v2\/types\/page"}],"author":[{"embeddable":true,"href":"https:\/\/www.jt-line.fi\/sve\/wp-json\/wp\/v2\/users\/5"}],"replies":[{"embeddable":true,"href":"https:\/\/www.jt-line.fi\/sve\/wp-json\/wp\/v2\/comments?post=2610"}],"version-history":[{"count":0,"href":"https:\/\/www.jt-line.fi\/sve\/wp-json\/wp\/v2\/pages\/2610\/revisions"}],"wp:attachment":[{"href":"https:\/\/www.jt-line.fi\/sve\/wp-json\/wp\/v2\/media?parent=2610"}],"curies":[{"name":"wp","href":"https:\/\/api.w.org\/{rel}","templated":true}]}}