{"id":342,"date":"2017-12-12T15:26:54","date_gmt":"2017-12-12T13:26:54","guid":{"rendered":"https:\/\/www.jt-line.fi\/sve\/fin\/?page_id=342"},"modified":"2021-04-17T15:49:55","modified_gmt":"2021-04-17T12:49:55","slug":"varausehdot","status":"publish","type":"page","link":"https:\/\/www.jt-line.fi\/sve\/vesibussi-tilausristeilyt\/varausehdot\/","title":{"rendered":"Varausehdot"},"content":{"rendered":"<h1>Varausehdot<\/h1>\n<p><strong>1. JT-LINE OY:N VARAUS- JA PERUUTUSEHDOT<\/strong><\/p>\n<p>JT-Line Oy noudattaa alusten sek\u00e4 catering-palvelujen varaamisessa ja vahvistettujen varauksien peruutuksissa seuraavia ehtoja. N\u00e4m\u00e4 ehdot tulevat voimaan kumpaakin osapuolta sitoviksi, kun asiakas vahvistaa varauksen puhelimitse, s\u00e4hk\u00f6postitse tai kirjallisesti faxilla tai postitse. Asiakkaan on peruttava varaus, jota h\u00e4n ei aio k\u00e4ytt\u00e4\u00e4.<\/p>\n<p><strong>2. VARAAMINEN JA MAKSAMINEN<\/strong><\/p>\n<p>JT-Line Oy l\u00e4hett\u00e4\u00e4 asiakkaalle vahvistetusta varauksesta viel\u00e4 varausvahvistuksen s\u00e4hk\u00f6postitse tai pyydett\u00e4ess\u00e4 faxilla tai postitse. Vahvistuksesta k\u00e4y ilmi tilauksen sis\u00e4lt\u00f6. Mik\u00e4li asiakas haluaa muuttaa tilauksen sis\u00e4lt\u00f6\u00e4, h\u00e4nen tulee ottaa yhteytt\u00e4 mahdollisimman pian JT-Line Oy:n toimistoon. Vahvistetun varauksen sis\u00e4lt\u00f6\u00e4 voidaan muuttaa vain, mik\u00e4li se on mahdollista ottaen huomioon JT-Line Oy:n muut varaukset kyseiselle p\u00e4iv\u00e4lle. JT-Line Oy pyyt\u00e4\u00e4 huomioimaan, ett\u00e4 muutokset saattavat vaikuttaa risteilyn lopulliseen hintaan.<\/p>\n<p>Mik\u00e4li asiakkaasta johtuvasta syyst\u00e4 risteilyn l\u00e4ht\u00f6 my\u00f6h\u00e4styy ennalta sovitusta tai risteilyn kesto pitenee, JT-Line Oy veloittaa asiakkaalta lis\u00e4maksua jokaiselta alkavalta puolelta tunnilta kyseisen aluksen normaalin tuntiveloituksen mukaisesti. Kuitenkin enint\u00e4\u00e4n 15 minuutin my\u00f6h\u00e4styminen tai risteilyn keston piteneminen sallitaan maksutta. Risteilyn katsotaan p\u00e4\u00e4ttyneen silloin, kun kaikki matkustajat ovat poistuneet aluksesta.<\/p>\n<p>Aluksilla tapahtuvat tarjoilut tilataan ja m\u00e4\u00e4ritell\u00e4\u00e4n aina etuk\u00e4teen, kuitenkin viimeist\u00e4\u00e4n 8 vuorokautta ennen risteily\u00e4. Ruokatarjoilut ja ennakkoon tilattu kahvi- \/ teetarjoilu laskutetaan sen henkil\u00f6m\u00e4\u00e4r\u00e4n mukaisesti, jonka asiakas on ilmoittanut 8 vuorokautta ennen risteily\u00e4. Juomat laskutetaan todellisen kulutuksen mukaisesti.<\/p>\n<p>JT-Line Oy l\u00e4hett\u00e4\u00e4 asiakkaalle varauksen vahvistamisen j\u00e4lkeen laskun sovitun suuruisesta varausmaksusta. Varausmaksua ei palauteta asiakkaalle, vaikka asiakas peruisi risteilyn varausehtojen puitteissa. Varausmaksu v\u00e4hennet\u00e4\u00e4n loppulaskusta. JT-Line Oy l\u00e4hett\u00e4\u00e4 asiakkaalle loppulaskun risteilyn j\u00e4lkeen. Mik\u00e4li asiakas sopii siit\u00e4 etuk\u00e4teen JT-Line Oy:n toimiston kanssa, voidaan risteily tarjoiluineen ja mahdollisine opastuspalveluineen tms. maksaa kokonaisuudessaan tai osittain (lukuunottamatta varausmaksua) my\u00f6s kyseisell\u00e4 aluksella joko k\u00e4teisell\u00e4, suomalaisella pankkikortilla tai yleisimmill\u00e4 luottokorteilla (Visa Electron, Visa, Eurocard \/ Mastercard, Diners ja American Express).<\/p>\n<p><strong>3. PERUUTUKSET<\/strong><\/p>\n<p>Peruutusp\u00e4iv\u00e4 on se p\u00e4iv\u00e4, jolloin JT-Line Oy on saanut tiedon peruutuksesta. Jos asiakas osoittaa, ett\u00e4 peruutus on l\u00e4hetetty riitt\u00e4v\u00e4n ajoissa ollakseen perill\u00e4 tarkoitettuun aikaan, hyv\u00e4ksyt\u00e4\u00e4n peruutus vaikka se my\u00f6h\u00e4styisi tai ei tulisi lainkaan perille.<\/p>\n<p>Mik\u00e4li asiakas peruu vahvistetun varauksen alle 7 vuorokautta ennen risteily\u00e4, veloitetaan koko risteilyn sopimushinta. Mik\u00e4li asiakas peruu vahvistetun varauksen 7-14 vuorokautta ennen risteily\u00e4, veloitetaan 50 % risteilyn sopimushinnasta. Mik\u00e4li vahvistettu varaus perutaan 15 vuorokautta ennen risteily\u00e4, mit\u00e4\u00e4n kuluja ei veloiteta. Edell\u00e4 mainittuja peruutusehtoja sovelletaan sek\u00e4 aluksen vuokraan ett\u00e4 cateringpalveluihin.<\/p>\n<p>Mik\u00e4li asiakas peruu JT-Line Oy:n kautta JT-Line Oy:n yhteisty\u00f6kumppaneilta (esimerkiksi opastuspalvelut) tilaamiaan palveluita, noudatetaan kyseisten yhteisty\u00f6kumppaneiden sopimusehtoja.<\/p>\n<p><strong>4. KULJETUSEHDOT<\/strong><\/p>\n<p>Matkustajien ja rahdin kuljetukseen sovelletaan kuljetusehtoja, jotka ovat n\u00e4ht\u00e4viss\u00e4 osoitteessa www.jt-line.fi\/sve. Kuljetusehdot ovat my\u00f6s saatavissa JT-Line Oy:n toimistolta. JT-Line Oy:n vastuu on rajoitettu Suomen merilain mukaan.<\/p>\n<p><strong>5. VALITUKSET<\/strong><\/p>\n<p>Mahdolliset valitukset on aina teht\u00e4v\u00e4 v\u00e4litt\u00f6m\u00e4sti aluksen henkil\u00f6kunnalle \/ miehist\u00f6n j\u00e4senelle. Mik\u00e4li t\u00e4m\u00e4 ei ole mahdollista, asiaan ei saada tyydytt\u00e4v\u00e4\u00e4 ratkaisua tai siihen liittyy korvausvaatimus, tulee valitus l\u00e4hett\u00e4\u00e4 kuukauden kuluessa tapahtumahetkest\u00e4 kirjallisesti postiosoitteeseen:<\/p>\n<p>JT-Line Oy \/ asiakaspalaute<br \/>\nVironkatu 3<br \/>\n00170 Helsinki<\/p>\n<p>Tai s\u00e4hk\u00f6postitse: info (at) jt-line.fi<\/p>\n<p>JT-Line Oy varaa valitusten k\u00e4sittelyyn kuukauden k\u00e4sittelyajan.<\/p>\n<p><strong>6. MUUTA HUOMIOITAVAA<\/strong><\/p>\n<p>JT-Line Oy ei ole velvollinen korvaamaan luonnonolosuhteista, kuten odottamattomista s\u00e4\u00e4nvaihteluista asiakkaalle mahdollisesti aiheutuvaa haittaa tai kuluja. JT-line Oy:lla on oikeus perua varaus, mik\u00e4li kyseess\u00e4 on ylivoimainen este, ns. Force Majeure. T\u00e4ll\u00f6in asiakkaalta ei luonnollisesti veloiteta mit\u00e4\u00e4n kuluja.<\/p>\n","protected":false},"excerpt":{"rendered":"<p>Varausehdot 1. JT-LINE OY:N VARAUS- JA PERUUTUSEHDOT JT-Line Oy noudattaa alusten sek\u00e4 catering-palvelujen varaamisessa ja vahvistettujen varauksien peruutuksissa seuraavia ehtoja. N\u00e4m\u00e4 ehdot tulevat voimaan kumpaakin osapuolta sitoviksi, kun asiakas vahvistaa varauksen puhelimitse, s\u00e4hk\u00f6postitse tai kirjallisesti faxilla tai postitse. Asiakkaan on peruttava varaus, jota h\u00e4n ei aio k\u00e4ytt\u00e4\u00e4. 2. VARAAMINEN JA MAKSAMINEN JT-Line Oy l\u00e4hett\u00e4\u00e4 asiakkaalle&#8230;<\/p>\n","protected":false},"author":1,"featured_media":0,"parent":153,"menu_order":8,"comment_status":"closed","ping_status":"closed","template":"","meta":{"footnotes":""},"class_list":["post-342","page","type-page","status-publish","hentry"],"yoast_head":"<!-- This site is optimized with the Yoast SEO plugin v27.5 - https:\/\/yoast.com\/product\/yoast-seo-wordpress\/ -->\n<title>Varausehdot - JT-line - Viapori - R\u00f6nnsk\u00e4r - charter kryssningar<\/title>\n<meta name=\"robots\" content=\"index, follow, max-snippet:-1, max-image-preview:large, max-video-preview:-1\" \/>\n<link rel=\"canonical\" href=\"https:\/\/www.jt-line.fi\/sve\/vesibussi-tilausristeilyt\/varausehdot\/\" \/>\n<meta property=\"og:locale\" content=\"sv_SE\" \/>\n<meta property=\"og:type\" content=\"article\" \/>\n<meta property=\"og:title\" content=\"Varausehdot - JT-line - Viapori - R\u00f6nnsk\u00e4r - charter kryssningar\" \/>\n<meta property=\"og:description\" content=\"Varausehdot 1. JT-LINE OY:N VARAUS- JA PERUUTUSEHDOT JT-Line Oy noudattaa alusten sek\u00e4 catering-palvelujen varaamisessa ja vahvistettujen varauksien peruutuksissa seuraavia ehtoja. N\u00e4m\u00e4 ehdot tulevat voimaan kumpaakin osapuolta sitoviksi, kun asiakas vahvistaa varauksen puhelimitse, s\u00e4hk\u00f6postitse tai kirjallisesti faxilla tai postitse. Asiakkaan on peruttava varaus, jota h\u00e4n ei aio k\u00e4ytt\u00e4\u00e4. 2. VARAAMINEN JA MAKSAMINEN JT-Line Oy l\u00e4hett\u00e4\u00e4 asiakkaalle...\" \/>\n<meta property=\"og:url\" content=\"https:\/\/www.jt-line.fi\/sve\/vesibussi-tilausristeilyt\/varausehdot\/\" \/>\n<meta property=\"og:site_name\" content=\"JT-line - Viapori - R\u00f6nnsk\u00e4r - charter kryssningar\" \/>\n<meta property=\"article:modified_time\" content=\"2021-04-17T12:49:55+00:00\" \/>\n<meta name=\"twitter:card\" content=\"summary_large_image\" \/>\n<meta name=\"twitter:label1\" content=\"Ber\u00e4knad l\u00e4stid\" \/>\n\t<meta name=\"twitter:data1\" content=\"3 minuter\" \/>\n<script type=\"application\/ld+json\" class=\"yoast-schema-graph\">{\"@context\":\"https:\\\/\\\/schema.org\",\"@graph\":[{\"@type\":\"WebPage\",\"@id\":\"https:\\\/\\\/www.jt-line.fi\\\/sve\\\/vesibussi-tilausristeilyt\\\/varausehdot\\\/\",\"url\":\"https:\\\/\\\/www.jt-line.fi\\\/sve\\\/vesibussi-tilausristeilyt\\\/varausehdot\\\/\",\"name\":\"Varausehdot - JT-line - Viapori - R\u00f6nnsk\u00e4r - charter kryssningar\",\"isPartOf\":{\"@id\":\"https:\\\/\\\/www.jt-line.fi\\\/sve\\\/#website\"},\"datePublished\":\"2017-12-12T13:26:54+00:00\",\"dateModified\":\"2021-04-17T12:49:55+00:00\",\"breadcrumb\":{\"@id\":\"https:\\\/\\\/www.jt-line.fi\\\/sve\\\/vesibussi-tilausristeilyt\\\/varausehdot\\\/#breadcrumb\"},\"inLanguage\":\"sv-SE\",\"potentialAction\":[{\"@type\":\"ReadAction\",\"target\":[\"https:\\\/\\\/www.jt-line.fi\\\/sve\\\/vesibussi-tilausristeilyt\\\/varausehdot\\\/\"]}]},{\"@type\":\"BreadcrumbList\",\"@id\":\"https:\\\/\\\/www.jt-line.fi\\\/sve\\\/vesibussi-tilausristeilyt\\\/varausehdot\\\/#breadcrumb\",\"itemListElement\":[{\"@type\":\"ListItem\",\"position\":1,\"name\":\"Home\",\"item\":\"https:\\\/\\\/www.jt-line.fi\\\/sve\\\/\"},{\"@type\":\"ListItem\",\"position\":2,\"name\":\"TILAUSRISTEILYT\",\"item\":\"https:\\\/\\\/www.jt-line.fi\\\/sve\\\/vesibussi-tilausristeilyt\\\/\"},{\"@type\":\"ListItem\",\"position\":3,\"name\":\"Varausehdot\"}]},{\"@type\":\"WebSite\",\"@id\":\"https:\\\/\\\/www.jt-line.fi\\\/sve\\\/#website\",\"url\":\"https:\\\/\\\/www.jt-line.fi\\\/sve\\\/\",\"name\":\"JT-line - Viapori - R\u00f6nnsk\u00e4r - charter kryssningar\",\"description\":\"| vesibussi - risteily - Helsingin saaristo - Suomenlinna - Pihlajasaari - Vallisaari\",\"potentialAction\":[{\"@type\":\"SearchAction\",\"target\":{\"@type\":\"EntryPoint\",\"urlTemplate\":\"https:\\\/\\\/www.jt-line.fi\\\/sve\\\/?s={search_term_string}\"},\"query-input\":{\"@type\":\"PropertyValueSpecification\",\"valueRequired\":true,\"valueName\":\"search_term_string\"}}],\"inLanguage\":\"sv-SE\"}]}<\/script>\n<!-- \/ Yoast SEO plugin. -->","yoast_head_json":{"title":"Varausehdot - JT-line - Viapori - R\u00f6nnsk\u00e4r - charter kryssningar","robots":{"index":"index","follow":"follow","max-snippet":"max-snippet:-1","max-image-preview":"max-image-preview:large","max-video-preview":"max-video-preview:-1"},"canonical":"https:\/\/www.jt-line.fi\/sve\/vesibussi-tilausristeilyt\/varausehdot\/","og_locale":"sv_SE","og_type":"article","og_title":"Varausehdot - JT-line - Viapori - R\u00f6nnsk\u00e4r - charter kryssningar","og_description":"Varausehdot 1. JT-LINE OY:N VARAUS- JA PERUUTUSEHDOT JT-Line Oy noudattaa alusten sek\u00e4 catering-palvelujen varaamisessa ja vahvistettujen varauksien peruutuksissa seuraavia ehtoja. N\u00e4m\u00e4 ehdot tulevat voimaan kumpaakin osapuolta sitoviksi, kun asiakas vahvistaa varauksen puhelimitse, s\u00e4hk\u00f6postitse tai kirjallisesti faxilla tai postitse. Asiakkaan on peruttava varaus, jota h\u00e4n ei aio k\u00e4ytt\u00e4\u00e4. 2. VARAAMINEN JA MAKSAMINEN JT-Line Oy l\u00e4hett\u00e4\u00e4 asiakkaalle...","og_url":"https:\/\/www.jt-line.fi\/sve\/vesibussi-tilausristeilyt\/varausehdot\/","og_site_name":"JT-line - Viapori - R\u00f6nnsk\u00e4r - charter kryssningar","article_modified_time":"2021-04-17T12:49:55+00:00","twitter_card":"summary_large_image","twitter_misc":{"Ber\u00e4knad l\u00e4stid":"3 minuter"},"schema":{"@context":"https:\/\/schema.org","@graph":[{"@type":"WebPage","@id":"https:\/\/www.jt-line.fi\/sve\/vesibussi-tilausristeilyt\/varausehdot\/","url":"https:\/\/www.jt-line.fi\/sve\/vesibussi-tilausristeilyt\/varausehdot\/","name":"Varausehdot - JT-line - Viapori - R\u00f6nnsk\u00e4r - charter kryssningar","isPartOf":{"@id":"https:\/\/www.jt-line.fi\/sve\/#website"},"datePublished":"2017-12-12T13:26:54+00:00","dateModified":"2021-04-17T12:49:55+00:00","breadcrumb":{"@id":"https:\/\/www.jt-line.fi\/sve\/vesibussi-tilausristeilyt\/varausehdot\/#breadcrumb"},"inLanguage":"sv-SE","potentialAction":[{"@type":"ReadAction","target":["https:\/\/www.jt-line.fi\/sve\/vesibussi-tilausristeilyt\/varausehdot\/"]}]},{"@type":"BreadcrumbList","@id":"https:\/\/www.jt-line.fi\/sve\/vesibussi-tilausristeilyt\/varausehdot\/#breadcrumb","itemListElement":[{"@type":"ListItem","position":1,"name":"Home","item":"https:\/\/www.jt-line.fi\/sve\/"},{"@type":"ListItem","position":2,"name":"TILAUSRISTEILYT","item":"https:\/\/www.jt-line.fi\/sve\/vesibussi-tilausristeilyt\/"},{"@type":"ListItem","position":3,"name":"Varausehdot"}]},{"@type":"WebSite","@id":"https:\/\/www.jt-line.fi\/sve\/#website","url":"https:\/\/www.jt-line.fi\/sve\/","name":"JT-line - Viapori - R\u00f6nnsk\u00e4r - charter kryssningar","description":"| vesibussi - risteily - Helsingin saaristo - Suomenlinna - Pihlajasaari - Vallisaari","potentialAction":[{"@type":"SearchAction","target":{"@type":"EntryPoint","urlTemplate":"https:\/\/www.jt-line.fi\/sve\/?s={search_term_string}"},"query-input":{"@type":"PropertyValueSpecification","valueRequired":true,"valueName":"search_term_string"}}],"inLanguage":"sv-SE"}]}},"_links":{"self":[{"href":"https:\/\/www.jt-line.fi\/sve\/wp-json\/wp\/v2\/pages\/342","targetHints":{"allow":["GET"]}}],"collection":[{"href":"https:\/\/www.jt-line.fi\/sve\/wp-json\/wp\/v2\/pages"}],"about":[{"href":"https:\/\/www.jt-line.fi\/sve\/wp-json\/wp\/v2\/types\/page"}],"author":[{"embeddable":true,"href":"https:\/\/www.jt-line.fi\/sve\/wp-json\/wp\/v2\/users\/1"}],"replies":[{"embeddable":true,"href":"https:\/\/www.jt-line.fi\/sve\/wp-json\/wp\/v2\/comments?post=342"}],"version-history":[{"count":0,"href":"https:\/\/www.jt-line.fi\/sve\/wp-json\/wp\/v2\/pages\/342\/revisions"}],"up":[{"embeddable":true,"href":"https:\/\/www.jt-line.fi\/sve\/wp-json\/wp\/v2\/pages\/153"}],"wp:attachment":[{"href":"https:\/\/www.jt-line.fi\/sve\/wp-json\/wp\/v2\/media?parent=342"}],"curies":[{"name":"wp","href":"https:\/\/api.w.org\/{rel}","templated":true}]}}