{"id":4,"date":"2017-12-09T10:42:29","date_gmt":"2017-12-09T08:42:29","guid":{"rendered":"https:\/\/www.jt-line.fi\/sve\/fin\/?page_id=4"},"modified":"2022-03-23T11:17:20","modified_gmt":"2022-03-23T09:17:20","slug":"suomenlinna-vallisaari-lonna","status":"publish","type":"page","link":"https:\/\/www.jt-line.fi\/sve\/suomenlinna-vallisaari-lonna\/","title":{"rendered":"Presentation av destinationer"},"content":{"rendered":"<h1>Sveaborg & Lonnan<\/h1>\n<p><img loading=\"lazy\" decoding=\"async\" class=\"alignnone size-full wp-image-2703\" src=\"https:\/\/www.jt-line.fi\/sve\/wp-content\/uploads\/sites\/8\/Suomenlinna-110th-Street-Productions-Helsingin-kaupunki.png\" alt=\"Foto_Sveaborg_110th Street Productions_ Helsingin kaupunki\" width=\"800\" height=\"300\" srcset=\"https:\/\/www.jt-line.fi\/sve\/wp-content\/uploads\/sites\/8\/Suomenlinna-110th-Street-Productions-Helsingin-kaupunki.png 800w, https:\/\/www.jt-line.fi\/sve\/wp-content\/uploads\/sites\/8\/Suomenlinna-110th-Street-Productions-Helsingin-kaupunki-300x113.png 300w, https:\/\/www.jt-line.fi\/sve\/wp-content\/uploads\/sites\/8\/Suomenlinna-110th-Street-Productions-Helsingin-kaupunki-768x288.png 768w\" sizes=\"auto, (max-width: 800px) 100vw, 800px\" \/><br \/>\n<em>Foto: 110th Street Productions \/ Helsingin kaupunki<\/em><\/p>\n<p><strong>JT-Line vattenbussar k\u00f6r denna rutt under sommars\u00e4songen 2021:<\/strong><\/p>\n<ul>\n<li>Salutorget > Lonnan > Sveaborg (Artilleriviken) > Sveaborg (Kungsporten) > Lonnan > Salutorget<\/li>\n<\/ul>\n<hr \/>\n<p><strong>Sveaborg <\/strong><\/p>\n<p>Direkt utanf\u00f6r Helsingfors ligger sj\u00f6f\u00e4stningen Sveaborg som \u00e4r ett UNESCO v\u00e4rldsarvsobjekt och ett av Finlands mest popul\u00e4ra sev\u00e4rdheter, samt ett av v\u00e4rldens st\u00f6rsta sj\u00f6f\u00e4stningar. Sveaborg \u00e4r ocks\u00e5 en stadsdel i Helsingfors d\u00e4r kring 850 m\u00e4nniskor bor \u00e5ret runt.<\/p>\n<p>Sveaborg erbjuder p\u00e5 saker att se och g\u00f6ra \u00e5t folk av alla \u00e5ldrar. Du kan till exempel bekanta dig med \u00f6ns historia p\u00e5 en av Samfundet Ehrensv\u00e4rd:s fascinerande rundvandringar. Fr\u00e5n deras utbud hittar du ocks\u00e5 en \u00e4ventyrsrunda \u00e5t barn, samt en seglingsrunda p\u00e5 kanonslupen Diana. Ut\u00f6ver de guidade turerna finns det ocks\u00e5 mus\u00e9er av olika slag p\u00e5 \u00f6n, s\u00e5 som ub\u00e5ten Vesikko.<\/p>\n<p>Naturligtvis kan du ocks\u00e5 bekanta dig med \u00f6n p\u00e5 egen hand, och utforska till exempel \u00f6ns natur, med dess vackra strandklippor och de inre \u00f6arnas parklandskap. P\u00e5 \u00f6n finns ocks\u00e5 ett stort utbud av restauranger och caf\u00e9er, allt fr\u00e5n sm\u00e5 idylliska caf\u00e9er och lunchst\u00e4llen till olika gourmetrestauranger.<\/p>\n<p>P\u00e5 Sveaborg tar man sig fram fr\u00e4mst p\u00e5 fot, och d\u00e4r finns ocks\u00e5 flera kullerstensv\u00e4gar som kan vara besv\u00e4rliga att ta sig fram p\u00e5 med bland annat rullstolar och barnvagnar. P\u00e5 Sveaborgs n\u00e4tsida kan du dock hitta en karta p\u00e5 en l\u00e4ttare tillg\u00e4nglig <a href=\"https:\/\/frantic.s3.eu-west-1.amazonaws.com\/suomenlinna\/2020\/06\/08160552\/Lattarerutt-web.pdf\">rutt >><\/a><\/p>\n<p>Du kan l\u00e4sa mera om Sveaborg (om dess historia, restauranger, guidade turer mm.) p\u00e5 n\u00e4tsidorna:<br \/>\n<a title=\"Suomenlinna\" href=\"https:\/\/www.suomenlinna.fi\/sv\/\" target=\"_blank\" rel=\"noopener noreferrer\">www.suomenlinna.fi<\/a><br \/>\n<a title=\"Suomenlinna esittelykierrokset\" href=\"http:\/\/www.suomenlinnatours.com\/sv\/home-sv\" target=\"_blank\" rel=\"noopener noreferrer\">www.suomenlinnatours.com<\/a><\/p>\n<p><img loading=\"lazy\" decoding=\"async\" class=\"alignnone size-full wp-image-2705\" src=\"https:\/\/www.jt-line.fi\/sve\/wp-content\/uploads\/sites\/8\/Suomenlinna-Omar-El-Mrabt.jpg\" alt=\"Foto_Sveaborg_Omar El Mrabt\" width=\"800\" height=\"300\" srcset=\"https:\/\/www.jt-line.fi\/sve\/wp-content\/uploads\/sites\/8\/Suomenlinna-Omar-El-Mrabt.jpg 800w, https:\/\/www.jt-line.fi\/sve\/wp-content\/uploads\/sites\/8\/Suomenlinna-Omar-El-Mrabt-300x113.jpg 300w, https:\/\/www.jt-line.fi\/sve\/wp-content\/uploads\/sites\/8\/Suomenlinna-Omar-El-Mrabt-768x288.jpg 768w\" sizes=\"auto, (max-width: 800px) 100vw, 800px\" \/><br \/>\n<em>Foto: Omar El Mrabt<\/em><\/p>\n<hr \/>\n<p><strong>Lonnan <\/strong><\/p>\n<p>Lonnan \u00e4r en liten \u00f6 som befinner sig mellan Salutorget och Sveaborg. \u00d6n \u00f6ppnades f\u00f6r allm\u00e4nheten sommaren 2014. Den 150-meter l\u00e5nga \u00f6n h\u00f6r till Sveaborgs stadsdel, och d\u00e4r har under historiens g\u00e5ng ocks\u00e5 f\u00f6rhandlats om Sveaborgs \u00f6de. \u00d6n har fungerat som en f\u00f6rvaringsplats f\u00f6r sj\u00f6minor, och senare ocks\u00e5 som en avmagnetiserings station f\u00f6r fartyg. \u00c5r 1999 \u00f6verflyttades styret av Lonnan fr\u00e5n f\u00f6rsvarsmakten till F\u00f6rvaltningsn\u00e4mnden f\u00f6r Sveaborg, och restaureringen f\u00f6r att \u00f6ppna \u00f6n f\u00f6r allm\u00e4nheten p\u00e5b\u00f6rjades.<\/p>\n<p>Numera \u00e4r \u00f6n ett glatt fritidsst\u00e4lle d\u00e4r det verkar en restaurang, ett caf\u00e9e & bar, samt festlokaler som kan hyras ut f\u00f6r privata tillst\u00e4llningar. Trots sin lilla storlek trivs man l\u00e4tt p\u00e5 \u00f6n en l\u00e4ngre tid ocks\u00e5. F\u00f6r \u00f6vrigt finns det ocks\u00e5 en allm\u00e4n traditionell bastu med avsvalkningsterrass p\u00e5 \u00f6n, och ett dopp i havet \u00e4r ocks\u00e5 m\u00f6jligt.<\/p>\n<p>Du kan l\u00e4sa mera om Lonnan p\u00e5 n\u00e4tsidorna:<br \/>\n<a href=\"http:\/\/www.lonna.fi\/en\/\" target=\"_blank\" rel=\"noopener noreferrer\">www.lonna.fi<br \/>\n<\/a><a href=\"https:\/\/www.suomenlinna.fi\/sv\/\" target=\"_blank\" rel=\"noopener noreferrer\">www.suomenlinna.fi\/linnoitus\/alue\/lonna\/<\/a><\/p>\n<p><img loading=\"lazy\" decoding=\"async\" class=\"alignnone size-full wp-image-2702\" src=\"https:\/\/www.jt-line.fi\/sve\/wp-content\/uploads\/sites\/8\/Lonna-Omar-El-Mrabt.png\" alt=\"Foto_Lonnan_Omar El Mrabt\" width=\"800\" height=\"300\" srcset=\"https:\/\/www.jt-line.fi\/sve\/wp-content\/uploads\/sites\/8\/Lonna-Omar-El-Mrabt.png 800w, https:\/\/www.jt-line.fi\/sve\/wp-content\/uploads\/sites\/8\/Lonna-Omar-El-Mrabt-300x113.png 300w, https:\/\/www.jt-line.fi\/sve\/wp-content\/uploads\/sites\/8\/Lonna-Omar-El-Mrabt-768x288.png 768w\" sizes=\"auto, (max-width: 800px) 100vw, 800px\" \/><br \/>\n<em>Foto: Omar El Mrabt<\/em><\/p>\n<p><a href=\"https:\/\/www.visitfinland.com\/sustainable-finland\/sustainable-travel-destinations\/\" target=\"_blank\" rel=\"noopener noreferrer\"><img decoding=\"async\" class=\"alignnone size-medium wp-image-2450\" src=\"https:\/\/www.jt-line.fi\/sve\/wp-content\/uploads\/sites\/8\/STF_web_JT-Line.jpg\" alt=\"Sustainable-Travel-Finland-logo\" width=\"250\" height=\"*\" srcset=\"https:\/\/www.jt-line.fi\/sve\/wp-content\/uploads\/sites\/8\/STF_web_JT-Line.jpg 689w, https:\/\/www.jt-line.fi\/sve\/wp-content\/uploads\/sites\/8\/STF_web_JT-Line-300x103.jpg 300w\" sizes=\"(max-width: 689px) 100vw, 689px\" \/><\/a> \u00a0\u00a0 \u00a0\u00a0<a href=\"https:\/\/ekokompassi.fi\/\" target=\"_blank\" rel=\"noopener noreferrer\"><img decoding=\"async\" class=\"alignnone size-medium wp-image-2449\" src=\"https:\/\/www.jt-line.fi\/sve\/wp-content\/uploads\/sites\/8\/Ekokompassi_web_JT-Line.png\" alt=\"Ekokompassi-logo\" width=\"250\" height=\"*\" srcset=\"https:\/\/www.jt-line.fi\/sve\/wp-content\/uploads\/sites\/8\/Ekokompassi_web_JT-Line.png 697w, https:\/\/www.jt-line.fi\/sve\/wp-content\/uploads\/sites\/8\/Ekokompassi_web_JT-Line-300x102.png 300w\" sizes=\"(max-width: 697px) 100vw, 697px\" \/><\/a><\/p>\n","protected":false},"excerpt":{"rendered":"<p>Sveaborg &#038; Lonnan Foto: 110th Street Productions \/ Helsingin kaupunki JT-Line vattenbussar k\u00f6r denna rutt under sommars\u00e4songen 2021: Salutorget > Lonnan > Sveaborg (Artilleriviken) > Sveaborg (Kungsporten) > Lonnan > Salutorget Sveaborg Direkt utanf\u00f6r Helsingfors ligger sj\u00f6f\u00e4stningen Sveaborg som \u00e4r ett UNESCO v\u00e4rldsarvsobjekt och ett av Finlands mest popul\u00e4ra sev\u00e4rdheter, samt ett av v\u00e4rldens st\u00f6rsta&#8230;<\/p>\n","protected":false},"author":1,"featured_media":0,"parent":0,"menu_order":0,"comment_status":"closed","ping_status":"closed","template":"","meta":{"footnotes":""},"class_list":["post-4","page","type-page","status-publish","hentry"],"yoast_head":"<!-- This site is optimized with the Yoast SEO plugin v27.5 - https:\/\/yoast.com\/product\/yoast-seo-wordpress\/ -->\n<title>Sveaborg och Lonnan \u2013 unika upplevelser f\u00f6r folk av alla \u00e5ldrar<\/title>\n<meta name=\"description\" content=\"P\u00e5 Sveaborg och Lonnan finner du historia, natur, smakupplevelser samt havsliga utsikter f\u00f6r hela familjen antingen guidat eller sj\u00e4lvst\u00e4ndigt.\" \/>\n<meta name=\"robots\" content=\"index, follow, max-snippet:-1, max-image-preview:large, max-video-preview:-1\" \/>\n<link rel=\"canonical\" href=\"https:\/\/www.jt-line.fi\/sve\/suomenlinna-vallisaari-lonna\/\" \/>\n<meta property=\"og:locale\" content=\"sv_SE\" \/>\n<meta property=\"og:type\" content=\"article\" \/>\n<meta property=\"og:title\" content=\"Sveaborg och Lonnan \u2013 unika upplevelser f\u00f6r folk av alla \u00e5ldrar\" \/>\n<meta property=\"og:description\" content=\"P\u00e5 Sveaborg och Lonnan finner du historia, natur, smakupplevelser samt havsliga utsikter f\u00f6r hela familjen antingen guidat eller sj\u00e4lvst\u00e4ndigt.\" \/>\n<meta property=\"og:url\" content=\"https:\/\/www.jt-line.fi\/sve\/suomenlinna-vallisaari-lonna\/\" \/>\n<meta property=\"og:site_name\" content=\"JT-line - Viapori - R\u00f6nnsk\u00e4r - charter kryssningar\" \/>\n<meta property=\"article:modified_time\" content=\"2022-03-23T09:17:20+00:00\" \/>\n<meta property=\"og:image\" content=\"https:\/\/www.jt-line.fi\/sve\/wp-content\/uploads\/sites\/8\/Suomenlinna-110th-Street-Productions-Helsingin-kaupunki.png\" \/>\n<meta name=\"twitter:card\" content=\"summary_large_image\" \/>\n<meta name=\"twitter:label1\" content=\"Ber\u00e4knad l\u00e4stid\" \/>\n\t<meta name=\"twitter:data1\" content=\"3 minuter\" \/>\n<script type=\"application\/ld+json\" class=\"yoast-schema-graph\">{\"@context\":\"https:\\\/\\\/schema.org\",\"@graph\":[{\"@type\":\"WebPage\",\"@id\":\"https:\\\/\\\/www.jt-line.fi\\\/sve\\\/suomenlinna-vallisaari-lonna\\\/\",\"url\":\"https:\\\/\\\/www.jt-line.fi\\\/sve\\\/suomenlinna-vallisaari-lonna\\\/\",\"name\":\"Sveaborg och Lonnan \u2013 unika upplevelser f\u00f6r folk av alla \u00e5ldrar\",\"isPartOf\":{\"@id\":\"https:\\\/\\\/www.jt-line.fi\\\/sve\\\/#website\"},\"primaryImageOfPage\":{\"@id\":\"https:\\\/\\\/www.jt-line.fi\\\/sve\\\/suomenlinna-vallisaari-lonna\\\/#primaryimage\"},\"image\":{\"@id\":\"https:\\\/\\\/www.jt-line.fi\\\/sve\\\/suomenlinna-vallisaari-lonna\\\/#primaryimage\"},\"thumbnailUrl\":\"https:\\\/\\\/www.jt-line.fi\\\/sve\\\/wp-content\\\/uploads\\\/sites\\\/8\\\/Suomenlinna-110th-Street-Productions-Helsingin-kaupunki.png\",\"datePublished\":\"2017-12-09T08:42:29+00:00\",\"dateModified\":\"2022-03-23T09:17:20+00:00\",\"description\":\"P\u00e5 Sveaborg och Lonnan finner du historia, natur, smakupplevelser samt havsliga utsikter f\u00f6r hela familjen antingen guidat eller sj\u00e4lvst\u00e4ndigt.\",\"breadcrumb\":{\"@id\":\"https:\\\/\\\/www.jt-line.fi\\\/sve\\\/suomenlinna-vallisaari-lonna\\\/#breadcrumb\"},\"inLanguage\":\"sv-SE\",\"potentialAction\":[{\"@type\":\"ReadAction\",\"target\":[\"https:\\\/\\\/www.jt-line.fi\\\/sve\\\/suomenlinna-vallisaari-lonna\\\/\"]}]},{\"@type\":\"ImageObject\",\"inLanguage\":\"sv-SE\",\"@id\":\"https:\\\/\\\/www.jt-line.fi\\\/sve\\\/suomenlinna-vallisaari-lonna\\\/#primaryimage\",\"url\":\"https:\\\/\\\/www.jt-line.fi\\\/sve\\\/wp-content\\\/uploads\\\/sites\\\/8\\\/Suomenlinna-110th-Street-Productions-Helsingin-kaupunki.png\",\"contentUrl\":\"https:\\\/\\\/www.jt-line.fi\\\/sve\\\/wp-content\\\/uploads\\\/sites\\\/8\\\/Suomenlinna-110th-Street-Productions-Helsingin-kaupunki.png\",\"width\":800,\"height\":300,\"caption\":\"Foto_Sveaborg_110th Street Productions_ Helsingin kaupunki\"},{\"@type\":\"BreadcrumbList\",\"@id\":\"https:\\\/\\\/www.jt-line.fi\\\/sve\\\/suomenlinna-vallisaari-lonna\\\/#breadcrumb\",\"itemListElement\":[{\"@type\":\"ListItem\",\"position\":1,\"name\":\"Home\",\"item\":\"https:\\\/\\\/www.jt-line.fi\\\/sve\\\/\"},{\"@type\":\"ListItem\",\"position\":2,\"name\":\"Presentation av destinationer\"}]},{\"@type\":\"WebSite\",\"@id\":\"https:\\\/\\\/www.jt-line.fi\\\/sve\\\/#website\",\"url\":\"https:\\\/\\\/www.jt-line.fi\\\/sve\\\/\",\"name\":\"JT-line - Viapori - R\u00f6nnsk\u00e4r - charter kryssningar\",\"description\":\"| vesibussi - risteily - Helsingin saaristo - Suomenlinna - Pihlajasaari - Vallisaari\",\"potentialAction\":[{\"@type\":\"SearchAction\",\"target\":{\"@type\":\"EntryPoint\",\"urlTemplate\":\"https:\\\/\\\/www.jt-line.fi\\\/sve\\\/?s={search_term_string}\"},\"query-input\":{\"@type\":\"PropertyValueSpecification\",\"valueRequired\":true,\"valueName\":\"search_term_string\"}}],\"inLanguage\":\"sv-SE\"}]}<\/script>\n<!-- \/ Yoast SEO plugin. -->","yoast_head_json":{"title":"Sveaborg och Lonnan \u2013 unika upplevelser f\u00f6r folk av alla \u00e5ldrar","description":"P\u00e5 Sveaborg och Lonnan finner du historia, natur, smakupplevelser samt havsliga utsikter f\u00f6r hela familjen antingen guidat eller sj\u00e4lvst\u00e4ndigt.","robots":{"index":"index","follow":"follow","max-snippet":"max-snippet:-1","max-image-preview":"max-image-preview:large","max-video-preview":"max-video-preview:-1"},"canonical":"https:\/\/www.jt-line.fi\/sve\/suomenlinna-vallisaari-lonna\/","og_locale":"sv_SE","og_type":"article","og_title":"Sveaborg och Lonnan \u2013 unika upplevelser f\u00f6r folk av alla \u00e5ldrar","og_description":"P\u00e5 Sveaborg och Lonnan finner du historia, natur, smakupplevelser samt havsliga utsikter f\u00f6r hela familjen antingen guidat eller sj\u00e4lvst\u00e4ndigt.","og_url":"https:\/\/www.jt-line.fi\/sve\/suomenlinna-vallisaari-lonna\/","og_site_name":"JT-line - Viapori - R\u00f6nnsk\u00e4r - charter kryssningar","article_modified_time":"2022-03-23T09:17:20+00:00","og_image":[{"url":"https:\/\/www.jt-line.fi\/sve\/wp-content\/uploads\/sites\/8\/Suomenlinna-110th-Street-Productions-Helsingin-kaupunki.png","type":"","width":"","height":""}],"twitter_card":"summary_large_image","twitter_misc":{"Ber\u00e4knad l\u00e4stid":"3 minuter"},"schema":{"@context":"https:\/\/schema.org","@graph":[{"@type":"WebPage","@id":"https:\/\/www.jt-line.fi\/sve\/suomenlinna-vallisaari-lonna\/","url":"https:\/\/www.jt-line.fi\/sve\/suomenlinna-vallisaari-lonna\/","name":"Sveaborg och Lonnan \u2013 unika upplevelser f\u00f6r folk av alla \u00e5ldrar","isPartOf":{"@id":"https:\/\/www.jt-line.fi\/sve\/#website"},"primaryImageOfPage":{"@id":"https:\/\/www.jt-line.fi\/sve\/suomenlinna-vallisaari-lonna\/#primaryimage"},"image":{"@id":"https:\/\/www.jt-line.fi\/sve\/suomenlinna-vallisaari-lonna\/#primaryimage"},"thumbnailUrl":"https:\/\/www.jt-line.fi\/sve\/wp-content\/uploads\/sites\/8\/Suomenlinna-110th-Street-Productions-Helsingin-kaupunki.png","datePublished":"2017-12-09T08:42:29+00:00","dateModified":"2022-03-23T09:17:20+00:00","description":"P\u00e5 Sveaborg och Lonnan finner du historia, natur, smakupplevelser samt havsliga utsikter f\u00f6r hela familjen antingen guidat eller sj\u00e4lvst\u00e4ndigt.","breadcrumb":{"@id":"https:\/\/www.jt-line.fi\/sve\/suomenlinna-vallisaari-lonna\/#breadcrumb"},"inLanguage":"sv-SE","potentialAction":[{"@type":"ReadAction","target":["https:\/\/www.jt-line.fi\/sve\/suomenlinna-vallisaari-lonna\/"]}]},{"@type":"ImageObject","inLanguage":"sv-SE","@id":"https:\/\/www.jt-line.fi\/sve\/suomenlinna-vallisaari-lonna\/#primaryimage","url":"https:\/\/www.jt-line.fi\/sve\/wp-content\/uploads\/sites\/8\/Suomenlinna-110th-Street-Productions-Helsingin-kaupunki.png","contentUrl":"https:\/\/www.jt-line.fi\/sve\/wp-content\/uploads\/sites\/8\/Suomenlinna-110th-Street-Productions-Helsingin-kaupunki.png","width":800,"height":300,"caption":"Foto_Sveaborg_110th Street Productions_ Helsingin kaupunki"},{"@type":"BreadcrumbList","@id":"https:\/\/www.jt-line.fi\/sve\/suomenlinna-vallisaari-lonna\/#breadcrumb","itemListElement":[{"@type":"ListItem","position":1,"name":"Home","item":"https:\/\/www.jt-line.fi\/sve\/"},{"@type":"ListItem","position":2,"name":"Presentation av destinationer"}]},{"@type":"WebSite","@id":"https:\/\/www.jt-line.fi\/sve\/#website","url":"https:\/\/www.jt-line.fi\/sve\/","name":"JT-line - Viapori - R\u00f6nnsk\u00e4r - charter kryssningar","description":"| vesibussi - risteily - Helsingin saaristo - Suomenlinna - Pihlajasaari - Vallisaari","potentialAction":[{"@type":"SearchAction","target":{"@type":"EntryPoint","urlTemplate":"https:\/\/www.jt-line.fi\/sve\/?s={search_term_string}"},"query-input":{"@type":"PropertyValueSpecification","valueRequired":true,"valueName":"search_term_string"}}],"inLanguage":"sv-SE"}]}},"_links":{"self":[{"href":"https:\/\/www.jt-line.fi\/sve\/wp-json\/wp\/v2\/pages\/4","targetHints":{"allow":["GET"]}}],"collection":[{"href":"https:\/\/www.jt-line.fi\/sve\/wp-json\/wp\/v2\/pages"}],"about":[{"href":"https:\/\/www.jt-line.fi\/sve\/wp-json\/wp\/v2\/types\/page"}],"author":[{"embeddable":true,"href":"https:\/\/www.jt-line.fi\/sve\/wp-json\/wp\/v2\/users\/1"}],"replies":[{"embeddable":true,"href":"https:\/\/www.jt-line.fi\/sve\/wp-json\/wp\/v2\/comments?post=4"}],"version-history":[{"count":0,"href":"https:\/\/www.jt-line.fi\/sve\/wp-json\/wp\/v2\/pages\/4\/revisions"}],"wp:attachment":[{"href":"https:\/\/www.jt-line.fi\/sve\/wp-json\/wp\/v2\/media?parent=4"}],"curies":[{"name":"wp","href":"https:\/\/api.w.org\/{rel}","templated":true}]}}