{"id":411,"date":"2017-12-14T09:17:09","date_gmt":"2017-12-14T07:17:09","guid":{"rendered":"https:\/\/www.jt-line.fi\/sve\/fin\/?page_id=411"},"modified":"2024-05-30T18:10:11","modified_gmt":"2024-05-30T15:10:11","slug":"yritystarina","status":"publish","type":"page","link":"https:\/\/www.jt-line.fi\/sve\/ota-yhteytta\/yritystarina\/","title":{"rendered":"F\u00f6retagsber\u00e4ttelse och v\u00e5ra v\u00e4rden"},"content":{"rendered":"<h1>Om f\u00f6retaget<\/h1>\n<p><img decoding=\"async\" class=\"alignnone size-medium wp-image-937\" src=\"https:\/\/www.jt-line.fi\/sve\/wp-content\/uploads\/sites\/8\/Juha.jpg\" alt=\"\" width=\"600\" height=\"*\" srcset=\"https:\/\/www.jt-line.fi\/sve\/wp-content\/uploads\/sites\/8\/Juha.jpg 1181w, https:\/\/www.jt-line.fi\/sve\/wp-content\/uploads\/sites\/8\/Juha-300x150.jpg 300w, https:\/\/www.jt-line.fi\/sve\/wp-content\/uploads\/sites\/8\/Juha-768x384.jpg 768w, https:\/\/www.jt-line.fi\/sve\/wp-content\/uploads\/sites\/8\/Juha-800x400.jpg 800w\" sizes=\"(max-width: 1181px) 100vw, 1181px\" \/><\/p>\n<p>\u00c5r 1993 hade Juha Tiilikainen ett m\u00e5l d\u00e5 han k\u00f6pte sin f\u00f6rsta vattenbuss av tr\u00e4, M\/s Monica. M\u00e5let var att erbjuda of\u00f6rgl\u00f6mliga, unika, och professionellt genomf\u00f6rda upplevelser p\u00e5 havet.<br \/>\nEnligt detta m\u00e5l har vi framg\u00e5ngsrikt verkat redan i snart 30 \u00e5r.<\/p>\n<p>Vi \u00e4r ett vattenbussrederi fr\u00e5n Helsingfors, som \u00e4ger sammanlagt 9 olika vattenbussar. Fartygen varierar fr\u00e5n mindre, mysiga vattenbussar av tr\u00e4, till st\u00f6rre vattenbussar av j\u00e4rn. F\u00f6retaget \u00e4gs fortfarande av grundaren Juha Tiilikainen. V\u00e5r mission \u00e4r att g\u00f6ra Helsingfors sk\u00e4rg\u00e5rd tillg\u00e4nglig f\u00f6r alla, med beaktande av milj\u00f6n.<\/p>\n<p><strong>V\u00c4RDEN<\/strong><\/p>\n<p><strong>Yrkeskunnig personal, varmt arbetsklimat, och trygghet p\u00e5 vattnet.<\/strong><br \/>\nP\u00e5 JT-Line jobbar vi som ett team, vilket \u00e4r speciellt viktigt ute p\u00e5 havet, och v\u00e5ra arbetare har ocks\u00e5 blivit en del av v\u00e5r stora JT-Line familj. Till f\u00f6retagets styrka h\u00f6r v\u00e5r yrkeskunniga personal, som ut\u00f6var gott sj\u00f6manskap samt s\u00e4krar tryggheten ombord p\u00e5 v\u00e5ra fartyg. V\u00e5r v\u00e4nliga personal betj\u00e4nar dig \u00e5tminstone p\u00e5 finska och engelska, ofta ocks\u00e5 p\u00e5 svenska, och m\u00f6jligtvis p\u00e5 andra spr\u00e5k ocks\u00e5, beroende p\u00e5 vem som \u00e4r i turen.<\/p>\n<p><strong>Tolerans och j\u00e4mst\u00e4lldhet, samt en h\u00f6gklassig och framg\u00e5ngsrik verksamhet.<\/strong><br \/>\nF\u00f6r oss \u00e4r alla kunder lika v\u00e4rda, oberoende av religion, utseende, sexuell l\u00e4ggning, eller politiska \u00e5sikter. Vi vill att folk skall kunna slappna av ombord v\u00e5ra b\u00e5tar, och forts\u00e4tta resan med ett gott hum\u00f6r. Vi tror ocks\u00e5 att vi genom v\u00e5r h\u00f6gklassiga verksamhet m\u00f6jligg\u00f6r en l\u00e5ngsiktig utveckling av verksamheten f\u00f6r en mer h\u00e5llbar framtid.<\/p>\n<p><strong>Verksamhet som beaktar milj\u00f6n.<\/strong><br \/>\nTill v\u00e5ra centrala v\u00e4rden h\u00f6r att ta milj\u00f6n i beaktande i allt det vi g\u00f6r. V\u00e5rt f\u00f6retag har blivit tilldelad Ekokompass -milj\u00f6sertifikatet i september 2020, samt Sustainable Travel Finland -m\u00e4rket i mars 2021. Vi g\u00f6r v\u00e5r andel s\u00e5 att vi har m\u00f6jlighet att i forts\u00e4ttningen ocks\u00e5 erbjuda of\u00f6rgl\u00f6mliga, unika, och professionellt genomf\u00f6rda upplevelser p\u00e5 havet.<\/p>\n<p><strong>JT-Line har blivit tilldelad Sustainable Travel Finland \u2013m\u00e4rket i mars 2021 som bevis av f\u00f6retagets v\u00e4rdefulla och l\u00e5ngvariga arbete f\u00f6r h\u00e5llbart resande.<\/strong><\/p>\n<hr \/>\n<p><a href=\"https:\/\/www.visitfinland.com\/sustainable-finland\/sustainable-travel-destinations\/\" target=\"_blank\" rel=\"noopener noreferrer\"><img decoding=\"async\" class=\"alignnone size-medium wp-image-2450\" src=\"https:\/\/www.jt-line.fi\/wp-content\/uploads\/STF_web_JT-Line.jpg\" alt=\"Sustainable-Travel-Finland-logo\" width=\"230\" height=\"*\" srcset=\"https:\/\/www.jt-line.fi\/sve\/wp-content\/uploads\/sites\/8\/STF_web_JT-Line.jpg 689w, https:\/\/www.jt-line.fi\/sve\/wp-content\/uploads\/sites\/8\/STF_web_JT-Line-300x103.jpg 300w\" sizes=\"(max-width: 689px) 100vw, 689px\" \/><\/a>\u00a0 \u00a0 <a href=\"https:\/\/ekokompassi.fi\/briefly-in-english\/\" target=\"_blank\" rel=\"noopener noreferrer\"><img decoding=\"async\" class=\"alignnone size-medium wp-image-1600\" src=\"https:\/\/www.jt-line.fi\/eng\/wp-content\/uploads\/sites\/4\/Ekokompassi_web_JT-Line_en.png\" alt=\"Eco-Compass-logo\" width=\"250\" height=\"*\" \/><\/a>\u00a0 \u00a0 <img decoding=\"async\" class=\"alignnone size-full wp-image-4029\" src=\"https:\/\/www.jt-line.fi\/wp-content\/uploads\/POWERED-BY-JT-LINE.png\" alt=\"\" width=\"200\" height=\"*\" \/>\u00a0 <a href=\"https:\/\/www.wespeakgay.com\/sateenkaarimatkailu\" target=\"_blank\" rel=\"noopener\"><img loading=\"lazy\" decoding=\"async\" class=\"alignnone size-full wp-image-3996\" src=\"https:\/\/www.jt-line.fi\/wp-content\/uploads\/we_speak_gay_black.jpg\" alt=\"\" width=\"90\" height=\"90\" \/><\/a><\/p>\n","protected":false},"excerpt":{"rendered":"<p>Om f\u00f6retaget \u00c5r 1993 hade Juha Tiilikainen ett m\u00e5l d\u00e5 han k\u00f6pte sin f\u00f6rsta vattenbuss av tr\u00e4, M\/s Monica. M\u00e5let var att erbjuda of\u00f6rgl\u00f6mliga, unika, och professionellt genomf\u00f6rda upplevelser p\u00e5 havet. Enligt detta m\u00e5l har vi framg\u00e5ngsrikt verkat redan i snart 30 \u00e5r. Vi \u00e4r ett vattenbussrederi fr\u00e5n Helsingfors, som \u00e4ger sammanlagt 9 olika vattenbussar&#8230;.<\/p>\n","protected":false},"author":1,"featured_media":0,"parent":415,"menu_order":2,"comment_status":"closed","ping_status":"closed","template":"","meta":{"footnotes":""},"class_list":["post-411","page","type-page","status-publish","hentry"],"yoast_head":"<!-- This site is optimized with the Yoast SEO plugin v27.4 - https:\/\/yoast.com\/product\/yoast-seo-wordpress\/ -->\n<title>JT-Lines f\u00f6retagsber\u00e4ttelse och v\u00e5ra v\u00e4rden<\/title>\n<meta name=\"description\" content=\"Familjebolaget JT-Lines f\u00f6retagsber\u00e4ttelse och v\u00e4rden, kunnande i kryssningar och transporter i Helsingfors och \u00f6vriga Huvudstadsregionens sk\u00e4rg\u00e5rd.\" \/>\n<meta name=\"robots\" content=\"index, follow, max-snippet:-1, max-image-preview:large, max-video-preview:-1\" \/>\n<link rel=\"canonical\" href=\"https:\/\/www.jt-line.fi\/sve\/ota-yhteytta\/yritystarina\/\" \/>\n<meta property=\"og:locale\" content=\"sv_SE\" \/>\n<meta property=\"og:type\" content=\"article\" \/>\n<meta property=\"og:title\" content=\"JT-Lines f\u00f6retagsber\u00e4ttelse och v\u00e5ra v\u00e4rden\" \/>\n<meta property=\"og:description\" content=\"Familjebolaget JT-Lines f\u00f6retagsber\u00e4ttelse och v\u00e4rden, kunnande i kryssningar och transporter i Helsingfors och \u00f6vriga Huvudstadsregionens sk\u00e4rg\u00e5rd.\" \/>\n<meta property=\"og:url\" content=\"https:\/\/www.jt-line.fi\/sve\/ota-yhteytta\/yritystarina\/\" \/>\n<meta property=\"og:site_name\" content=\"JT-line - Viapori - R\u00f6nnsk\u00e4r - charter kryssningar\" \/>\n<meta property=\"article:modified_time\" content=\"2024-05-30T15:10:11+00:00\" \/>\n<meta property=\"og:image\" content=\"https:\/\/www.jt-line.fi\/sve\/wp-content\/uploads\/sites\/8\/Juha.jpg\" \/>\n<meta name=\"twitter:card\" content=\"summary_large_image\" \/>\n<meta name=\"twitter:label1\" content=\"Ber\u00e4knad l\u00e4stid\" \/>\n\t<meta name=\"twitter:data1\" content=\"3 minuter\" \/>\n<script type=\"application\/ld+json\" class=\"yoast-schema-graph\">{\"@context\":\"https:\\\/\\\/schema.org\",\"@graph\":[{\"@type\":\"WebPage\",\"@id\":\"https:\\\/\\\/www.jt-line.fi\\\/sve\\\/ota-yhteytta\\\/yritystarina\\\/\",\"url\":\"https:\\\/\\\/www.jt-line.fi\\\/sve\\\/ota-yhteytta\\\/yritystarina\\\/\",\"name\":\"JT-Lines f\u00f6retagsber\u00e4ttelse och v\u00e5ra v\u00e4rden\",\"isPartOf\":{\"@id\":\"https:\\\/\\\/www.jt-line.fi\\\/sve\\\/#website\"},\"primaryImageOfPage\":{\"@id\":\"https:\\\/\\\/www.jt-line.fi\\\/sve\\\/ota-yhteytta\\\/yritystarina\\\/#primaryimage\"},\"image\":{\"@id\":\"https:\\\/\\\/www.jt-line.fi\\\/sve\\\/ota-yhteytta\\\/yritystarina\\\/#primaryimage\"},\"thumbnailUrl\":\"https:\\\/\\\/www.jt-line.fi\\\/sve\\\/wp-content\\\/uploads\\\/sites\\\/8\\\/Juha.jpg\",\"datePublished\":\"2017-12-14T07:17:09+00:00\",\"dateModified\":\"2024-05-30T15:10:11+00:00\",\"description\":\"Familjebolaget JT-Lines f\u00f6retagsber\u00e4ttelse och v\u00e4rden, kunnande i kryssningar och transporter i Helsingfors och \u00f6vriga Huvudstadsregionens sk\u00e4rg\u00e5rd.\",\"breadcrumb\":{\"@id\":\"https:\\\/\\\/www.jt-line.fi\\\/sve\\\/ota-yhteytta\\\/yritystarina\\\/#breadcrumb\"},\"inLanguage\":\"sv-SE\",\"potentialAction\":[{\"@type\":\"ReadAction\",\"target\":[\"https:\\\/\\\/www.jt-line.fi\\\/sve\\\/ota-yhteytta\\\/yritystarina\\\/\"]}]},{\"@type\":\"ImageObject\",\"inLanguage\":\"sv-SE\",\"@id\":\"https:\\\/\\\/www.jt-line.fi\\\/sve\\\/ota-yhteytta\\\/yritystarina\\\/#primaryimage\",\"url\":\"https:\\\/\\\/www.jt-line.fi\\\/sve\\\/wp-content\\\/uploads\\\/sites\\\/8\\\/Juha.jpg\",\"contentUrl\":\"https:\\\/\\\/www.jt-line.fi\\\/sve\\\/wp-content\\\/uploads\\\/sites\\\/8\\\/Juha.jpg\",\"width\":1181,\"height\":591,\"caption\":\"JT-Line Oy:n toimitusjohtaja Juha Tiilikainen\"},{\"@type\":\"BreadcrumbList\",\"@id\":\"https:\\\/\\\/www.jt-line.fi\\\/sve\\\/ota-yhteytta\\\/yritystarina\\\/#breadcrumb\",\"itemListElement\":[{\"@type\":\"ListItem\",\"position\":1,\"name\":\"Home\",\"item\":\"https:\\\/\\\/www.jt-line.fi\\\/sve\\\/\"},{\"@type\":\"ListItem\",\"position\":2,\"name\":\"Kontaktinformation\",\"item\":\"https:\\\/\\\/www.jt-line.fi\\\/sve\\\/ota-yhteytta\\\/\"},{\"@type\":\"ListItem\",\"position\":3,\"name\":\"F\u00f6retagsber\u00e4ttelse och v\u00e5ra v\u00e4rden\"}]},{\"@type\":\"WebSite\",\"@id\":\"https:\\\/\\\/www.jt-line.fi\\\/sve\\\/#website\",\"url\":\"https:\\\/\\\/www.jt-line.fi\\\/sve\\\/\",\"name\":\"JT-line - Viapori - R\u00f6nnsk\u00e4r - charter kryssningar\",\"description\":\"| vesibussi - risteily - Helsingin saaristo - Suomenlinna - Pihlajasaari - Vallisaari\",\"potentialAction\":[{\"@type\":\"SearchAction\",\"target\":{\"@type\":\"EntryPoint\",\"urlTemplate\":\"https:\\\/\\\/www.jt-line.fi\\\/sve\\\/?s={search_term_string}\"},\"query-input\":{\"@type\":\"PropertyValueSpecification\",\"valueRequired\":true,\"valueName\":\"search_term_string\"}}],\"inLanguage\":\"sv-SE\"}]}<\/script>\n<!-- \/ Yoast SEO plugin. -->","yoast_head_json":{"title":"JT-Lines f\u00f6retagsber\u00e4ttelse och v\u00e5ra v\u00e4rden","description":"Familjebolaget JT-Lines f\u00f6retagsber\u00e4ttelse och v\u00e4rden, kunnande i kryssningar och transporter i Helsingfors och \u00f6vriga Huvudstadsregionens sk\u00e4rg\u00e5rd.","robots":{"index":"index","follow":"follow","max-snippet":"max-snippet:-1","max-image-preview":"max-image-preview:large","max-video-preview":"max-video-preview:-1"},"canonical":"https:\/\/www.jt-line.fi\/sve\/ota-yhteytta\/yritystarina\/","og_locale":"sv_SE","og_type":"article","og_title":"JT-Lines f\u00f6retagsber\u00e4ttelse och v\u00e5ra v\u00e4rden","og_description":"Familjebolaget JT-Lines f\u00f6retagsber\u00e4ttelse och v\u00e4rden, kunnande i kryssningar och transporter i Helsingfors och \u00f6vriga Huvudstadsregionens sk\u00e4rg\u00e5rd.","og_url":"https:\/\/www.jt-line.fi\/sve\/ota-yhteytta\/yritystarina\/","og_site_name":"JT-line - Viapori - R\u00f6nnsk\u00e4r - charter kryssningar","article_modified_time":"2024-05-30T15:10:11+00:00","og_image":[{"url":"https:\/\/www.jt-line.fi\/sve\/wp-content\/uploads\/sites\/8\/Juha.jpg","type":"","width":"","height":""}],"twitter_card":"summary_large_image","twitter_misc":{"Ber\u00e4knad l\u00e4stid":"3 minuter"},"schema":{"@context":"https:\/\/schema.org","@graph":[{"@type":"WebPage","@id":"https:\/\/www.jt-line.fi\/sve\/ota-yhteytta\/yritystarina\/","url":"https:\/\/www.jt-line.fi\/sve\/ota-yhteytta\/yritystarina\/","name":"JT-Lines f\u00f6retagsber\u00e4ttelse och v\u00e5ra v\u00e4rden","isPartOf":{"@id":"https:\/\/www.jt-line.fi\/sve\/#website"},"primaryImageOfPage":{"@id":"https:\/\/www.jt-line.fi\/sve\/ota-yhteytta\/yritystarina\/#primaryimage"},"image":{"@id":"https:\/\/www.jt-line.fi\/sve\/ota-yhteytta\/yritystarina\/#primaryimage"},"thumbnailUrl":"https:\/\/www.jt-line.fi\/sve\/wp-content\/uploads\/sites\/8\/Juha.jpg","datePublished":"2017-12-14T07:17:09+00:00","dateModified":"2024-05-30T15:10:11+00:00","description":"Familjebolaget JT-Lines f\u00f6retagsber\u00e4ttelse och v\u00e4rden, kunnande i kryssningar och transporter i Helsingfors och \u00f6vriga Huvudstadsregionens sk\u00e4rg\u00e5rd.","breadcrumb":{"@id":"https:\/\/www.jt-line.fi\/sve\/ota-yhteytta\/yritystarina\/#breadcrumb"},"inLanguage":"sv-SE","potentialAction":[{"@type":"ReadAction","target":["https:\/\/www.jt-line.fi\/sve\/ota-yhteytta\/yritystarina\/"]}]},{"@type":"ImageObject","inLanguage":"sv-SE","@id":"https:\/\/www.jt-line.fi\/sve\/ota-yhteytta\/yritystarina\/#primaryimage","url":"https:\/\/www.jt-line.fi\/sve\/wp-content\/uploads\/sites\/8\/Juha.jpg","contentUrl":"https:\/\/www.jt-line.fi\/sve\/wp-content\/uploads\/sites\/8\/Juha.jpg","width":1181,"height":591,"caption":"JT-Line Oy:n toimitusjohtaja Juha Tiilikainen"},{"@type":"BreadcrumbList","@id":"https:\/\/www.jt-line.fi\/sve\/ota-yhteytta\/yritystarina\/#breadcrumb","itemListElement":[{"@type":"ListItem","position":1,"name":"Home","item":"https:\/\/www.jt-line.fi\/sve\/"},{"@type":"ListItem","position":2,"name":"Kontaktinformation","item":"https:\/\/www.jt-line.fi\/sve\/ota-yhteytta\/"},{"@type":"ListItem","position":3,"name":"F\u00f6retagsber\u00e4ttelse och v\u00e5ra v\u00e4rden"}]},{"@type":"WebSite","@id":"https:\/\/www.jt-line.fi\/sve\/#website","url":"https:\/\/www.jt-line.fi\/sve\/","name":"JT-line - Viapori - R\u00f6nnsk\u00e4r - charter kryssningar","description":"| vesibussi - risteily - Helsingin saaristo - Suomenlinna - Pihlajasaari - Vallisaari","potentialAction":[{"@type":"SearchAction","target":{"@type":"EntryPoint","urlTemplate":"https:\/\/www.jt-line.fi\/sve\/?s={search_term_string}"},"query-input":{"@type":"PropertyValueSpecification","valueRequired":true,"valueName":"search_term_string"}}],"inLanguage":"sv-SE"}]}},"_links":{"self":[{"href":"https:\/\/www.jt-line.fi\/sve\/wp-json\/wp\/v2\/pages\/411","targetHints":{"allow":["GET"]}}],"collection":[{"href":"https:\/\/www.jt-line.fi\/sve\/wp-json\/wp\/v2\/pages"}],"about":[{"href":"https:\/\/www.jt-line.fi\/sve\/wp-json\/wp\/v2\/types\/page"}],"author":[{"embeddable":true,"href":"https:\/\/www.jt-line.fi\/sve\/wp-json\/wp\/v2\/users\/1"}],"replies":[{"embeddable":true,"href":"https:\/\/www.jt-line.fi\/sve\/wp-json\/wp\/v2\/comments?post=411"}],"version-history":[{"count":33,"href":"https:\/\/www.jt-line.fi\/sve\/wp-json\/wp\/v2\/pages\/411\/revisions"}],"predecessor-version":[{"id":2782,"href":"https:\/\/www.jt-line.fi\/sve\/wp-json\/wp\/v2\/pages\/411\/revisions\/2782"}],"up":[{"embeddable":true,"href":"https:\/\/www.jt-line.fi\/sve\/wp-json\/wp\/v2\/pages\/415"}],"wp:attachment":[{"href":"https:\/\/www.jt-line.fi\/sve\/wp-json\/wp\/v2\/media?parent=411"}],"curies":[{"name":"wp","href":"https:\/\/api.w.org\/{rel}","templated":true}]}}